{"id":1381,"date":"2020-12-10T16:11:27","date_gmt":"2020-12-10T16:11:27","guid":{"rendered":"https:\/\/moretpackaging.com\/burgering\/index\/"},"modified":"2021-02-16T08:11:44","modified_gmt":"2021-02-16T08:11:44","slug":"index","status":"publish","type":"page","link":"https:\/\/moretpackaging.com\/burgering\/fr\/","title":{"rendered":"Home"},"content":{"rendered":"<div id='layer_slider_1'  class='avia-layerslider main_color avia-shadow  avia-builder-el-0  el_before_av_one_full  avia-builder-el-first  container_wrap sidebar_right' style='  height: 501px;' ><\/div><div id='after_layer_slider_1'  class='main_color av_default_container_wrap container_wrap sidebar_right' style=' '  ><div class='container' ><div class='template-page content  av-content-small alpha units'><div class='post-entry post-entry-type-page post-entry-1381'><div class='entry-content-wrapper clearfix'>\n<div class='flex_column_table av-equal-height-column-flextable -flextable' style='margin-top:5px; margin-bottom:10px; '><div class=\"flex_column av_one_full  av-animated-generic bottom-to-top  flex_column_table_cell av-equal-height-column av-align-top av-zero-column-padding first  avia-builder-el-1  el_after_av_layerslider  el_before_av_one_third  avia-builder-el-first  border-top \" style='border-radius:0px; '><p><div  style='padding-bottom:0px; margin:0px 0px 0px 0px; color:#000000;' class='av-special-heading av-special-heading-h1 custom-color-heading blockquote modern-quote modern-centered  avia-builder-el-2  el_before_av_hr  avia-builder-el-first  titular '><h1 class='av-special-heading-tag '  itemprop=\"headline\"  >Papier et cellophane pour steaks hach\u00e9s pour les distributeurs de Moret Packaging<\/h1><div class='special-heading-border'><div class='special-heading-inner-border' style='border-color:#000000'><\/div><\/div><\/div><br \/>\n<div  style=' margin-top:2px; margin-bottom:2px;'  class='hr hr-custom hr-center hr-icon-no   avia-builder-el-3  el_after_av_heading  el_before_av_textblock '><span class='hr-inner  inner-border-av-border-thin' style=' width:50px; border-color:#333333;' ><span class='hr-inner-style'><\/span><\/span><\/div><br \/>\n<section class=\"av_textblock_section \"  itemscope=\"itemscope\" itemtype=\"https:\/\/schema.org\/CreativeWork\" ><div class='avia_textblock titular-destacado '   itemprop=\"text\" ><h2 style=\"text-align: center;\">Papier et cellophane pour steaks hach\u00e9s destin\u00e9s \u00e0 \u00eatre distribu\u00e9s aux bouchers, aux supermarch\u00e9s, aux petites et moyennes industries. Pour les machines manuelles et semi-automatiques. Formeuses de steaks hach\u00e9s manuelles en acier inoxydable.<\/h2>\n<\/div><\/section><\/p><\/div><\/div><!--close column table wrapper. Autoclose: 1 -->\n<div class='flex_column_table av-equal-height-column-flextable -flextable' style='margin-top:20px; margin-bottom:20px; '><div class=\"flex_column av_one_third  flex_column_table_cell av-equal-height-column av-align-top avia-link-column av-column-link avia-link-column-hover first  avia-builder-el-5  el_after_av_one_full  el_before_av_one_third  coliconhome column-top-margin\" style='padding:5px 0px 0px 0px ; border-radius:0px; ' data-link-column-url=\"http:\/\/#\" ><a class=\"av-screen-reader-only\" href=http:\/\/# >Suivre un lien ajout\u00e9 manuellement<\/a><p><div  id=\"play-home-video\"  class='avia-image-container  av-styling-circle    avia-builder-el-6  el_before_av_heading  avia-builder-el-first  video-play-button avia-align-center '  itemprop=\"image\" itemscope=\"itemscope\" itemtype=\"https:\/\/schema.org\/ImageObject\"  ><div class='avia-image-container-inner'><div class='avia-image-overlay-wrap'><a href='https:\/\/moretpackaging.com\/burgering\/tacos-celofan-hamburguesas\/' class='avia_image'  ><img width=\"100\" height=\"100\" class='wp-image-861 avia-img-lazy-loading-not-861 avia_image' src=\"https:\/\/moretpackaging.com\/burgering\/wp-content\/uploads\/2020\/12\/icon-home-1.jpg\" alt='Tacos de celof\u00e1n para hamburguesas' title='Tacos de celof\u00e1n para hamburguesas'  itemprop=\"thumbnailUrl\" srcset=\"https:\/\/moretpackaging.com\/burgering\/wp-content\/uploads\/2020\/12\/icon-home-1.jpg 100w, https:\/\/moretpackaging.com\/burgering\/wp-content\/uploads\/2020\/12\/icon-home-1-80x80.jpg 80w, https:\/\/moretpackaging.com\/burgering\/wp-content\/uploads\/2020\/12\/icon-home-1-36x36.jpg 36w\" sizes=\"(max-width: 100px) 100vw, 100px\" \/><\/a><\/div><\/div><\/div><br \/>\n<div  style='padding-bottom:1px; margin-top:20px; font-size:18px;' class='av-special-heading av-special-heading-h3  blockquote modern-quote modern-centered  avia-builder-el-7  el_after_av_image  el_before_av_textblock  subtitulo av-inherit-size av-linked-heading '><h3 class='av-special-heading-tag  av-medium-font-size-overwrite av-medium-font-size-20 av-small-font-size-overwrite av-small-font-size-20 av-mini-font-size-overwrite av-mini-font-size-20'  itemprop=\"headline\"  ><a href=\"https:\/\/moretpackaging.com\/burgering\/fr\/avis-juridique\/\">Papier cellophane pour steaks hach\u00e9s <\/a><\/h3><div class='special-heading-border'><div class='special-heading-inner-border' ><\/div><\/div><\/div><br \/>\n<section class=\"av_textblock_section \"  itemscope=\"itemscope\" itemtype=\"https:\/\/schema.org\/CreativeWork\" ><div class='avia_textblock  av_inherit_color '  style='font-size:14px; '  itemprop=\"text\" ><p style=\"text-align: center;\">Papier cellophane de haute qualit\u00e9 pour les steaks hach\u00e9s, existe dans diff\u00e9rents formats et tailles. Certifi\u00e9 BRC\/IoP, une des certifications les plus exigeantes au monde.<\/p>\n<\/div><\/section><\/p><\/div>\n<div class='av-flex-placeholder'><\/div><div class=\"flex_column av_one_third  flex_column_table_cell av-equal-height-column av-align-top avia-link-column av-column-link avia-link-column-hover   avia-builder-el-9  el_after_av_one_third  el_before_av_one_third  coliconhome column-top-margin\" style='padding:5px 0px 0px 0px ; border-radius:0px; ' data-link-column-url=\"http:\/\/#\" ><a class=\"av-screen-reader-only\" href=http:\/\/# >Suivre un lien ajout\u00e9 manuellement<\/a><p><div  id=\"play-home-video\"  class='avia-image-container  av-styling-circle    avia-builder-el-10  el_before_av_heading  avia-builder-el-first  video-play-button avia-align-center '  itemprop=\"image\" itemscope=\"itemscope\" itemtype=\"https:\/\/schema.org\/ImageObject\"  ><div class='avia-image-container-inner'><div class='avia-image-overlay-wrap'><a href='https:\/\/moretpackaging.com\/burgering\/maquina-formadora-hamburguesas\/' class='avia_image'  ><img width=\"100\" height=\"100\" class='wp-image-866 avia-img-lazy-loading-not-866 avia_image' src=\"https:\/\/moretpackaging.com\/burgering\/wp-content\/uploads\/2020\/12\/icon-home-2.jpg\" alt='Formadoras de hamburguesas' title='Formadoras de hamburguesas'  itemprop=\"thumbnailUrl\" srcset=\"https:\/\/moretpackaging.com\/burgering\/wp-content\/uploads\/2020\/12\/icon-home-2.jpg 100w, https:\/\/moretpackaging.com\/burgering\/wp-content\/uploads\/2020\/12\/icon-home-2-80x80.jpg 80w, https:\/\/moretpackaging.com\/burgering\/wp-content\/uploads\/2020\/12\/icon-home-2-36x36.jpg 36w\" sizes=\"(max-width: 100px) 100vw, 100px\" \/><\/a><\/div><\/div><\/div><br \/>\n<div  style='padding-bottom:1px; margin-top:20px; font-size:18px;' class='av-special-heading av-special-heading-h3  blockquote modern-quote modern-centered  avia-builder-el-11  el_after_av_image  el_before_av_textblock  subtitulo av-inherit-size av-linked-heading '><h3 class='av-special-heading-tag  av-medium-font-size-overwrite av-medium-font-size-20 av-small-font-size-overwrite av-small-font-size-20 av-mini-font-size-overwrite av-mini-font-size-20'  itemprop=\"headline\"  ><a href=\"https:\/\/moretpackaging.com\/burgering\/fr\/avis-juridique\/\">Formeuses de steaks hach\u00e9s<\/a><\/h3><div class='special-heading-border'><div class='special-heading-inner-border' ><\/div><\/div><\/div><br \/>\n<section class=\"av_textblock_section \"  itemscope=\"itemscope\" itemtype=\"https:\/\/schema.org\/CreativeWork\" ><div class='avia_textblock  av_inherit_color '  style='font-size:14px; '  itemprop=\"text\" ><p style=\"text-align: center;\">La machine \u00e0 former les steaks hach\u00e9s la plus simple et la plus efficace du march\u00e9. Enti\u00e8rement fabriqu\u00e9e en acier inoxydable.<\/p>\n<\/div><\/section><\/p><\/div>\n<div class='av-flex-placeholder'><\/div><div class=\"flex_column av_one_third  flex_column_table_cell av-equal-height-column av-align-top avia-link-column av-column-link avia-link-column-hover   avia-builder-el-13  el_after_av_one_third  el_before_av_section  avia-builder-el-last  coliconhome column-top-margin\" style='padding:5px 0px 0px 0px ; border-radius:0px; ' data-link-column-url=\"http:\/\/#\" ><a class=\"av-screen-reader-only\" href=http:\/\/# >Suivre un lien ajout\u00e9 manuellement<\/a><p><div  id=\"play-home-video\"  class='avia-image-container  av-styling-circle    avia-builder-el-14  el_before_av_heading  avia-builder-el-first  video-play-button avia-align-center '  itemprop=\"image\" itemscope=\"itemscope\" itemtype=\"https:\/\/schema.org\/ImageObject\"  ><div class='avia-image-container-inner'><div class='avia-image-overlay-wrap'><a href='https:\/\/moretpackaging.com\/burgering\/papel-uso-industrial-para-hornos\/' class='avia_image'  ><img width=\"100\" height=\"100\" class='wp-image-871 avia-img-lazy-loading-not-871 avia_image' src=\"https:\/\/moretpackaging.com\/burgering\/wp-content\/uploads\/2020\/12\/icon-home-3.jpg\" alt='Papel para Hornos' title='Papel para Hornos'  itemprop=\"thumbnailUrl\" srcset=\"https:\/\/moretpackaging.com\/burgering\/wp-content\/uploads\/2020\/12\/icon-home-3.jpg 100w, https:\/\/moretpackaging.com\/burgering\/wp-content\/uploads\/2020\/12\/icon-home-3-80x80.jpg 80w, https:\/\/moretpackaging.com\/burgering\/wp-content\/uploads\/2020\/12\/icon-home-3-36x36.jpg 36w\" sizes=\"(max-width: 100px) 100vw, 100px\" \/><\/a><\/div><\/div><\/div><br \/>\n<div  style='padding-bottom:1px; margin-top:20px; font-size:18px;' class='av-special-heading av-special-heading-h3  blockquote modern-quote modern-centered  avia-builder-el-15  el_after_av_image  el_before_av_textblock  subtitulo av-inherit-size av-linked-heading '><h3 class='av-special-heading-tag  av-medium-font-size-overwrite av-medium-font-size-20 av-small-font-size-overwrite av-small-font-size-20 av-mini-font-size-overwrite av-mini-font-size-20'  itemprop=\"headline\"  ><a href=\"https:\/\/moretpackaging.com\/burgering\/fr\/papier-sulfurise-a-usage-industriel\/\">Papier sulfuris\u00e9<\/a><\/h3><div class='special-heading-border'><div class='special-heading-inner-border' ><\/div><\/div><\/div><br \/>\n<section class=\"av_textblock_section \"  itemscope=\"itemscope\" itemtype=\"https:\/\/schema.org\/CreativeWork\" ><div class='avia_textblock  av_inherit_color '  style='font-size:14px; '  itemprop=\"text\" ><p style=\"text-align: center;\">Il se distingue par sa r\u00e9sistance aux temp\u00e9ratures \u00e9lev\u00e9es et \u00e0 la graisse, et par sa polyvalence.<\/p>\n<\/div><\/section><\/p><\/div><\/div><!--close column table wrapper. Autoclose: 1 -->\n<\/div><\/div><\/div><!-- close content main div --><\/div><\/div><div id='av_section_1'  class='avia-section main_color avia-section-no-padding avia-no-border-styling  avia-full-stretch av-parallax-section avia-bg-style-parallax  avia-builder-el-17  el_after_av_one_third  el_before_av_section  imagenfooter  av-minimum-height av-minimum-height-30  container_wrap sidebar_right' style='background-color: #f9f9f9;  '  data-section-bg-repeat='stretch' data-av_minimum_height_pc='30'><div class='av-parallax' data-avia-parallax-ratio='0.3' ><div class='av-parallax-inner main_color  avia-full-stretch' style = 'background-color: #f9f9f9; background-repeat: no-repeat; background-image: url(https:\/\/moretpackaging.com\/burgering\/wp-content\/uploads\/2020\/12\/pie-pagina-2.jpg);background-attachment: scroll; background-position: center center; ' ><\/div><\/div><div class='container' ><div class='template-page content  av-content-small alpha units'><div class='post-entry post-entry-type-page post-entry-1381'><div class='entry-content-wrapper clearfix'>\n<\/div><\/div><\/div><!-- close content main div --><\/div><\/div><div id='av_section_2'  class='avia-section main_color avia-section-default avia-no-border-styling  avia-bg-style-parallax  avia-builder-el-18  el_after_av_section  avia-builder-el-last   container_wrap sidebar_right' style='background-color: #f9f9f9;  '  ><div class='container' ><div class='template-page content  av-content-small alpha units'><div class='post-entry post-entry-type-page post-entry-1381'><div class='entry-content-wrapper clearfix'>\n<div class=\"flex_column av_one_full  flex_column_div av-zero-column-padding first  avia-builder-el-19  avia-builder-el-no-sibling  \" style='margin-top:20px; margin-bottom:20px; border-radius:0px; '><p><div  style='padding-bottom:10px; color:#333333;' class='av-special-heading av-special-heading-h2 custom-color-heading blockquote modern-quote modern-centered  avia-builder-el-20  el_before_av_tab_container  avia-builder-el-first  '><h2 class='av-special-heading-tag  av-mini-font-size-overwrite av-mini-font-size-20'  itemprop=\"headline\"  >DEMANDEZ-NOUS PLUS D\u2019INFORMATIONS SANS ENGAGEMENT<\/h2><div class ='av-subheading av-subheading_below av_custom_color ' style='font-size:15px;'><p>Veuillez remplir tous les champs.<\/p>\n<\/div><div class='special-heading-border'><div class='special-heading-inner-border' style='border-color:#333333'><\/div><\/div><\/div><br \/>\n<div  id=\"footerform\"  class=\"tabcontainer   top_tab   avia-builder-el-21  el_after_av_heading  avia-builder-el-last  camposform\" role=\"tablist\">\n\n<section class=\"av_tab_section\"  itemscope=\"itemscope\" itemtype=\"https:\/\/schema.org\/CreativeWork\" ><div aria-controls=\"tab-id-1-content\" role=\"tab\" tabindex=\"0\" data-fake-id=\"#tab-id-1\" class=\"tab active_tab\"  itemprop=\"headline\" ><span class='tab_icon' aria-hidden='true' data-av_icon='\ue8ad' data-av_iconfont='entypo-fontello'><\/span>Je suis une entreprise<\/div>\n<div id=\"tab-id-1-content\" class=\"tab_content active_tab_content\" aria-hidden=\"false\">\n<div class=\"tab_inner_content invers-color\"  itemprop=\"text\" >\n<p><script charset=\"utf-8\" type=\"text\/javascript\" src=\"\/\/js.hsforms.net\/forms\/shell.js\"><\/script><br \/>\n<script>\n  hbspt.forms.create({\n\tportalId: \"8722628\",\n\tformId: \"88008c7d-ecd9-46d2-8281-550575c85735\"\n});\n<\/script><\/p>\n\n<\/div>\n<\/div>\n<\/section>\n\n<section class=\"av_tab_section\"  itemscope=\"itemscope\" itemtype=\"https:\/\/schema.org\/CreativeWork\" ><div aria-controls=\"tab-id-2-content\" role=\"tab\" tabindex=\"0\" data-fake-id=\"#tab-id-2\" class=\"tab \"  itemprop=\"headline\" ><span class='tab_icon' aria-hidden='true' data-av_icon='\ue80a' data-av_iconfont='entypo-fontello'><\/span>Je suis un particulier<\/div>\n<div id=\"tab-id-2-content\" class=\"tab_content \" aria-hidden=\"true\">\n<div class=\"tab_inner_content invers-color\"  itemprop=\"text\" >\n<p>Nous vous mettrons en contact avec votre distributeur le plus proche.<br \/>\n<script charset=\"utf-8\" type=\"text\/javascript\" src=\"\/\/js.hsforms.net\/forms\/shell.js\"><\/script><br \/>\n<script>\n  hbspt.forms.create({\n\tportalId: \"8722628\",\n\tformId: \"fc4b0478-bbb5-4f78-b025-8f38defcb9a8\"\n});\n<\/script><\/p>\n\n<\/div>\n<\/div>\n<\/section>\n\n<\/div>\n<\/p><\/div><\/div><\/div><\/div><!-- close content main div --><\/div><\/div><div id='after_section_2'  class='main_color av_default_container_wrap container_wrap sidebar_right' style=' '  ><div class='container' ><div class='template-page content  av-content-small alpha units'><div class='post-entry post-entry-type-page post-entry-1381'><div class='entry-content-wrapper clearfix'>\n","protected":false},"excerpt":{"rendered":"","protected":false},"author":1,"featured_media":651,"parent":0,"menu_order":0,"comment_status":"closed","ping_status":"closed","template":"","meta":[],"yoast_head":"<!-- This site is optimized with the Yoast SEO plugin v15.5 - https:\/\/yoast.com\/wordpress\/plugins\/seo\/ -->\n<title>Moret Burgering. Fabricant de papier et de cellophane pour steaks hach\u00e9s<\/title>\n<meta name=\"description\" content=\"Fabricant de papier et de cellophane pour steaks hach\u00e9s destin\u00e9s \u00e0 \u00eatre distribu\u00e9s aux bouchers, aux supermarch\u00e9s, aux petites et moyennes entreprises\" \/>\n<meta name=\"robots\" content=\"index, follow, max-snippet:-1, max-image-preview:large, max-video-preview:-1\" \/>\n<link rel=\"canonical\" href=\"https:\/\/moretpackaging.com\/burgering\/fr\/\" \/>\n<meta property=\"og:locale\" content=\"fr_FR\" \/>\n<meta property=\"og:type\" content=\"article\" \/>\n<meta property=\"og:title\" content=\"Moret Burgering. Fabricante de papel y celof\u00e1n para hamburguesas\" \/>\n<meta property=\"og:description\" content=\"Fabricante de papel y celof\u00e1n para hamburguesas dirigido a la distribuci\u00f3n para carnicer\u00edas, supermercados, peque\u00f1a y mediana industria\" \/>\n<meta property=\"og:url\" content=\"https:\/\/moretpackaging.com\/burgering\/fr\/\" \/>\n<meta property=\"og:site_name\" content=\"Burgering\" \/>\n<meta property=\"article:modified_time\" content=\"2021-02-16T08:11:44+00:00\" \/>\n<meta name=\"twitter:card\" content=\"summary_large_image\" \/>\n<meta name=\"twitter:title\" content=\"Moret Burgering. Fabricante de papel y celof\u00e1n para hamburguesas\" \/>\n<meta name=\"twitter:description\" content=\"Fabricante de papel y celof\u00e1n para hamburguesas dirigido a la distribuci\u00f3n para carnicer\u00edas, supermercados, peque\u00f1a y mediana industria\" \/>\n<meta name=\"twitter:label1\" content=\"Dur\u00e9e de lecture est.\">\n\t<meta name=\"twitter:data1\" content=\"8 minutes\">\n<script type=\"application\/ld+json\" class=\"yoast-schema-graph\">{\"@context\":\"https:\/\/schema.org\",\"@graph\":[{\"@type\":\"WebSite\",\"@id\":\"https:\/\/moretpackaging.com\/burgering\/#website\",\"url\":\"https:\/\/moretpackaging.com\/burgering\/\",\"name\":\"Burgering\",\"description\":\"Papeles t\\u00e9cnicos de soporte y separaci\\u00f3n para la industria c\\u00e1rnica y alimentaria\",\"potentialAction\":[{\"@type\":\"SearchAction\",\"target\":\"https:\/\/moretpackaging.com\/burgering\/?s={search_term_string}\",\"query-input\":\"required name=search_term_string\"}],\"inLanguage\":\"fr-FR\"},{\"@type\":\"ImageObject\",\"@id\":\"https:\/\/moretpackaging.com\/burgering\/fr\/#primaryimage\",\"inLanguage\":\"fr-FR\",\"url\":\"https:\/\/moretpackaging.com\/burgering\/wp-content\/uploads\/2020\/12\/formadora-hamburguesa.jpg\",\"width\":2000,\"height\":760,\"caption\":\"formadora hamburguesa\"},{\"@type\":\"WebPage\",\"@id\":\"https:\/\/moretpackaging.com\/burgering\/fr\/#webpage\",\"url\":\"https:\/\/moretpackaging.com\/burgering\/fr\/\",\"name\":\"Moret Burgering. Fabricant de papier et de cellophane pour steaks hach\\u00e9s\",\"isPartOf\":{\"@id\":\"https:\/\/moretpackaging.com\/burgering\/#website\"},\"primaryImageOfPage\":{\"@id\":\"https:\/\/moretpackaging.com\/burgering\/fr\/#primaryimage\"},\"datePublished\":\"2020-12-10T16:11:27+00:00\",\"dateModified\":\"2021-02-16T08:11:44+00:00\",\"description\":\"Fabricant de papier et de cellophane pour steaks hach\\u00e9s destin\\u00e9s \\u00e0 \\u00eatre distribu\\u00e9s aux bouchers, aux supermarch\\u00e9s, aux petites et moyennes entreprises\",\"inLanguage\":\"fr-FR\",\"potentialAction\":[{\"@type\":\"ReadAction\",\"target\":[\"https:\/\/moretpackaging.com\/burgering\/fr\/\"]}]}]}<\/script>\n<!-- \/ Yoast SEO plugin. -->","_links":{"self":[{"href":"https:\/\/moretpackaging.com\/burgering\/fr\/wp-json\/wp\/v2\/pages\/1381"}],"collection":[{"href":"https:\/\/moretpackaging.com\/burgering\/fr\/wp-json\/wp\/v2\/pages"}],"about":[{"href":"https:\/\/moretpackaging.com\/burgering\/fr\/wp-json\/wp\/v2\/types\/page"}],"author":[{"embeddable":true,"href":"https:\/\/moretpackaging.com\/burgering\/fr\/wp-json\/wp\/v2\/users\/1"}],"replies":[{"embeddable":true,"href":"https:\/\/moretpackaging.com\/burgering\/fr\/wp-json\/wp\/v2\/comments?post=1381"}],"version-history":[{"count":4,"href":"https:\/\/moretpackaging.com\/burgering\/fr\/wp-json\/wp\/v2\/pages\/1381\/revisions"}],"predecessor-version":[{"id":1533,"href":"https:\/\/moretpackaging.com\/burgering\/fr\/wp-json\/wp\/v2\/pages\/1381\/revisions\/1533"}],"wp:featuredmedia":[{"embeddable":true,"href":"https:\/\/moretpackaging.com\/burgering\/fr\/wp-json\/wp\/v2\/media\/651"}],"wp:attachment":[{"href":"https:\/\/moretpackaging.com\/burgering\/fr\/wp-json\/wp\/v2\/media?parent=1381"}],"curies":[{"name":"wp","href":"https:\/\/api.w.org\/{rel}","templated":true}]}}