{"id":1322,"date":"2020-12-14T11:35:02","date_gmt":"2020-12-14T11:35:02","guid":{"rendered":"https:\/\/moretpackaging.com\/burgering\/aviso-legal\/"},"modified":"2021-02-15T11:47:56","modified_gmt":"2021-02-15T11:47:56","slug":"nota-legale","status":"publish","type":"page","link":"https:\/\/moretpackaging.com\/burgering\/it\/nota-legale\/","title":{"rendered":"Aviso legal"},"content":{"rendered":"<div class=\"flex_column av_one_full  flex_column_div av-zero-column-padding first  avia-builder-el-0  avia-builder-el-no-sibling  \" style='border-radius:0px; '><p><div  style='padding-bottom:10px; margin-top:20px; ' class='av-special-heading av-special-heading-h1  blockquote modern-quote  avia-builder-el-1  el_before_av_hr  avia-builder-el-first  '><h1 class='av-special-heading-tag '  itemprop=\"headline\"  >Nota legale<\/h1><div class='special-heading-border'><div class='special-heading-inner-border' ><\/div><\/div><\/div><br \/>\n<div  style=' margin-top:10px; margin-bottom:20px;'  class='hr hr-custom hr-left hr-icon-no   avia-builder-el-2  el_after_av_heading  el_before_av_textblock '><span class='hr-inner  inner-border-av-border-thin' style=' width:50px; border-color:#333333;' ><span class='hr-inner-style'><\/span><\/span><\/div><br \/>\n<section class=\"av_textblock_section \"  itemscope=\"itemscope\" itemtype=\"https:\/\/schema.org\/CreativeWork\" ><div class='avia_textblock  '   itemprop=\"text\" ><h3>1. SCOPO<\/h3>\n<p>Il presente avviso legale regola l&#8217;uso e l&#8217;utilizzo del sito web www.moretpackaging.com, di propriet\u00e0 di MORET PACKAGING, S.L. (di seguito, IL PROPRIETARIO DEL SITO WEB).<\/p>\n<p>La navigazione nel sito web del PROPRIETARIO DEL SITO WEB conferisce la condizione di UTENTE dello stesso e implica l&#8217;accettazione piena e senza riserve di ognuna delle condizioni pubblicate in questo avviso legale, avvertendo che queste condizioni possono essere modificate senza preavviso dal PROPRIETARIO DEL SITO WEB, nel qual caso proceder\u00e0 alla sua pubblicazione e avviso con il maggior anticipo possibile.<\/p>\n<p>Si consiglia quindi di leggere attentamente il loro contenuto se si desidera accedere e fare uso delle informazioni e dei servizi offerti da questo sito web.<\/p>\n<p>L&#8217;utente si impegna inoltre a fare un uso corretto del sito web in conformit\u00e0 con le leggi, la buona fede, l&#8217;ordine pubblico, gli usi del traffico e questo Avviso Legale, e sar\u00e0 responsabile nei confronti del PROPRIETARIO DEL SITO WEB o di terzi per i danni che possono essere causati come risultato di una violazione di tale obbligo.<\/p>\n<p>Qualsiasi uso diverso da quello autorizzato \u00e8 espressamente proibito, e il proprietario del sito web pu\u00f2 negare o ritirare l&#8217;accesso e l&#8217;uso in qualsiasi momento.<\/p>\n<h3>2. IDENTIFICAZIONE<\/h3>\n<p>IL PROPRIETARIO DEL SITO WEB, in conformit\u00e0 con la legge 34\/2002, dell&#8217;11 luglio, sui servizi della societ\u00e0 dell&#8217;informazione e del commercio elettronico, informa che:<\/p>\n<ul>\n<li>La sua ragione sociale \u00e8: MORET PACKAGING, S.L.<\/li>\n<li>Il suo numero di partita IVA \u00e8: B96528773<\/li>\n<li>La sua sede legale \u00e8 a: CL ALGEPSER, 67 Y 69 &#8211; 46980 &#8211; PATERNA &#8211; VALENCIA<\/li>\n<li>Registro Mercantile di Valencia: Volume 5514; Libro 2821; Folio 113; Pagina V-48331.<\/li>\n<\/ul>\n<h3>3. COMUNICAZIONI<\/h3>\n<p>Per comunicare con noi, mettiamo a vostra disposizione diversi mezzi di contatto che vi indichiamo qui di seguito:<\/p>\n<ul>\n<li>961324517<\/li>\n<li>Email: <a href=\"mailto:moret@moretpackaging.com\" target=\"_blank\" rel=\"noopener\">moret@moretpackaging.com<\/a><\/li>\n<\/ul>\n<p>Tutte le notifiche e le comunicazioni tra gli utenti e il PROPRIETARIO DEL SITO WEB saranno considerate efficaci, a tutti gli effetti, quando fatte attraverso uno qualsiasi dei mezzi dettagliati sopra.<\/p>\n<h3>4. CONDIZIONI DI ACCESSO E USO<\/h3>\n<p>Il sito web e i suoi servizi sono ad accesso libero e gratuito. Tuttavia, il PROPRIETARIO DEL SITO WEB pu\u00f2 condizionare l&#8217;uso di alcuni dei servizi offerti sul suo sito web alla previa compilazione del modulo corrispondente.<\/p>\n<p>L&#8217;utente garantisce l&#8217;autenticit\u00e0 e l&#8217;attualit\u00e0 di tutti i dati comunicati al PROPRIETARIO DEL SITO WEB ed \u00e8 l&#8217;unico responsabile di eventuali dichiarazioni false o inesatte.<\/p>\n<p>L&#8217;utente si impegna espressamente a fare un uso appropriato dei contenuti e dei servizi del PROPRIETARIO DEL SITO WEB e a non utilizzarli per, tra l&#8217;altro:<\/p>\n<ul>\n<li>Diffondere messaggi criminali, violenti, pornografici, razzisti, xenofobi, offensivi, di incitamento al terrorismo o, in generale, contrari alla legge o all&#8217;ordine pubblico.<\/li>\n<li>Introdurre nella rete virus informatici o realizzare azioni che possano alterare, danneggiare, interrompere o generare errori o danni a documenti elettronici, dati o sistemi fisici e logici del PROPRIETARIO DEL WEB o di terzi, cos\u00ec come ostacolare l&#8217;accesso di altri utenti al sito web e ai suoi servizi attraverso il consumo massiccio delle risorse informatiche attraverso le quali il PROPRIETARIO DEL WEB fornisce i suoi servizi.<\/li>\n<li>Tentare di accedere agli account di posta elettronica di altri utenti o ad aree riservate dei sistemi informatici del PROPRIETARIO DEL SITO WEB o di terzi e, se del caso, estrarre informazioni.<\/li>\n<li>Violare i diritti di propriet\u00e0 intellettuale o industriale, cos\u00ec come violare la riservatezza delle informazioni del PROPRIETARIO DEL SITO WEB o di terzi.<\/li>\n<li>Impersonare l&#8217;identit\u00e0 di qualsiasi altro utente.<\/li>\n<li>Riprodurre, copiare, distribuire, mettere a disposizione, o qualsiasi altra forma di comunicazione pubblica, trasformare o modificare i contenuti, a meno che non si abbia l&#8217;autorizzazione del proprietario dei diritti corrispondenti o sia legalmente consentito.<\/li>\n<li>Raccogliere dati a fini pubblicitari e inviare pubblicit\u00e0 di qualsiasi tipo e comunicazioni a scopo di vendita o di altra natura commerciale senza previa richiesta o consenso.<\/li>\n<\/ul>\n<p>Tutti i contenuti del sito web, come testi, fotografie, grafici, immagini, icone, tecnologia, software, cos\u00ec come la progettazione grafica e i codici sorgente, costituiscono un&#8217;opera la cui propriet\u00e0 appartiene al PROPRIETARIO DEL WEB, senza che venga trasferito all&#8217;utente nessuno dei diritti di sfruttamento dello stesso oltre a quanto strettamente necessario per il corretto utilizzo del web.<\/p>\n<p>In breve, gli utenti che accedono a questo sito web possono visualizzare i contenuti e fare, se del caso, copie private autorizzate a condizione che gli elementi riprodotti non siano successivamente trasferiti a terzi, o installati su server collegati a reti, o siano soggetti a qualsiasi tipo di sfruttamento.<\/p>\n<p>Inoltre, tutti i marchi, nomi commerciali o loghi di qualsiasi tipo che appaiono sul sito web sono di propriet\u00e0 del PROPRIETARIO DEL SITO WEB, senza che l&#8217;uso o l&#8217;accesso ad esso conferisca all&#8217;utente alcun diritto su di essi.<\/p>\n<p>La distribuzione, la modifica, il trasferimento o la comunicazione pubblica dei contenuti e qualsiasi altro atto che non sia stato espressamente autorizzato dal proprietario dei diritti di sfruttamento sono vietati.<\/p>\n<p>La creazione di un collegamento ipertestuale non implica in nessun caso l&#8217;esistenza di relazioni tra il PROPRIETARIO DEL SITO WEB e il proprietario del sito web in cui \u00e8 stabilito, n\u00e9 l&#8217;accettazione e l&#8217;approvazione da parte del PROPRIETARIO DEL SITO WEB dei suoi contenuti o servizi.<\/p>\n<p>Il PROPRIETARIO DEL SITO WEB non \u00e8 responsabile dell&#8217;uso che ogni utente fa dei materiali messi a disposizione su questo sito web o delle azioni intraprese in base ad essi.<\/p>\n<h4 style=\"padding-left: 40px;\">4.1. ESCLUSIONE DI GARANZIE E RESPONSABILIT\u00c0 NELL&#8217;ACCESSO E NELL&#8217;USO<\/h4>\n<p style=\"padding-left: 40px;\">Il contenuto di questo sito web \u00e8 di natura generale ed \u00e8 solo a scopo informativo, senza piena garanzia di accesso a tutti i contenuti, o la sua completezza, correttezza, validit\u00e0 o tempestivit\u00e0, o la sua idoneit\u00e0 o utilit\u00e0 per uno scopo specifico.<\/p>\n<p style=\"padding-left: 40px;\">Il PROPRIETARIO DEL SITO WEB esclude, nella misura consentita dalla legge, qualsiasi responsabilit\u00e0 per danni di qualsiasi tipo derivanti da:<\/p>\n<ul>\n<li style=\"list-style-type: none;\">\n<ul>\n<li>L&#8217;impossibilit\u00e0 di accedere al sito web o la mancanza di veridicit\u00e0, accuratezza, completezza e\/o tempestivit\u00e0 del contenuto, cos\u00ec come l&#8217;esistenza di vizi e difetti di qualsiasi tipo di contenuto trasmesso, diffuso, memorizzato, reso disponibile, al quale si \u00e8 avuto accesso attraverso il sito web o i servizi offerti.<\/li>\n<li>La presenza di virus o altri elementi nei contenuti che possono causare alterazioni nei sistemi informatici, documenti elettronici o dati degli utenti.<\/li>\n<li>Il mancato rispetto della legge, della buona fede, dell&#8217;ordine pubblico, degli usi del traffico e di questo avviso legale come risultato di un uso scorretto del sito web. In particolare, e a titolo di esempio, il PROPRIETARIO DEL SITO WEB non \u00e8 responsabile delle azioni di terzi che violano i diritti di propriet\u00e0 intellettuale e industriale, i segreti commerciali, i diritti d&#8217;onore, la privacy personale e familiare e l&#8217;immagine di s\u00e9, cos\u00ec come le norme sulla concorrenza sleale e la pubblicit\u00e0 illegale.<\/li>\n<\/ul>\n<\/li>\n<\/ul>\n<p style=\"padding-left: 40px;\">Inoltre, il PROPRIETARIO DEL SITO WEB declina ogni responsabilit\u00e0 per le informazioni che sono al di fuori di questo sito e non sono gestite direttamente dal nostro webmaster. La funzione dei link che appaiono in questo sito web \u00e8 esclusivamente quella di informare l&#8217;utente sull&#8217;esistenza di altre fonti in grado di ampliare il contenuto offerto da questo sito web. IL PROPRIETARIO DEL WEB non garantisce n\u00e9 \u00e8 responsabile per il funzionamento o l&#8217;accessibilit\u00e0 dei siti collegati, n\u00e9 suggerisce, invita o raccomanda una visita a loro, quindi non sar\u00e0 responsabile per il risultato ottenuto. Il PROPRIETARIO DEL SITO non \u00e8 responsabile della creazione di collegamenti ipertestuali da parte di terzi.<\/p>\n<h4 style=\"padding-left: 40px;\">4.2. PROCEDURA IN CASO DI SVOLGIMENTO DI ATTIVIT\u00c0 DI NATURA ILLEGALE<\/h4>\n<p style=\"padding-left: 40px;\">Nel caso in cui qualsiasi utente o terzo ritenga che esistano fatti o circostanze che rivelino la natura illecita dell&#8217;uso di qualsiasi contenuto e\/o l&#8217;esecuzione di qualsiasi attivit\u00e0 sulle pagine web incluse o accessibili attraverso il sito web, \u00e8 necessario inviare una notifica al PROPRIETARIO DEL SITO WEB identificando e specificando adeguatamente le presunte violazioni.<\/p>\n<h4 style=\"padding-left: 40px;\">4.3. PUBBLICAZIONI<\/h4>\n<p style=\"padding-left: 40px;\">L&#8217;informazione amministrativa fornita attraverso il sito web non sostituisce la pubblicit\u00e0 legale di leggi, regolamenti, piani, disposizioni generali e atti che devono essere formalmente pubblicati nelle riviste ufficiali delle pubbliche amministrazioni, che sono l&#8217;unico strumento che ne attesta l&#8217;autenticit\u00e0 e il contenuto. Le informazioni disponibili su questo sito web devono essere intese come una guida senza scopo di validit\u00e0 legale.<\/p>\n<h3>5. LEGISLAZIONE APPLICABILE<\/h3>\n<p>Le presenti condizioni sono regolate dalla legislazione spagnola in vigore. La lingua utilizzata sar\u00e0 lo spagnolo.<\/p>\n<\/div><\/section><\/p><\/div>\n","protected":false},"excerpt":{"rendered":"","protected":false},"author":1,"featured_media":0,"parent":0,"menu_order":0,"comment_status":"closed","ping_status":"closed","template":"","meta":[],"yoast_head":"<!-- This site is optimized with the Yoast SEO plugin v15.5 - https:\/\/yoast.com\/wordpress\/plugins\/seo\/ -->\n<title>Nota legale di Moret Packaging<\/title>\n<meta name=\"robots\" content=\"noindex, nofollow\" \/>\n<meta property=\"og:locale\" content=\"it_IT\" \/>\n<meta property=\"og:type\" content=\"article\" \/>\n<meta property=\"og:title\" content=\"Nota legale di Moret Packaging\" \/>\n<meta property=\"og:url\" content=\"https:\/\/moretpackaging.com\/burgering\/it\/nota-legale\/\" \/>\n<meta property=\"og:site_name\" content=\"Burgering\" \/>\n<meta property=\"article:modified_time\" content=\"2021-02-15T11:47:56+00:00\" \/>\n<meta name=\"twitter:card\" content=\"summary_large_image\" \/>\n<meta name=\"twitter:label1\" content=\"Tempo di lettura stimato\">\n\t<meta name=\"twitter:data1\" content=\"7 minuti\">\n<script type=\"application\/ld+json\" class=\"yoast-schema-graph\">{\"@context\":\"https:\/\/schema.org\",\"@graph\":[{\"@type\":\"WebSite\",\"@id\":\"https:\/\/moretpackaging.com\/burgering\/#website\",\"url\":\"https:\/\/moretpackaging.com\/burgering\/\",\"name\":\"Burgering\",\"description\":\"Papeles t\\u00e9cnicos de soporte y separaci\\u00f3n para la industria c\\u00e1rnica y alimentaria\",\"potentialAction\":[{\"@type\":\"SearchAction\",\"target\":\"https:\/\/moretpackaging.com\/burgering\/?s={search_term_string}\",\"query-input\":\"required name=search_term_string\"}],\"inLanguage\":\"it-IT\"},{\"@type\":\"WebPage\",\"@id\":\"https:\/\/moretpackaging.com\/burgering\/it\/nota-legale\/#webpage\",\"url\":\"https:\/\/moretpackaging.com\/burgering\/it\/nota-legale\/\",\"name\":\"Nota legale di Moret Packaging\",\"isPartOf\":{\"@id\":\"https:\/\/moretpackaging.com\/burgering\/#website\"},\"datePublished\":\"2020-12-14T11:35:02+00:00\",\"dateModified\":\"2021-02-15T11:47:56+00:00\",\"inLanguage\":\"it-IT\",\"potentialAction\":[{\"@type\":\"ReadAction\",\"target\":[\"https:\/\/moretpackaging.com\/burgering\/it\/nota-legale\/\"]}]}]}<\/script>\n<!-- \/ Yoast SEO plugin. -->","_links":{"self":[{"href":"https:\/\/moretpackaging.com\/burgering\/it\/wp-json\/wp\/v2\/pages\/1322"}],"collection":[{"href":"https:\/\/moretpackaging.com\/burgering\/it\/wp-json\/wp\/v2\/pages"}],"about":[{"href":"https:\/\/moretpackaging.com\/burgering\/it\/wp-json\/wp\/v2\/types\/page"}],"author":[{"embeddable":true,"href":"https:\/\/moretpackaging.com\/burgering\/it\/wp-json\/wp\/v2\/users\/1"}],"replies":[{"embeddable":true,"href":"https:\/\/moretpackaging.com\/burgering\/it\/wp-json\/wp\/v2\/comments?post=1322"}],"version-history":[{"count":3,"href":"https:\/\/moretpackaging.com\/burgering\/it\/wp-json\/wp\/v2\/pages\/1322\/revisions"}],"predecessor-version":[{"id":1561,"href":"https:\/\/moretpackaging.com\/burgering\/it\/wp-json\/wp\/v2\/pages\/1322\/revisions\/1561"}],"wp:attachment":[{"href":"https:\/\/moretpackaging.com\/burgering\/it\/wp-json\/wp\/v2\/media?parent=1322"}],"curies":[{"name":"wp","href":"https:\/\/api.w.org\/{rel}","templated":true}]}}