{"id":445,"date":"2020-12-15T11:03:26","date_gmt":"2020-12-15T11:03:26","guid":{"rendered":"https:\/\/moretpackaging.com\/burgering\/?page_id=445"},"modified":"2021-03-04T12:15:07","modified_gmt":"2021-03-04T12:15:07","slug":"maquina-formadora-hamburguesas","status":"publish","type":"page","link":"https:\/\/moretpackaging.com\/burgering\/maquina-formadora-hamburguesas\/","title":{"rendered":"M\u00e1quina formadora de hamburguesas"},"content":{"rendered":"<div id='av_section_1'  class='avia-section header_color avia-section-large avia-no-border-styling  avia-bg-style-fixed  avia-builder-el-0  el_before_av_one_fifth  avia-builder-el-first   av-minimum-height av-minimum-height-50  av-section-with-video-bg container_wrap sidebar_right' style='background-color: #666666;  '   data-av_minimum_height_pc='50' data-section-video-ratio='16:9'><div   data-size='featured'  data-lightbox_size='large'  data-animation='slide'  data-conditional_play=''  data-ids=''  data-video_counter='1'  data-autoplay='false'  data-bg_slider='false'  data-slide_height=''  data-handle=''  data-interval='5'  data-class=' av-section-video-bg'  data-el_id=''  data-css_id=''  data-scroll_down=''  data-control_layout=''  data-custom_markup=''  data-perma_caption=''  data-autoplay_stopper=''  data-image_attachment=''  data-min_height='0px'  data-lazy_loading='disabled'  data-default-height='28.666666666667'  class='avia-slideshow avia-slideshow-1  av-default-height-applied avia-slideshow-featured   av-section-video-bg avia-slide-slider '  itemprop=\"image\" itemscope=\"itemscope\" itemtype=\"https:\/\/schema.org\/ImageObject\" ><ul class='avia-slideshow-inner ' style='padding-bottom: 28.666666666667%;' ><li  data-controls='disabled' data-mute='aviaTBaviaTBvideo_mute' data-loop='1' data-disable-autoplay=''  data-video-ratio='3.4883720930233' class=' av-video-slide  av-video-service-youtube  av-hide-video-controls av-mute-video av-loop-video av-single-slide slide-1 ' ><div data-rel='slideshow-1' class='avia-slide-wrap '   ><div class='av-click-overlay'><\/div><div class='mejs-mediaelement'><div height='1600' width='900' class='av_youtube_frame' id='player_445_1664235933_276865878'  data-autoplay='0'  data-videoid='zNvonpQwUmc'  data-hd='1'  data-rel='0'  data-wmode='opaque'  data-playlist='player_445_1664235933_276865878'  data-loop='0'  data-version='3'  data-autohide='1'  data-color='white'  data-controls='0'  data-showinfo='0'  data-iv_load_policy='3'  data-original_url='https:\/\/youtu.be\/zNvonpQwUmc?t=30' ><\/div><\/div><div class='av-click-to-play-overlay'><div class=\"avia_playpause_icon\"><\/div><\/div><\/div><\/li><\/ul><\/div><div class='container' ><main  role=\"main\" itemprop=\"mainContentOfPage\"  class='template-page content  av-content-small alpha units'><div class='post-entry post-entry-type-page post-entry-445'><div class='entry-content-wrapper clearfix'><\/div><\/div><\/main><!-- close content main element --><\/div><\/div><div id='after_section_1'  class='main_color av_default_container_wrap container_wrap sidebar_right' style=' '  ><div class='container' ><div class='template-page content  av-content-small alpha units'><div class='post-entry post-entry-type-page post-entry-445'><div class='entry-content-wrapper clearfix'>\n<div class=\"flex_column av_one_fifth  no_margin flex_column_div first  avia-builder-el-1  el_after_av_section  el_before_av_three_fifth  avia-builder-el-first  \" style='margin-top:20px; margin-bottom:20px; padding:0px 30px 0px 0px ; border-radius:0px; '><div  class='avia-image-container  av-styling-circle    avia-builder-el-2  avia-builder-el-no-sibling  avia-align-right '  itemprop=\"image\" itemscope=\"itemscope\" itemtype=\"https:\/\/schema.org\/ImageObject\"  ><div class='avia-image-container-inner'><div class='avia-image-overlay-wrap'><img class='wp-image-864 avia-img-lazy-loading-not-864 avia_image' src=\"https:\/\/moretpackaging.com\/burgering\/wp-content\/uploads\/2020\/12\/icon-home-2.jpg\" alt='Formadora de hamburguesas' title='icon-home-2' height=\"100\" width=\"100\"  itemprop=\"thumbnailUrl\" srcset=\"https:\/\/moretpackaging.com\/burgering\/wp-content\/uploads\/2020\/12\/icon-home-2.jpg 100w, https:\/\/moretpackaging.com\/burgering\/wp-content\/uploads\/2020\/12\/icon-home-2-80x80.jpg 80w, https:\/\/moretpackaging.com\/burgering\/wp-content\/uploads\/2020\/12\/icon-home-2-36x36.jpg 36w\" sizes=\"(max-width: 100px) 100vw, 100px\" \/><\/div><\/div><\/div><\/div>\n<div class=\"flex_column av_three_fifth  no_margin flex_column_div av-zero-column-padding   avia-builder-el-3  el_after_av_one_fifth  el_before_av_one_fifth  \" style='margin-top:20px; margin-bottom:20px; border-radius:0px; '><p><div  style='padding-bottom:0px; margin:10px 0px 0px 0px; color:#000000;' class='av-special-heading av-special-heading-h1 custom-color-heading blockquote modern-quote  avia-builder-el-4  el_before_av_hr  avia-builder-el-first  titular '><h1 class='av-special-heading-tag '  itemprop=\"headline\"  >M\u00e1quina formadora de hamburguesas<\/h1><div class ='av-subheading av-subheading_below av_custom_color ' style='font-size:17px;'><p>de Moret Packaging<\/p>\n<\/div><div class='special-heading-border'><div class='special-heading-inner-border' style='border-color:#000000'><\/div><\/div><\/div><br \/>\n<div  style=' margin-top:5px; margin-bottom:5px;'  class='hr hr-custom hr-left hr-icon-no   avia-builder-el-5  el_after_av_heading  el_before_av_textblock '><span class='hr-inner  inner-border-av-border-thin' style=' width:50px; border-color:#333333;' ><span class='hr-inner-style'><\/span><\/span><\/div><br \/>\n<section class=\"av_textblock_section \"  itemscope=\"itemscope\" itemtype=\"https:\/\/schema.org\/CreativeWork\" ><div class='avia_textblock titular-destacado av_inherit_color '   itemprop=\"text\" ><h2><strong>Disponemos de la m\u00e1s sencilla y efectiva m\u00e1quina formadora de hamburguesas del mercado.<\/strong><\/h2>\n<h2>Fabricada totalmente en acero inoxidable es la mejor opci\u00f3n para carniceros y peque\u00f1as industrias. Est\u00e1 disponible en los siguientes tama\u00f1os: 50, 65, 100, 130 y 150 mm.<\/h2>\n<\/div><\/section><\/p><\/div><div class=\"flex_column av_one_fifth  no_margin flex_column_div   avia-builder-el-7  el_after_av_three_fifth  el_before_av_one_full  \" style='margin-top:20px; margin-bottom:20px; padding:0px 30px 0px 0px ; border-radius:0px; '><span  class=\"av_font_icon avia_animate_when_visible avia-icon-animate  av-icon-style-  avia-icon-pos-right \" style=\"color:#b2b2b2; border-color:#b2b2b2;\"><a href='https:\/\/moretpackaging.com\/burgering\/'   class='av-icon-char' style='font-size:20px;line-height:20px;' aria-hidden='true' data-av_icon='\ue87c' data-av_iconfont='entypo-fontello' ><\/a><\/span><\/div><\/p>\n<div class=\"flex_column av_one_full  av-animated-generic bottom-to-top  flex_column_div av-zero-column-padding first  avia-builder-el-9  el_after_av_one_fifth  el_before_av_section  avia-builder-el-last  column-top-margin\" style='margin-top:0px; margin-bottom:0px; border-radius:0px; '><div  class='avia-image-container  av-styling-    avia-builder-el-10  avia-builder-el-no-sibling  avia-align-center '  itemprop=\"image\" itemscope=\"itemscope\" itemtype=\"https:\/\/schema.org\/ImageObject\"  ><div class='avia-image-container-inner'><div class='avia-image-overlay-wrap'><img class='wp-image-1241 avia-img-lazy-loading-not-1241 avia_image' src=\"https:\/\/moretpackaging.com\/burgering\/wp-content\/uploads\/2021\/01\/formadora-hamburguesa-tamanos.jpg\" alt='Formadora hamburguesa' title='Formadora hamburguesa' height=\"357\" width=\"1391\"  itemprop=\"thumbnailUrl\" srcset=\"https:\/\/moretpackaging.com\/burgering\/wp-content\/uploads\/2021\/01\/formadora-hamburguesa-tamanos.jpg 1391w, https:\/\/moretpackaging.com\/burgering\/wp-content\/uploads\/2021\/01\/formadora-hamburguesa-tamanos-300x77.jpg 300w, https:\/\/moretpackaging.com\/burgering\/wp-content\/uploads\/2021\/01\/formadora-hamburguesa-tamanos-1030x264.jpg 1030w, https:\/\/moretpackaging.com\/burgering\/wp-content\/uploads\/2021\/01\/formadora-hamburguesa-tamanos-768x197.jpg 768w, https:\/\/moretpackaging.com\/burgering\/wp-content\/uploads\/2021\/01\/formadora-hamburguesa-tamanos-705x181.jpg 705w\" sizes=\"(max-width: 1391px) 100vw, 1391px\" \/><\/div><\/div><\/div><\/div>\n<\/div><\/div><\/div><!-- close content main div --><\/div><\/div><div id='av_section_2'  class='avia-section main_color avia-section-default avia-no-border-styling  avia-bg-style-parallax  avia-builder-el-11  el_after_av_one_full  avia-builder-el-last   container_wrap sidebar_right' style='background-color: #f9f9f9;  '  ><div class='container' ><div class='template-page content  av-content-small alpha units'><div class='post-entry post-entry-type-page post-entry-445'><div class='entry-content-wrapper clearfix'>\n<div class=\"flex_column av_one_full  flex_column_div av-zero-column-padding first  avia-builder-el-12  avia-builder-el-no-sibling  \" style='margin-top:20px; margin-bottom:20px; border-radius:0px; '><p><div  style='padding-bottom:20px; color:#333333;' class='av-special-heading av-special-heading-h2 custom-color-heading blockquote modern-quote modern-centered  avia-builder-el-13  el_before_av_tab_container  avia-builder-el-first  '><h2 class='av-special-heading-tag  av-mini-font-size-overwrite av-mini-font-size-20'  itemprop=\"headline\"  >P\u00cdDENOS M\u00c1S INFORMACI\u00d3N SIN COMPROMISO<\/h2><div class ='av-subheading av-subheading_below av_custom_color ' style='font-size:15px;'><p>Por favor, cumplimenta todos los datos.<\/p>\n<\/div><div class='special-heading-border'><div class='special-heading-inner-border' style='border-color:#333333'><\/div><\/div><\/div><br \/>\n<div  id=\"footerform\"  class=\"tabcontainer   top_tab   avia-builder-el-14  el_after_av_heading  avia-builder-el-last  camposform\" role=\"tablist\">\n\n<section class=\"av_tab_section\"  itemscope=\"itemscope\" itemtype=\"https:\/\/schema.org\/CreativeWork\" ><div aria-controls=\"tab-id-1-content\" role=\"tab\" tabindex=\"0\" data-fake-id=\"#tab-id-1\" class=\"tab active_tab\"  itemprop=\"headline\" ><span class='tab_icon' aria-hidden='true' data-av_icon='\ue8ad' data-av_iconfont='entypo-fontello'><\/span>Soy una empresa<\/div>\n<div id=\"tab-id-1-content\" class=\"tab_content active_tab_content\" aria-hidden=\"false\">\n<div class=\"tab_inner_content invers-color\"  itemprop=\"text\" >\n<p><script charset=\"utf-8\" type=\"text\/javascript\" src=\"\/\/js.hsforms.net\/forms\/shell.js\"><\/script><br \/>\n<script>\n  hbspt.forms.create({\n\tportalId: \"8722628\",\n\tformId: \"0426cfe2-bd6f-40b2-813d-9d87509abe8c\"\n});\n<\/script><\/p>\n\n<\/div>\n<\/div>\n<\/section>\n\n<section class=\"av_tab_section\"  itemscope=\"itemscope\" itemtype=\"https:\/\/schema.org\/CreativeWork\" ><div aria-controls=\"tab-id-2-content\" role=\"tab\" tabindex=\"0\" data-fake-id=\"#tab-id-2\" class=\"tab \"  itemprop=\"headline\" ><span class='tab_icon' aria-hidden='true' data-av_icon='\ue80a' data-av_iconfont='entypo-fontello'><\/span>Soy un particular<\/div>\n<div id=\"tab-id-2-content\" class=\"tab_content \" aria-hidden=\"true\">\n<div class=\"tab_inner_content invers-color\"  itemprop=\"text\" >\n<p>Le pondremos en contacto con su distribuidor m\u00e1s cercano.<br \/>\n<script charset=\"utf-8\" type=\"text\/javascript\" src=\"\/\/js.hsforms.net\/forms\/shell.js\"><\/script><br \/>\n<script>\n  hbspt.forms.create({\n\tportalId: \"8722628\",\n\tformId: \"40afcf30-aa2b-48e0-9e04-3ed7ded114f1\"\n});\n<\/script><\/p>\n\n<\/div>\n<\/div>\n<\/section>\n\n<\/div>\n<\/p><\/div><\/div><\/div><\/div><!-- close content main div --><\/div><\/div><div id='after_section_2'  class='main_color av_default_container_wrap container_wrap sidebar_right' style=' '  ><div class='container' ><div class='template-page content  av-content-small alpha units'><div class='post-entry post-entry-type-page post-entry-445'><div class='entry-content-wrapper clearfix'>\n","protected":false},"excerpt":{"rendered":"","protected":false},"author":1,"featured_media":0,"parent":0,"menu_order":0,"comment_status":"closed","ping_status":"closed","template":"","meta":[],"yoast_head":"<!-- This site is optimized with the Yoast SEO plugin v15.5 - https:\/\/yoast.com\/wordpress\/plugins\/seo\/ -->\n<title>M\u00e1quina formadora de hamburguesas de Moret Packaging<\/title>\n<meta name=\"description\" content=\"La formadora de hamburguesas de Moret Packaging, fabricada totalmente en acero inoxidable, es la mejor opci\u00f3n para carniceros y peque\u00f1as industrias\" \/>\n<meta name=\"robots\" content=\"index, follow, max-snippet:-1, max-image-preview:large, max-video-preview:-1\" \/>\n<link rel=\"canonical\" href=\"https:\/\/moretpackaging.com\/burgering\/maquina-formadora-hamburguesas\/\" \/>\n<meta property=\"og:locale\" content=\"es_ES\" \/>\n<meta property=\"og:type\" content=\"article\" \/>\n<meta property=\"og:title\" content=\"M\u00e1quina formadora de hamburguesas de Moret Packaging\" \/>\n<meta property=\"og:description\" content=\"La formadora de hamburguesas de Moret Packaging, fabricada totalmente en acero inoxidable, es la mejor opci\u00f3n para carniceros y peque\u00f1as industrias\" \/>\n<meta property=\"og:url\" content=\"https:\/\/moretpackaging.com\/burgering\/maquina-formadora-hamburguesas\/\" \/>\n<meta property=\"og:site_name\" content=\"Burgering\" \/>\n<meta property=\"article:modified_time\" content=\"2021-03-04T12:15:07+00:00\" \/>\n<meta name=\"twitter:card\" content=\"summary_large_image\" \/>\n<meta name=\"twitter:label1\" content=\"Tiempo de lectura\">\n\t<meta name=\"twitter:data1\" content=\"6 minutos\">\n<script type=\"application\/ld+json\" class=\"yoast-schema-graph\">{\"@context\":\"https:\/\/schema.org\",\"@graph\":[{\"@type\":\"WebSite\",\"@id\":\"https:\/\/moretpackaging.com\/burgering\/#website\",\"url\":\"https:\/\/moretpackaging.com\/burgering\/\",\"name\":\"Burgering\",\"description\":\"Papeles t\\u00e9cnicos de soporte y separaci\\u00f3n para la industria c\\u00e1rnica y alimentaria\",\"potentialAction\":[{\"@type\":\"SearchAction\",\"target\":\"https:\/\/moretpackaging.com\/burgering\/?s={search_term_string}\",\"query-input\":\"required name=search_term_string\"}],\"inLanguage\":\"es\"},{\"@type\":\"WebPage\",\"@id\":\"https:\/\/moretpackaging.com\/burgering\/maquina-formadora-hamburguesas\/#webpage\",\"url\":\"https:\/\/moretpackaging.com\/burgering\/maquina-formadora-hamburguesas\/\",\"name\":\"M\\u00e1quina formadora de hamburguesas de Moret Packaging\",\"isPartOf\":{\"@id\":\"https:\/\/moretpackaging.com\/burgering\/#website\"},\"datePublished\":\"2020-12-15T11:03:26+00:00\",\"dateModified\":\"2021-03-04T12:15:07+00:00\",\"description\":\"La formadora de hamburguesas de Moret Packaging, fabricada totalmente en acero inoxidable, es la mejor opci\\u00f3n para carniceros y peque\\u00f1as industrias\",\"inLanguage\":\"es\",\"potentialAction\":[{\"@type\":\"ReadAction\",\"target\":[\"https:\/\/moretpackaging.com\/burgering\/maquina-formadora-hamburguesas\/\"]}]}]}<\/script>\n<!-- \/ Yoast SEO plugin. -->","_links":{"self":[{"href":"https:\/\/moretpackaging.com\/burgering\/wp-json\/wp\/v2\/pages\/445"}],"collection":[{"href":"https:\/\/moretpackaging.com\/burgering\/wp-json\/wp\/v2\/pages"}],"about":[{"href":"https:\/\/moretpackaging.com\/burgering\/wp-json\/wp\/v2\/types\/page"}],"author":[{"embeddable":true,"href":"https:\/\/moretpackaging.com\/burgering\/wp-json\/wp\/v2\/users\/1"}],"replies":[{"embeddable":true,"href":"https:\/\/moretpackaging.com\/burgering\/wp-json\/wp\/v2\/comments?post=445"}],"version-history":[{"count":54,"href":"https:\/\/moretpackaging.com\/burgering\/wp-json\/wp\/v2\/pages\/445\/revisions"}],"predecessor-version":[{"id":1575,"href":"https:\/\/moretpackaging.com\/burgering\/wp-json\/wp\/v2\/pages\/445\/revisions\/1575"}],"wp:attachment":[{"href":"https:\/\/moretpackaging.com\/burgering\/wp-json\/wp\/v2\/media?parent=445"}],"curies":[{"name":"wp","href":"https:\/\/api.w.org\/{rel}","templated":true}]}}