{"id":1022,"date":"2021-03-30T08:48:50","date_gmt":"2021-03-30T08:48:50","guid":{"rendered":"https:\/\/moretpackaging.com\/interleaving\/home-2021\/"},"modified":"2021-04-20T10:33:08","modified_gmt":"2021-04-20T10:33:08","slug":"home","status":"publish","type":"page","link":"https:\/\/moretpackaging.com\/interleaving\/de\/","title":{"rendered":"Inicio 2021"},"content":{"rendered":"<div id='layer_slider_1'  class='avia-layerslider main_color avia-shadow  avia-builder-el-0  el_before_av_one_full  avia-builder-el-first  container_wrap sidebar_right' style='  height: 501px;' ><\/div><div id='after_layer_slider_1'  class='main_color av_default_container_wrap container_wrap sidebar_right' style=' '  ><div class='container' ><div class='template-page content  av-content-small alpha units'><div class='post-entry post-entry-type-page post-entry-1022'><div class='entry-content-wrapper clearfix'>\n<div class='flex_column_table av-equal-height-column-flextable -flextable' style='margin-top:10px; margin-bottom:10px; '><div class=\"flex_column av_one_full  av-animated-generic bottom-to-top  flex_column_table_cell av-equal-height-column av-align-top av-zero-column-padding first  avia-builder-el-1  el_after_av_layerslider  el_before_av_one_third  avia-builder-el-first  border-top \" style='border-radius:0px; '><p><div  style='padding-bottom:0px; margin:5px 0px 0px 0px; color:#000000;' class='av-special-heading av-special-heading-h1 custom-color-heading blockquote modern-quote modern-centered  avia-builder-el-2  el_before_av_hr  avia-builder-el-first  titular '><h1 class='av-special-heading-tag '  itemprop=\"headline\"  >Interleaver-Fachpapier f\u00fcr die gro\u00dfe Lebensmittelindustrie von Moret Packaging<\/h1><div class='special-heading-border'><div class='special-heading-inner-border' style='border-color:#000000'><\/div><\/div><\/div><br \/>\n<div  style=' margin-top:5px; margin-bottom:5px;'  class='hr hr-custom hr-center hr-icon-no   avia-builder-el-3  el_after_av_heading  el_before_av_textblock '><span class='hr-inner  inner-border-av-border-thin' style=' width:50px; border-color:#333333;' ><span class='hr-inner-style'><\/span><\/span><\/div><br \/>\n<section class=\"av_textblock_section \"  itemscope=\"itemscope\" itemtype=\"https:\/\/schema.org\/CreativeWork\" ><div class='avia_textblock titular-destacado '   itemprop=\"text\" ><h2 style=\"text-align: center;\">Nur f\u00fcr Gro\u00dfindustrie und HIGH-Produktionsautomaten.<br \/>\nTechnisches Papier. Interleaver f\u00fcr gro\u00dfe Fabriken von Fleischprodukten, Schnittk\u00e4se, Schinken und Lebensmittelprodukten. Backofenpapier.<\/h2>\n<\/div><\/section><\/p><\/div><\/div><!--close column table wrapper. Autoclose: 1 -->\n<div class='flex_column_table av-equal-height-column-flextable -flextable' style='margin-top:20px; margin-bottom:20px; '><div class=\"flex_column av_one_third  flex_column_table_cell av-equal-height-column av-align-top avia-link-column av-column-link avia-link-column-hover first  avia-builder-el-5  el_after_av_one_full  el_before_av_one_third  coliconhome column-top-margin\" style='padding:5px 0px 0px 0px ; border-radius:0px; ' data-link-column-url=\"http:\/\/\" ><a class=\"av-screen-reader-only\" href=http:\/\/ >Folge einem manuell hinzugef\u00fcgten Link<\/a><p><div  id=\"play-home-video\"  class='avia-image-container  av-styling-circle    avia-builder-el-6  el_before_av_heading  avia-builder-el-first  video-play-button avia-align-center '  itemprop=\"image\" itemscope=\"itemscope\" itemtype=\"https:\/\/schema.org\/ImageObject\"  ><div class='avia-image-container-inner'><div class='avia-image-overlay-wrap'><a href='https:\/\/moretpackaging.com\/interleaving\/de\/fleischindustrie-ersteller-papier-interleaver-bogen-rollen\/' class='avia_image'  ><img width=\"100\" height=\"100\" class='wp-image-1023 avia-img-lazy-loading-not-1023 avia_image' src=\"https:\/\/moretpackaging.com\/interleaving\/wp-content\/uploads\/2021\/03\/icon-industria-carnica.jpg\" alt='Fleischindustrie' title='Fleischindustrie'  itemprop=\"thumbnailUrl\" srcset=\"https:\/\/moretpackaging.com\/interleaving\/wp-content\/uploads\/2021\/03\/icon-industria-carnica.jpg 100w, https:\/\/moretpackaging.com\/interleaving\/wp-content\/uploads\/2021\/03\/icon-industria-carnica-80x80.jpg 80w, https:\/\/moretpackaging.com\/interleaving\/wp-content\/uploads\/2021\/03\/icon-industria-carnica-36x36.jpg 36w\" sizes=\"(max-width: 100px) 100vw, 100px\" \/><\/a><\/div><\/div><\/div><br \/>\n<div  style='padding-bottom:1px; margin-top:25px; font-size:18px;' class='av-special-heading av-special-heading-h3  blockquote modern-quote modern-centered  avia-builder-el-7  el_after_av_image  el_before_av_textblock  subtitulo av-inherit-size av-linked-heading '><h3 class='av-special-heading-tag  av-medium-font-size-overwrite av-medium-font-size-20 av-small-font-size-overwrite av-small-font-size-20 av-mini-font-size-overwrite av-mini-font-size-20'  itemprop=\"headline\"  ><a href=\"https:\/\/moretpackaging.com\/interleaving\/de\/fleischindustrie-ersteller-papier-interleaver-bogen-rollen\/\">Fleischindustrie<\/a><\/h3><div class='special-heading-border'><div class='special-heading-inner-border' ><\/div><\/div><\/div><br \/>\n<section class=\"av_textblock_section \"  itemscope=\"itemscope\" itemtype=\"https:\/\/schema.org\/CreativeWork\" ><div class='avia_textblock  av_inherit_color '  style='font-size:14px; '  itemprop=\"text\" ><p style=\"text-align: center;\">Papier in B\u00f6gen und auf Rollen f\u00fcr Hamburger, Hackfleisch und Wurstaufschnitt. Maximale Flexibilit\u00e4t bei Lieferungen.<\/p>\n<\/div><\/section><\/p><\/div><div class='av-flex-placeholder'><\/div><div class=\"flex_column av_one_third  flex_column_table_cell av-equal-height-column av-align-top avia-link-column av-column-link avia-link-column-hover   avia-builder-el-9  el_after_av_one_third  el_before_av_one_third  coliconhome column-top-margin\" style='padding:5px 0px 0px 0px ; border-radius:0px; ' data-link-column-url=\"http:\/\/\" ><a class=\"av-screen-reader-only\" href=http:\/\/ >Folge einem manuell hinzugef\u00fcgten Link<\/a><p><div  id=\"play-home-video\"  class='avia-image-container  av-styling-circle    avia-builder-el-10  el_before_av_heading  avia-builder-el-first  video-play-button avia-align-center '  itemprop=\"image\" itemscope=\"itemscope\" itemtype=\"https:\/\/schema.org\/ImageObject\"  ><div class='avia-image-container-inner'><div class='avia-image-overlay-wrap'><a href='https:\/\/moretpackaging.com\/interleaving\/de\/interleaver-rollen-milchindustrie\/' class='avia_image'  ><img width=\"100\" height=\"100\" class='wp-image-964 avia-img-lazy-loading-not-964 avia_image' src=\"https:\/\/moretpackaging.com\/interleaving\/wp-content\/uploads\/2021\/03\/icon-industria-lactea.jpg\" alt='Milchindustrie' title='Milchindustrie'  itemprop=\"thumbnailUrl\" srcset=\"https:\/\/moretpackaging.com\/interleaving\/wp-content\/uploads\/2021\/03\/icon-industria-lactea.jpg 100w, https:\/\/moretpackaging.com\/interleaving\/wp-content\/uploads\/2021\/03\/icon-industria-lactea-80x80.jpg 80w, https:\/\/moretpackaging.com\/interleaving\/wp-content\/uploads\/2021\/03\/icon-industria-lactea-36x36.jpg 36w\" sizes=\"(max-width: 100px) 100vw, 100px\" \/><\/a><\/div><\/div><\/div><br \/>\n<div  style='padding-bottom:1px; margin-top:25px; font-size:18px;' class='av-special-heading av-special-heading-h3  blockquote modern-quote modern-centered  avia-builder-el-11  el_after_av_image  el_before_av_textblock  subtitulo av-inherit-size av-linked-heading '><h3 class='av-special-heading-tag  av-medium-font-size-overwrite av-medium-font-size-20 av-small-font-size-overwrite av-small-font-size-20 av-mini-font-size-overwrite av-mini-font-size-20'  itemprop=\"headline\"  ><a href=\"https:\/\/moretpackaging.com\/interleaving\/de\/interleaver-rollen-milchindustrie\/\">Milchindustrie<\/a><\/h3><div class='special-heading-border'><div class='special-heading-inner-border' ><\/div><\/div><\/div><br \/>\n<section class=\"av_textblock_section \"  itemscope=\"itemscope\" itemtype=\"https:\/\/schema.org\/CreativeWork\" ><div class='avia_textblock  av_inherit_color '  style='font-size:14px; '  itemprop=\"text\" ><p style=\"text-align: center;\">Interleaver f\u00fcr K\u00e4se auf Rollen. Die \u00f6kologische Alternative zur traditionell verwendeten Kunststofffolie. Maximale Flexibilit\u00e4t bei Lieferungen.<\/p>\n<\/div><\/section><\/p><\/div><div class='av-flex-placeholder'><\/div><div class=\"flex_column av_one_third  flex_column_table_cell av-equal-height-column av-align-top avia-link-column av-column-link avia-link-column-hover   avia-builder-el-13  el_after_av_one_third  el_before_av_section  avia-builder-el-last  coliconhome column-top-margin\" style='padding:5px 0px 25px 0px ; border-radius:0px; ' data-link-column-url=\"http:\/\/\" ><a class=\"av-screen-reader-only\" href=http:\/\/ >Folge einem manuell hinzugef\u00fcgten Link<\/a><p><div  id=\"play-home-video\"  class='avia-image-container  av-styling-circle    avia-builder-el-14  el_before_av_heading  avia-builder-el-first  video-play-button avia-align-center '  itemprop=\"image\" itemscope=\"itemscope\" itemtype=\"https:\/\/schema.org\/ImageObject\"  ><div class='avia-image-container-inner'><div class='avia-image-overlay-wrap'><a href='https:\/\/moretpackaging.com\/interleaving\/de\/spezialpapier-fur-industrieofen\/' class='avia_image'  ><img width=\"100\" height=\"100\" class='wp-image-846 avia-img-lazy-loading-not-846 avia_image' src=\"https:\/\/moretpackaging.com\/interleaving\/wp-content\/uploads\/2020\/12\/icon-home-3.jpg\" alt='Backpapier' title='Backpapier'  itemprop=\"thumbnailUrl\" srcset=\"https:\/\/moretpackaging.com\/interleaving\/wp-content\/uploads\/2020\/12\/icon-home-3.jpg 100w, https:\/\/moretpackaging.com\/interleaving\/wp-content\/uploads\/2020\/12\/icon-home-3-80x80.jpg 80w, https:\/\/moretpackaging.com\/interleaving\/wp-content\/uploads\/2020\/12\/icon-home-3-36x36.jpg 36w\" sizes=\"(max-width: 100px) 100vw, 100px\" \/><\/a><\/div><\/div><\/div><br \/>\n<div  style='padding-bottom:1px; margin-top:25px; font-size:18px;' class='av-special-heading av-special-heading-h3  blockquote modern-quote modern-centered  avia-builder-el-15  el_after_av_image  el_before_av_textblock  subtitulo av-inherit-size av-linked-heading '><h3 class='av-special-heading-tag  av-medium-font-size-overwrite av-medium-font-size-20 av-small-font-size-overwrite av-small-font-size-20 av-mini-font-size-overwrite av-mini-font-size-20'  itemprop=\"headline\"  ><a href=\"https:\/\/moretpackaging.com\/interleaving\/de\/spezialpapier-fur-industrieofen\/\">Backpapier<\/a><\/h3><div class='special-heading-border'><div class='special-heading-inner-border' ><\/div><\/div><\/div><br \/>\n<section class=\"av_textblock_section \"  itemscope=\"itemscope\" itemtype=\"https:\/\/schema.org\/CreativeWork\" ><div class='avia_textblock  av_inherit_color '  style='font-size:14px; '  itemprop=\"text\" ><p style=\"text-align: center;\">Spezialpapier f\u00fcr Back\u00f6fen, hochbest\u00e4ndig, best\u00e4ndig bei hohen Temperaturen und Fette, erh\u00e4ltlich in verschiedenen Formaten und geeignet f\u00fcr unterschiedliche Anwendungen.<\/p>\n<\/div><\/section><\/p><\/div><\/div><!--close column table wrapper. Autoclose: 1 --><\/div><\/div><\/div><!-- close content main div --><\/div><\/div><div id='av_section_1'  class='avia-section main_color avia-section-no-padding avia-no-border-styling  avia-full-stretch avia-bg-style-scroll  avia-builder-el-17  el_after_av_one_third  el_before_av_section  imagenfooter  av-minimum-height av-minimum-height-30  container_wrap sidebar_right' style='background-color: #f9f9f9; background-repeat: no-repeat; background-image: url(https:\/\/moretpackaging.com\/interleaving\/wp-content\/uploads\/2021\/03\/footer-home-interleaving.jpg);background-attachment: scroll; background-position: center center;  '  data-section-bg-repeat='stretch' data-av_minimum_height_pc='30'><div class='container' ><div class='template-page content  av-content-small alpha units'><div class='post-entry post-entry-type-page post-entry-1022'><div class='entry-content-wrapper clearfix'><\/p>\n<\/div><\/div><\/div><!-- close content main div --><\/div><\/div><div id='av_section_2'  class='avia-section main_color avia-section-default avia-no-border-styling  avia-bg-style-scroll  avia-builder-el-18  el_after_av_section  avia-builder-el-last   container_wrap sidebar_right' style='background-color: #f9f9f9;  '  ><div class='container' ><div class='template-page content  av-content-small alpha units'><div class='post-entry post-entry-type-page post-entry-1022'><div class='entry-content-wrapper clearfix'>\n<div class=\"flex_column av_one_full  flex_column_div av-zero-column-padding first  avia-builder-el-19  avia-builder-el-no-sibling  \" style='margin-top:20px; margin-bottom:20px; border-radius:0px; '><p><div  style='padding-bottom:0px; color:#333333;' class='av-special-heading av-special-heading-h2 custom-color-heading blockquote modern-quote modern-centered  avia-builder-el-20  el_before_av_tab_container  avia-builder-el-first  '><h2 class='av-special-heading-tag  av-mini-font-size-overwrite av-mini-font-size-20'  itemprop=\"headline\"  >FRAGEN SIE UNS UNVERBINDLICH NACH WEITEREN INFORMATIONEN<\/h2><div class ='av-subheading av-subheading_below av_custom_color ' style='font-size:15px;'><p>Bitte geben Sie alle Daten ein.<\/p>\n<\/div><div class='special-heading-border'><div class='special-heading-inner-border' style='border-color:#333333'><\/div><\/div><\/div><br \/>\n<div  id=\"footerform\"  class=\"tabcontainer   top_tab   avia-builder-el-21  el_after_av_heading  avia-builder-el-last  camposform\" role=\"tablist\">\n\n<section class=\"av_tab_section\"  itemscope=\"itemscope\" itemtype=\"https:\/\/schema.org\/CreativeWork\" ><div aria-controls=\"tab-id-1-content\" role=\"tab\" tabindex=\"0\" data-fake-id=\"#tab-id-1\" class=\"tab active_tab\"  itemprop=\"headline\" ><span class='tab_icon' aria-hidden='true' data-av_icon='\ue8b1' data-av_iconfont='entypo-fontello'><\/span>Ich bin ein Unternehmen<\/div>\n<div id=\"tab-id-1-content\" class=\"tab_content active_tab_content\" aria-hidden=\"false\">\n<div class=\"tab_inner_content invers-color\"  itemprop=\"text\" >\n<p><script charset=\"utf-8\" type=\"text\/javascript\" src=\"\/\/js.hsforms.net\/forms\/shell.js\"><\/script><br \/>\n<script>\n  hbspt.forms.create({\n\tportalId: \"8722628\",\n\tformId: \"c6a20625-9fd1-4bde-b3ac-512d21a32c1a\"\n});\n<\/script><\/p>\n\n<\/div>\n<\/div>\n<\/section>\n\n<section class=\"av_tab_section\"  itemscope=\"itemscope\" itemtype=\"https:\/\/schema.org\/CreativeWork\" ><div aria-controls=\"tab-id-2-content\" role=\"tab\" tabindex=\"0\" data-fake-id=\"#tab-id-2\" class=\"tab \"  itemprop=\"headline\" ><span class='tab_icon' aria-hidden='true' data-av_icon='\ue80a' data-av_iconfont='entypo-fontello'><\/span>Ich bin eine Privatperson<\/div>\n<div id=\"tab-id-2-content\" class=\"tab_content \" aria-hidden=\"true\">\n<div class=\"tab_inner_content invers-color\"  itemprop=\"text\" >\n<p>Wir vermitteln Ihnen den Kontakt zum n\u00e4chstgelegenen Vertriebspartner.<br \/>\n<script charset=\"utf-8\" type=\"text\/javascript\" src=\"\/\/js.hsforms.net\/forms\/shell.js\"><\/script><br \/>\n<script>\n  hbspt.forms.create({\n\tportalId: \"8722628\",\n\tformId: \"2ddfcae6-acd1-4313-9810-907a4d9cbf8e\"\n});\n<\/script><\/p>\n\n<\/div>\n<\/div>\n<\/section>\n\n<\/div>\n<\/p><\/div>\n<\/div><\/div><\/div><!-- close content main div --><\/div><\/div><div id='after_section_2'  class='main_color av_default_container_wrap container_wrap sidebar_right' style=' '  ><div class='container' ><div class='template-page content  av-content-small alpha units'><div class='post-entry post-entry-type-page post-entry-1022'><div class='entry-content-wrapper clearfix'>\n","protected":false},"excerpt":{"rendered":"","protected":false},"author":1,"featured_media":0,"parent":0,"menu_order":0,"comment_status":"closed","ping_status":"closed","template":"","meta":[],"yoast_head":"<!-- This site is optimized with the Yoast SEO plugin v15.5 - https:\/\/yoast.com\/wordpress\/plugins\/seo\/ -->\n<title>Hersteller von Interleaver technischem Papier f\u00fcr Lebensmittelprodukte<\/title>\n<meta name=\"description\" content=\"Hersteller von technischem Interleaver-Papier f\u00fcr gro\u00dfe Fabriken von Fleischwaren, Schnittk\u00e4se, Schinken und Lebensmittelprodukten.\" \/>\n<meta name=\"robots\" content=\"index, follow, max-snippet:-1, max-image-preview:large, max-video-preview:-1\" \/>\n<link rel=\"canonical\" href=\"https:\/\/moretpackaging.com\/interleaving\/de\/\" \/>\n<meta property=\"og:locale\" content=\"de_DE\" \/>\n<meta property=\"og:type\" content=\"article\" \/>\n<meta property=\"og:title\" content=\"Hersteller von Interleaver technischem Papier f\u00fcr Lebensmittelprodukte\" \/>\n<meta property=\"og:description\" content=\"Hersteller von technischem Interleaver-Papier f\u00fcr gro\u00dfe Fabriken von Fleischwaren, Schnittk\u00e4se, Schinken und Lebensmittelprodukten.\" \/>\n<meta property=\"og:url\" content=\"https:\/\/moretpackaging.com\/interleaving\/de\/\" \/>\n<meta property=\"og:site_name\" content=\"Interleaving\" \/>\n<meta property=\"article:modified_time\" content=\"2021-04-20T10:33:08+00:00\" \/>\n<meta name=\"twitter:card\" content=\"summary_large_image\" \/>\n<meta name=\"twitter:label1\" content=\"Gesch\u00e4tzte Lesezeit\">\n\t<meta name=\"twitter:data1\" content=\"8\u00a0Minuten\">\n<script type=\"application\/ld+json\" class=\"yoast-schema-graph\">{\"@context\":\"https:\/\/schema.org\",\"@graph\":[{\"@type\":\"WebSite\",\"@id\":\"https:\/\/moretpackaging.com\/interleaving\/#website\",\"url\":\"https:\/\/moretpackaging.com\/interleaving\/\",\"name\":\"Interleaving\",\"description\":\"Papel t\\u00e9cnico Interleaver para grandes industrias alimentarias\",\"potentialAction\":[{\"@type\":\"SearchAction\",\"target\":\"https:\/\/moretpackaging.com\/interleaving\/?s={search_term_string}\",\"query-input\":\"required name=search_term_string\"}],\"inLanguage\":\"de\"},{\"@type\":\"WebPage\",\"@id\":\"https:\/\/moretpackaging.com\/interleaving\/de\/#webpage\",\"url\":\"https:\/\/moretpackaging.com\/interleaving\/de\/\",\"name\":\"Hersteller von Interleaver technischem Papier f\\u00fcr Lebensmittelprodukte\",\"isPartOf\":{\"@id\":\"https:\/\/moretpackaging.com\/interleaving\/#website\"},\"datePublished\":\"2021-03-30T08:48:50+00:00\",\"dateModified\":\"2021-04-20T10:33:08+00:00\",\"description\":\"Hersteller von technischem Interleaver-Papier f\\u00fcr gro\\u00dfe Fabriken von Fleischwaren, Schnittk\\u00e4se, Schinken und Lebensmittelprodukten.\",\"inLanguage\":\"de\",\"potentialAction\":[{\"@type\":\"ReadAction\",\"target\":[\"https:\/\/moretpackaging.com\/interleaving\/de\/\"]}]}]}<\/script>\n<!-- \/ Yoast SEO plugin. -->","_links":{"self":[{"href":"https:\/\/moretpackaging.com\/interleaving\/de\/wp-json\/wp\/v2\/pages\/1022"}],"collection":[{"href":"https:\/\/moretpackaging.com\/interleaving\/de\/wp-json\/wp\/v2\/pages"}],"about":[{"href":"https:\/\/moretpackaging.com\/interleaving\/de\/wp-json\/wp\/v2\/types\/page"}],"author":[{"embeddable":true,"href":"https:\/\/moretpackaging.com\/interleaving\/de\/wp-json\/wp\/v2\/users\/1"}],"replies":[{"embeddable":true,"href":"https:\/\/moretpackaging.com\/interleaving\/de\/wp-json\/wp\/v2\/comments?post=1022"}],"version-history":[{"count":3,"href":"https:\/\/moretpackaging.com\/interleaving\/de\/wp-json\/wp\/v2\/pages\/1022\/revisions"}],"predecessor-version":[{"id":1131,"href":"https:\/\/moretpackaging.com\/interleaving\/de\/wp-json\/wp\/v2\/pages\/1022\/revisions\/1131"}],"wp:attachment":[{"href":"https:\/\/moretpackaging.com\/interleaving\/de\/wp-json\/wp\/v2\/media?parent=1022"}],"curies":[{"name":"wp","href":"https:\/\/api.w.org\/{rel}","templated":true}]}}