{"id":1049,"date":"2021-03-30T09:21:19","date_gmt":"2021-03-30T09:21:19","guid":{"rendered":"https:\/\/moretpackaging.com\/interleaving\/fabricante-papel-interleaver-hojas-bobinas-industria-carnica\/"},"modified":"2021-04-20T08:55:36","modified_gmt":"2021-04-20T08:55:36","slug":"fleischindustrie-ersteller-papier-interleaver-bogen-rollen","status":"publish","type":"page","link":"https:\/\/moretpackaging.com\/interleaving\/de\/fleischindustrie-ersteller-papier-interleaver-bogen-rollen\/","title":{"rendered":"Fleischindustrie"},"content":{"rendered":"<div id='layer_slider_1'  class='avia-layerslider main_color avia-shadow  avia-builder-el-0  el_before_av_one_full  avia-builder-el-first  container_wrap sidebar_right' style='  height: 501px;' ><\/div><div id='after_layer_slider_1'  class='main_color av_default_container_wrap container_wrap sidebar_right' style=' '  ><div class='container' ><div class='template-page content  av-content-small alpha units'><div class='post-entry post-entry-type-page post-entry-1049'><div class='entry-content-wrapper clearfix'>\n<div class=\"flex_column av_one_full  flex_column_div av-zero-column-padding first  avia-builder-el-1  el_after_av_layerslider  el_before_av_one_half  avia-builder-el-first  \" style='margin-top:15px; margin-bottom:15px; border-radius:0px; '><p><div  style='padding-bottom:0px; margin:0px 0px 0px 0px; ' class='av-special-heading av-special-heading-h1  blockquote modern-quote modern-centered  avia-builder-el-2  el_before_av_hr  avia-builder-el-first  titular '><h1 class='av-special-heading-tag '  itemprop=\"headline\"  >Interleaver in B\u00f6gen und auf Rollen f\u00fcr die Fleischindustrie von Moret Packaging<\/h1><div class='special-heading-border'><div class='special-heading-inner-border' ><\/div><\/div><\/div><br \/>\n<div  style=' margin-top:10px; margin-bottom:10px;'  class='hr hr-custom hr-center hr-icon-no   avia-builder-el-3  el_after_av_heading  el_before_av_textblock '><span class='hr-inner  inner-border-av-border-thin' style=' width:50px; border-color:#333333;' ><span class='hr-inner-style'><\/span><\/span><\/div><br \/>\n<section class=\"av_textblock_section \"  itemscope=\"itemscope\" itemtype=\"https:\/\/schema.org\/CreativeWork\" ><div class='avia_textblock titular-destacado '   itemprop=\"text\" ><h2 style=\"text-align: center;\">Papiertr\u00e4ger und Papiertrenner (Underleaver und Interleaver) von au\u00dfergew\u00f6hnlicher Qualit\u00e4t auf Rollen und perforierte oder unperforierte Bl\u00e4ttern in den vom Kunden gew\u00fcnschten Gr\u00f6\u00dfen. F\u00fcr alle Arten von hochproduktiven automatischen Maschinen.<\/h2>\n<\/div><\/section><\/p><\/div><div class='flex_column_table av-equal-height-column-flextable -flextable' style='margin-top:0px; margin-bottom:0px; '><div class=\"flex_column av_one_half  av-animated-generic bottom-to-top  flex_column_table_cell av-equal-height-column av-align-top av-zero-column-padding first  avia-builder-el-5  el_after_av_one_full  el_before_av_one_half  column-top-margin\" style='border-radius:0px; '><p><div  class='avia-image-container avia_animated_image avia_animate_when_almost_visible fade-in av-styling-circle    avia-builder-el-6  el_before_av_heading  avia-builder-el-first  avia-align- '  itemprop=\"image\" itemscope=\"itemscope\" itemtype=\"https:\/\/schema.org\/ImageObject\"  ><div class='avia-image-container-inner'><div class='avia-image-overlay-wrap'><img class='wp-image-844 avia-img-lazy-loading-not-844 avia_image' src=\"https:\/\/moretpackaging.com\/interleaving\/wp-content\/uploads\/2020\/12\/icon-home-01.jpg\" alt='hojas papel industrial' title='icon-home-01' height=\"100\" width=\"100\"  itemprop=\"thumbnailUrl\" srcset=\"https:\/\/moretpackaging.com\/interleaving\/wp-content\/uploads\/2020\/12\/icon-home-01.jpg 100w, https:\/\/moretpackaging.com\/interleaving\/wp-content\/uploads\/2020\/12\/icon-home-01-80x80.jpg 80w, https:\/\/moretpackaging.com\/interleaving\/wp-content\/uploads\/2020\/12\/icon-home-01-36x36.jpg 36w\" sizes=\"(max-width: 100px) 100vw, 100px\" \/><\/div><\/div><\/div><br \/>\n<div  style='padding-bottom:0px; margin:20px 0px 20px 0px; ' class='av-special-heading av-special-heading-h3  blockquote modern-quote  avia-builder-el-7  el_after_av_image  el_before_av_textblock  '><h3 class='av-special-heading-tag '  itemprop=\"headline\"  >Papier-Interleaver in B\u00f6gen<\/h3><div class='special-heading-border'><div class='special-heading-inner-border' ><\/div><\/div><\/div><br \/>\n<section class=\"av_textblock_section \"  itemscope=\"itemscope\" itemtype=\"https:\/\/schema.org\/CreativeWork\" ><div class='avia_textblock  '   itemprop=\"text\" ><p>Unser Papier ist ein hervorragender Tr\u00e4ger f\u00fcr Hamburger, K\u00e4se, Aufschnitt, Lachs, etc. Er arbeitet perfekt in automatischen Maschinen der hochindustriellen Produktion. Sie besteht aus 100 % Frischzellulose und ist extrem fett- und feuchtigkeitsbest\u00e4ndig, wodurch sie sich leicht von den Lebensmitteln trennen l\u00e4sst. Es wird in verschiedenen Formen und Gr\u00f6\u00dfen geliefert, sowie perforiert, wenn es die Maschine erfordert.<\/p>\n<\/div><\/section><\/p><\/div><div class='av-flex-placeholder'><\/div><div class=\"flex_column av_one_half  av-animated-generic bottom-to-top  flex_column_table_cell av-equal-height-column av-align-top av-zero-column-padding   avia-builder-el-9  el_after_av_one_half  el_before_av_one_full  column-top-margin\" style='border-radius:0px; '><p><div  class='avia-image-container avia_animated_image avia_animate_when_almost_visible fade-in av-styling-circle    avia-builder-el-10  el_before_av_heading  avia-builder-el-first  avia-align- '  itemprop=\"image\" itemscope=\"itemscope\" itemtype=\"https:\/\/schema.org\/ImageObject\"  ><div class='avia-image-container-inner'><div class='avia-image-overlay-wrap'><img class='wp-image-845 avia-img-lazy-loading-not-845 avia_image' src=\"https:\/\/moretpackaging.com\/interleaving\/wp-content\/uploads\/2020\/12\/icon-home-2.jpg\" alt='rollo industrial' title='icon-home-2' height=\"100\" width=\"100\"  itemprop=\"thumbnailUrl\" srcset=\"https:\/\/moretpackaging.com\/interleaving\/wp-content\/uploads\/2020\/12\/icon-home-2.jpg 100w, https:\/\/moretpackaging.com\/interleaving\/wp-content\/uploads\/2020\/12\/icon-home-2-80x80.jpg 80w, https:\/\/moretpackaging.com\/interleaving\/wp-content\/uploads\/2020\/12\/icon-home-2-36x36.jpg 36w\" sizes=\"(max-width: 100px) 100vw, 100px\" \/><\/div><\/div><\/div><br \/>\n<div  style='padding-bottom:0px; margin-top:20px; margin-bottom:20px; ' class='av-special-heading av-special-heading-h3  blockquote modern-quote  avia-builder-el-11  el_after_av_image  el_before_av_textblock  '><h3 class='av-special-heading-tag '  itemprop=\"headline\"  >Papier-Interleaver auf Spulen<\/h3><div class='special-heading-border'><div class='special-heading-inner-border' ><\/div><\/div><\/div><br \/>\n<section class=\"av_textblock_section \"  itemscope=\"itemscope\" itemtype=\"https:\/\/schema.org\/CreativeWork\" ><div class='avia_textblock  '   itemprop=\"text\" ><p>Wir fertigen Spulen in verschiedenen Materialien f\u00fcr hochproduktive Industriemaschinen zur Herstellung von Hamburgern und Hackfleischportionen.<\/p>\n<p>Sie werden in Gr\u00f6\u00dfen und L\u00e4ngen nach Wahl des Kunden entsprechend den Maschinenanforderungen geliefert. Sie besteht aus 100 % Frischzellulose und ist extrem fett- und feuchtigkeitsbest\u00e4ndig, wodurch sie sich leicht von den Lebensmitteln trennen l\u00e4sst.<\/p>\n<p>Unsere Spulen arbeiten perfekt auf Hochleistungsmaschinen.<\/p>\n<\/div><\/section><\/p><\/div><\/div><!--close column table wrapper. Autoclose: 1 --><div class=\"flex_column av_one_full  flex_column_div av-zero-column-padding first  avia-builder-el-13  el_after_av_one_half  el_before_av_section  avia-builder-el-last  column-top-margin\" style='margin-top:0px; margin-bottom:0px; border-radius:0px; '><div  class='avia-image-container  av-styling-    avia-builder-el-14  avia-builder-el-no-sibling  avia-align-center '  itemprop=\"image\" itemscope=\"itemscope\" itemtype=\"https:\/\/schema.org\/ImageObject\"  ><div class='avia-image-container-inner'><div class='avia-image-overlay-wrap'><img class='wp-image-850 avia-img-lazy-loading-not-850 avia_image' src=\"https:\/\/moretpackaging.com\/interleaving\/wp-content\/uploads\/2021\/01\/interleaving-papel-maquinas-footer.jpg\" alt='maquinas' title='interleaving-papel-maquinas-footer' height=\"618\" width=\"1720\"  itemprop=\"thumbnailUrl\" srcset=\"https:\/\/moretpackaging.com\/interleaving\/wp-content\/uploads\/2021\/01\/interleaving-papel-maquinas-footer.jpg 1720w, https:\/\/moretpackaging.com\/interleaving\/wp-content\/uploads\/2021\/01\/interleaving-papel-maquinas-footer-300x108.jpg 300w, https:\/\/moretpackaging.com\/interleaving\/wp-content\/uploads\/2021\/01\/interleaving-papel-maquinas-footer-1030x370.jpg 1030w, https:\/\/moretpackaging.com\/interleaving\/wp-content\/uploads\/2021\/01\/interleaving-papel-maquinas-footer-768x276.jpg 768w, https:\/\/moretpackaging.com\/interleaving\/wp-content\/uploads\/2021\/01\/interleaving-papel-maquinas-footer-1536x552.jpg 1536w, https:\/\/moretpackaging.com\/interleaving\/wp-content\/uploads\/2021\/01\/interleaving-papel-maquinas-footer-1500x539.jpg 1500w, https:\/\/moretpackaging.com\/interleaving\/wp-content\/uploads\/2021\/01\/interleaving-papel-maquinas-footer-705x253.jpg 705w\" sizes=\"(max-width: 1720px) 100vw, 1720px\" \/><\/div><\/div><\/div><\/div><\/p>\n<\/div><\/div><\/div><!-- close content main div --><\/div><\/div><div id='av_section_1'  class='avia-section main_color avia-section-no-padding avia-no-border-styling  avia-full-stretch avia-bg-style-scroll  avia-builder-el-15  el_after_av_one_full  el_before_av_section  imagenfooter  av-minimum-height av-minimum-height-40  container_wrap sidebar_right' style='background-color: #f9f9f9; background-repeat: no-repeat; background-image: url(https:\/\/moretpackaging.com\/interleaving\/wp-content\/uploads\/2020\/12\/footer-interleaving-papel.jpg);background-attachment: scroll; background-position: center center;  margin-top:0px; margin-bottom:0px; '  data-section-bg-repeat='stretch' data-av_minimum_height_pc='40'><div class='container' ><div class='template-page content  av-content-small alpha units'><div class='post-entry post-entry-type-page post-entry-1049'><div class='entry-content-wrapper clearfix'>\n<\/div><\/div><\/div><!-- close content main div --><\/div><\/div><div id='av_section_2'  class='avia-section main_color avia-section-default avia-no-border-styling  avia-bg-style-scroll  avia-builder-el-16  el_after_av_section  avia-builder-el-last   container_wrap sidebar_right' style='background-color: #f9f9f9;  '  ><div class='container' ><div class='template-page content  av-content-small alpha units'><div class='post-entry post-entry-type-page post-entry-1049'><div class='entry-content-wrapper clearfix'>\n<div class=\"flex_column av_one_full  flex_column_div av-zero-column-padding first  avia-builder-el-17  avia-builder-el-no-sibling  \" style='margin-top:20px; margin-bottom:20px; border-radius:0px; '><p><div  style='padding-bottom:20px; color:#333333;' class='av-special-heading av-special-heading-h2 custom-color-heading blockquote modern-quote modern-centered  avia-builder-el-18  el_before_av_tab_container  avia-builder-el-first  '><h2 class='av-special-heading-tag  av-mini-font-size-overwrite av-mini-font-size-20'  itemprop=\"headline\"  >FRAGEN SIE UNS UNVERBINDLICH NACH WEITEREN INFORMATIONEN<\/h2><div class ='av-subheading av-subheading_below av_custom_color ' style='font-size:15px;'><p>Bitte geben Sie alle Daten ein.<\/p>\n<\/div><div class='special-heading-border'><div class='special-heading-inner-border' style='border-color:#333333'><\/div><\/div><\/div><br \/>\n<div  id=\"footerform\"  class=\"tabcontainer   top_tab   avia-builder-el-19  el_after_av_heading  avia-builder-el-last  camposform\" role=\"tablist\">\n\n<section class=\"av_tab_section\"  itemscope=\"itemscope\" itemtype=\"https:\/\/schema.org\/CreativeWork\" ><div aria-controls=\"tab-id-1-content\" role=\"tab\" tabindex=\"0\" data-fake-id=\"#tab-id-1\" class=\"tab active_tab\"  itemprop=\"headline\" ><span class='tab_icon' aria-hidden='true' data-av_icon='\ue8b1' data-av_iconfont='entypo-fontello'><\/span>Ich bin ein Unternehmen<\/div>\n<div id=\"tab-id-1-content\" class=\"tab_content active_tab_content\" aria-hidden=\"false\">\n<div class=\"tab_inner_content invers-color\"  itemprop=\"text\" >\n<p><script charset=\"utf-8\" type=\"text\/javascript\" src=\"\/\/js.hsforms.net\/forms\/shell.js\"><\/script><br \/>\n<script>\n  hbspt.forms.create({\n\tportalId: \"8722628\",\n\tformId: \"c6a20625-9fd1-4bde-b3ac-512d21a32c1a\"\n});\n<\/script><\/p>\n\n<\/div>\n<\/div>\n<\/section>\n\n<section class=\"av_tab_section\"  itemscope=\"itemscope\" itemtype=\"https:\/\/schema.org\/CreativeWork\" ><div aria-controls=\"tab-id-2-content\" role=\"tab\" tabindex=\"0\" data-fake-id=\"#tab-id-2\" class=\"tab \"  itemprop=\"headline\" ><span class='tab_icon' aria-hidden='true' data-av_icon='\ue80a' data-av_iconfont='entypo-fontello'><\/span>Ich bin eine Privatperson<\/div>\n<div id=\"tab-id-2-content\" class=\"tab_content \" aria-hidden=\"true\">\n<div class=\"tab_inner_content invers-color\"  itemprop=\"text\" >\n<p>Wir vermitteln Ihnen den Kontakt zum n\u00e4chstgelegenen Vertriebspartner.<br \/>\n<script charset=\"utf-8\" type=\"text\/javascript\" src=\"\/\/js.hsforms.net\/forms\/shell.js\"><\/script><br \/>\n<script>\n  hbspt.forms.create({\n\tportalId: \"8722628\",\n\tformId: \"2ddfcae6-acd1-4313-9810-907a4d9cbf8e\"\n});\n<\/script><\/p>\n\n<\/div>\n<\/div>\n<\/section>\n\n<\/div>\n<\/p><\/div><\/div><\/div><\/div><!-- close content main div --><\/div><\/div><div id='after_section_2'  class='main_color av_default_container_wrap container_wrap sidebar_right' style=' '  ><div class='container' ><div class='template-page content  av-content-small alpha units'><div class='post-entry post-entry-type-page post-entry-1049'><div class='entry-content-wrapper clearfix'>\n","protected":false},"excerpt":{"rendered":"","protected":false},"author":1,"featured_media":0,"parent":0,"menu_order":0,"comment_status":"closed","ping_status":"closed","template":"","meta":[],"yoast_head":"<!-- This site is optimized with the Yoast SEO plugin v15.5 - https:\/\/yoast.com\/wordpress\/plugins\/seo\/ -->\n<title>Interleaver in Bl\u00e4ttern und Rollen f\u00fcr die Fleischindustrie<\/title>\n<meta name=\"description\" content=\"Bei Moret Packaging sind wir Hersteller von Interleaver- und Underleaver-Papier in B\u00f6gen und Rollen f\u00fcr die Fleischindustrie.\" \/>\n<meta name=\"robots\" content=\"index, follow, max-snippet:-1, max-image-preview:large, max-video-preview:-1\" \/>\n<link rel=\"canonical\" href=\"https:\/\/moretpackaging.com\/interleaving\/de\/fleischindustrie-ersteller-papier-interleaver-bogen-rollen\/\" \/>\n<meta property=\"og:locale\" content=\"de_DE\" \/>\n<meta property=\"og:type\" content=\"article\" \/>\n<meta property=\"og:title\" content=\"Interleaver in Bl\u00e4ttern und Rollen f\u00fcr die Fleischindustrie\" \/>\n<meta property=\"og:description\" content=\"Bei Moret Packaging sind wir Hersteller von Interleaver- und Underleaver-Papier in B\u00f6gen und Rollen f\u00fcr die Fleischindustrie.\" \/>\n<meta property=\"og:url\" content=\"https:\/\/moretpackaging.com\/interleaving\/de\/fleischindustrie-ersteller-papier-interleaver-bogen-rollen\/\" \/>\n<meta property=\"og:site_name\" content=\"Interleaving\" \/>\n<meta property=\"article:modified_time\" content=\"2021-04-20T08:55:36+00:00\" \/>\n<meta name=\"twitter:card\" content=\"summary_large_image\" \/>\n<meta name=\"twitter:label1\" content=\"Gesch\u00e4tzte Lesezeit\">\n\t<meta name=\"twitter:data1\" content=\"8\u00a0Minuten\">\n<script type=\"application\/ld+json\" class=\"yoast-schema-graph\">{\"@context\":\"https:\/\/schema.org\",\"@graph\":[{\"@type\":\"WebSite\",\"@id\":\"https:\/\/moretpackaging.com\/interleaving\/#website\",\"url\":\"https:\/\/moretpackaging.com\/interleaving\/\",\"name\":\"Interleaving\",\"description\":\"Papel t\\u00e9cnico Interleaver para grandes industrias alimentarias\",\"potentialAction\":[{\"@type\":\"SearchAction\",\"target\":\"https:\/\/moretpackaging.com\/interleaving\/?s={search_term_string}\",\"query-input\":\"required name=search_term_string\"}],\"inLanguage\":\"de\"},{\"@type\":\"WebPage\",\"@id\":\"https:\/\/moretpackaging.com\/interleaving\/de\/fleischindustrie-ersteller-papier-interleaver-bogen-rollen\/#webpage\",\"url\":\"https:\/\/moretpackaging.com\/interleaving\/de\/fleischindustrie-ersteller-papier-interleaver-bogen-rollen\/\",\"name\":\"Interleaver in Bl\\u00e4ttern und Rollen f\\u00fcr die Fleischindustrie\",\"isPartOf\":{\"@id\":\"https:\/\/moretpackaging.com\/interleaving\/#website\"},\"datePublished\":\"2021-03-30T09:21:19+00:00\",\"dateModified\":\"2021-04-20T08:55:36+00:00\",\"description\":\"Bei Moret Packaging sind wir Hersteller von Interleaver- und Underleaver-Papier in B\\u00f6gen und Rollen f\\u00fcr die Fleischindustrie.\",\"inLanguage\":\"de\",\"potentialAction\":[{\"@type\":\"ReadAction\",\"target\":[\"https:\/\/moretpackaging.com\/interleaving\/de\/fleischindustrie-ersteller-papier-interleaver-bogen-rollen\/\"]}]}]}<\/script>\n<!-- \/ Yoast SEO plugin. -->","_links":{"self":[{"href":"https:\/\/moretpackaging.com\/interleaving\/de\/wp-json\/wp\/v2\/pages\/1049"}],"collection":[{"href":"https:\/\/moretpackaging.com\/interleaving\/de\/wp-json\/wp\/v2\/pages"}],"about":[{"href":"https:\/\/moretpackaging.com\/interleaving\/de\/wp-json\/wp\/v2\/types\/page"}],"author":[{"embeddable":true,"href":"https:\/\/moretpackaging.com\/interleaving\/de\/wp-json\/wp\/v2\/users\/1"}],"replies":[{"embeddable":true,"href":"https:\/\/moretpackaging.com\/interleaving\/de\/wp-json\/wp\/v2\/comments?post=1049"}],"version-history":[{"count":2,"href":"https:\/\/moretpackaging.com\/interleaving\/de\/wp-json\/wp\/v2\/pages\/1049\/revisions"}],"predecessor-version":[{"id":1064,"href":"https:\/\/moretpackaging.com\/interleaving\/de\/wp-json\/wp\/v2\/pages\/1049\/revisions\/1064"}],"wp:attachment":[{"href":"https:\/\/moretpackaging.com\/interleaving\/de\/wp-json\/wp\/v2\/media?parent=1049"}],"curies":[{"name":"wp","href":"https:\/\/api.w.org\/{rel}","templated":true}]}}