{"id":712,"date":"2020-12-15T15:08:17","date_gmt":"2020-12-15T15:08:17","guid":{"rendered":"https:\/\/moretpackaging.com\/interleaving\/aviso-legal\/"},"modified":"2021-02-16T11:50:17","modified_gmt":"2021-02-16T11:50:17","slug":"rechtlicher-hinweis","status":"publish","type":"page","link":"https:\/\/moretpackaging.com\/interleaving\/de\/rechtlicher-hinweis\/","title":{"rendered":"Aviso Legal"},"content":{"rendered":"<div class=\"flex_column av_one_full  flex_column_div av-zero-column-padding first  avia-builder-el-0  avia-builder-el-no-sibling  \" style='border-radius:0px; '><p><div  style='padding-bottom:10px; ' class='av-special-heading av-special-heading-h1  blockquote modern-quote  avia-builder-el-1  el_before_av_hr  avia-builder-el-first  '><h1 class='av-special-heading-tag '  itemprop=\"headline\"  >Rechtlicher Hinweis<\/h1><div class='special-heading-border'><div class='special-heading-inner-border' ><\/div><\/div><\/div><br \/>\n<div  style=' margin-top:30px; margin-bottom:30px;'  class='hr hr-custom hr-left hr-icon-no   avia-builder-el-2  el_after_av_heading  el_before_av_textblock '><span class='hr-inner  inner-border-av-border-thin' style=' width:50px; border-color:#333333;' ><span class='hr-inner-style'><\/span><\/span><\/div><br \/>\n<section class=\"av_textblock_section \"  itemscope=\"itemscope\" itemtype=\"https:\/\/schema.org\/CreativeWork\" ><div class='avia_textblock  '   itemprop=\"text\" ><h3>1. ZWECK<\/h3>\n<p>Dieser rechtliche Hinweis regelt die Nutzung und Verwendung der Website www.moretpackaging.com, die Eigentum von MORET PACKAGING, S.L. ist. (im Folgenden der EIGENT\u00dcMER DER WEBSITE).<\/p>\n<p>Das Surfen auf der Website des Eigent\u00fcmers der Website verleiht die Bedingung des BENUTZERS derselben und impliziert die vollst\u00e4ndige und vorbehaltlose Annahme jeder einzelnen der in diesem rechtlichen Hinweis ver\u00f6ffentlichten Bedingungen, mit der Warnung, dass diese Bedingungen ohne vorherige Ank\u00fcndigung durch den Eigent\u00fcmer der Website ge\u00e4ndert werden k\u00f6nnen, in diesem Fall wird es zu seiner Ver\u00f6ffentlichung und Bekanntmachung so weit im Voraus wie m\u00f6glich gehen.<\/p>\n<p>Es ist daher ratsam, deren Inhalt sorgf\u00e4ltig zu lesen, wenn Sie auf die von dieser Website angebotenen Informationen und Dienste zugreifen und diese nutzen m\u00f6chten.<\/p>\n<p>Der Benutzer verpflichtet sich au\u00dferdem, die Website in \u00dcbereinstimmung mit den Gesetzen, Treu und Glauben, der \u00f6ffentlichen Ordnung, dem Verkehrsgebrauch und diesen rechtlichen Hinweisen ordnungsgem\u00e4\u00df zu nutzen, und haftet gegen\u00fcber dem EIGENT\u00dcMER DER WEBSITE oder Dritten f\u00fcr alle Sch\u00e4den, die infolge einer Verletzung dieser Verpflichtung entstehen k\u00f6nnen.<\/p>\n<p>Jede andere als die genehmigte Nutzung ist ausdr\u00fccklich untersagt, und DER EIGENT\u00dcMER DER WEBSITE kann jederzeit den Zugang und die Nutzung verweigern oder entziehen.<\/p>\n<h3>2. IDENTIFIKATION<\/h3>\n<p>DER EIGENT\u00dcMER DER WEBSITE, in \u00dcbereinstimmung mit dem Gesetz 34\/2002, vom 11. Juli, \u00fcber die Dienstleistungen der Informationsgesellschaft und den elektronischen Handel, informiert Sie, dass:<\/p>\n<ul>\n<li>Der Firmenname lautet: MORET PACKAGING, S.L.<\/li>\n<li>Seine Umsatzsteuer-Identifikationsnummer lautet: B96528773<\/li>\n<li>Sein eingetragener Sitz ist in: CL ALGEPSER, 67 Y 69 &#8211; 46980 &#8211; PATERNA &#8211; VALENCIA<\/li>\n<li>Handelsregister von Valencia: Band 5514; Buch 2821; Folio 113; Seite V-48331.<\/li>\n<\/ul>\n<h3>3. KOMMUNIKATION<\/h3>\n<p>Um mit uns zu kommunizieren, stellen wir Ihnen verschiedene M\u00f6glichkeiten der Kontaktaufnahme zur Verf\u00fcgung, die wir im Folgenden n\u00e4her erl\u00e4utern:<\/p>\n<ul>\n<li>961324517<\/li>\n<li>Email: <a href=\"mailto:moret@moretpackaging.com\" target=\"_blank\" rel=\"noopener\">moret@moretpackaging.com<\/a><\/li>\n<\/ul>\n<p>Alle Mitteilungen und Kommunikationen zwischen den Nutzern und dem EIGENT\u00dcMER DER WEBSITE werden f\u00fcr alle Zwecke als wirksam angesehen, wenn sie \u00fcber eines der oben genannten Mittel erfolgen.<\/p>\n<h3>4. ZUGANGS- UND BENUTZUNGSBEDINGUNGEN<\/h3>\n<p>Die Website und ihre Dienste sind kostenlos und frei zug\u00e4nglich. Der EIGENT\u00dcMER DER WEBSITE kann jedoch die Nutzung einiger der auf seiner Website angebotenen Dienste von dem vorherigen Ausf\u00fcllen des entsprechenden Formulars abh\u00e4ngig machen.<\/p>\n<p>Der Nutzer garantiert die Echtheit und Aktualit\u00e4t aller an den INHABER DER WEBSITE \u00fcbermittelten Daten und ist allein verantwortlich f\u00fcr eventuell falsche oder ungenaue Angaben.<\/p>\n<p>Der Nutzer erkl\u00e4rt sich ausdr\u00fccklich damit einverstanden, die Inhalte und Dienste des EIGENT\u00dcMERS DER WEBSITE sachgerecht zu nutzen und nicht zu verwenden, um u.a:<\/p>\n<ul>\n<li>Verbreiten von kriminellen, gewaltt\u00e4tigen, pornografischen, rassistischen, fremdenfeindlichen, beleidigenden, den Terrorismus bef\u00fcrwortenden oder allgemein gegen das Gesetz oder die \u00f6ffentliche Ordnung versto\u00dfenden Inhalten.<\/li>\n<li>Computerviren in das Netz einzuschleusen oder Handlungen vorzunehmen, die geeignet sind, elektronische Dokumente, Daten oder physische und logische Systeme des EIGENT\u00dcMERS DER WEBSITE oder Dritter zu ver\u00e4ndern, zu besch\u00e4digen, zu unterbrechen oder Fehler oder Sch\u00e4den zu erzeugen, sowie durch den massenhaften Verbrauch von EDV-Ressourcen, \u00fcber die der EIGENT\u00dcMER DER WEBSITE seine Dienste bereitstellt, den Zugang anderer Nutzer zur Website und ihren Diensten zu behindern.<\/li>\n<li>Versuchen, auf die E-Mail-Konten anderer Benutzer oder eingeschr\u00e4nkte Bereiche der Computersysteme des EIGENT\u00dcMERS DER WEBSITE oder Dritter zuzugreifen und ggf. Informationen zu extrahieren.<\/li>\n<li>Die Rechte des geistigen oder gewerblichen Eigentums zu verletzen, sowie die Vertraulichkeit der Informationen des EIGENT\u00dcMERS DER WEBSITE oder Dritter zu verletzen.<\/li>\n<li>Sich als die Identit\u00e4t eines anderen Benutzers auszugeben.<\/li>\n<li>Die Inhalte zu vervielf\u00e4ltigen, zu kopieren, zu verbreiten, zug\u00e4nglich zu machen oder in irgendeiner anderen Form \u00f6ffentlich wiederzugeben, zu transformieren oder zu ver\u00e4ndern, es sei denn, Sie haben die Genehmigung des Inhabers der entsprechenden Rechte oder es ist gesetzlich erlaubt.<\/li>\n<li>Daten f\u00fcr Werbezwecke zu sammeln und Werbung jeglicher Art und Mitteilungen zum Zwecke des Verkaufs oder anderer kommerzieller Art ohne vorherige Anfrage oder Zustimmung zu versenden.<\/li>\n<\/ul>\n<p>Alle Inhalte der Website, wie Texte, Fotografien, Grafiken, Bilder, Icons, Technik, Software, sowie grafisches Design und Quellcodes, stellen ein Werk dar, dessen Eigentum dem EIGENT\u00dcMER DES WEBS geh\u00f6rt, ohne dass dem Nutzer eines der Verwertungsrechte daran \u00fcbertragen wird, die \u00fcber das hinausgehen, was f\u00fcr die ordnungsgem\u00e4\u00dfe Nutzung des Webs unbedingt erforderlich ist.<\/p>\n<p>Kurz gesagt, Benutzer, die auf diese Website zugreifen, k\u00f6nnen die Inhalte einsehen und gegebenenfalls autorisierte Privatkopien anfertigen, vorausgesetzt, dass die reproduzierten Elemente nicht nachtr\u00e4glich an Dritte \u00fcbertragen oder auf Servern installiert werden, die mit Netzwerken verbunden sind, oder dass sie irgendeiner Art von Verwertung unterliegen.<\/p>\n<p>Au\u00dferdem sind alle Warenzeichen, Markennamen oder Logos jeglicher Art, die auf der Website erscheinen, Eigentum des EIGENT\u00dcMERS DER WEBSITE, ohne dass der Gebrauch oder der Zugang dazu dem Benutzer irgendein Recht an ihnen gibt.<\/p>\n<p>Die Verbreitung, Ver\u00e4nderung, \u00dcbertragung oder \u00f6ffentliche Wiedergabe der Inhalte und jede andere Handlung, die nicht ausdr\u00fccklich vom Inhaber der Verwertungsrechte genehmigt wurde, ist verboten.<\/p>\n<p>Die Einrichtung eines Hyperlinks impliziert in keinem Fall das Bestehen von Beziehungen zwischen dem EIGENT\u00dcMER DER WEBSITE und dem Eigent\u00fcmer der Website, in der er eingerichtet ist, noch die Akzeptanz und Zustimmung des EIGENT\u00dcMERS DER WEBSITE zu deren Inhalten oder Dienstleistungen.<\/p>\n<p>Der EIGENT\u00dcMER DER WEBSITE ist nicht verantwortlich f\u00fcr die Nutzung der auf dieser Website zur Verf\u00fcgung gestellten Materialien durch die einzelnen Benutzer oder f\u00fcr die Handlungen, die auf der Grundlage dieser Materialien vorgenommen werden.<\/p>\n<h4 style=\"padding-left: 40px;\">4.1. AUSSCHLUSS VON GEW\u00c4HRLEISTUNG UND HAFTUNG BEI ZUGANG UND NUTZUNG<\/h4>\n<p style=\"padding-left: 40px;\">Der Inhalt dieser Website ist allgemeiner Natur und dient ausschlie\u00dflich zu Informationszwecken, ohne dass eine vollst\u00e4ndige Garantie f\u00fcr den Zugang zu allen Inhalten oder deren Vollst\u00e4ndigkeit, Richtigkeit, G\u00fcltigkeit oder Aktualit\u00e4t oder deren Eignung oder N\u00fctzlichkeit f\u00fcr einen bestimmten Zweck \u00fcbernommen wird.<\/p>\n<p style=\"padding-left: 40px;\">Der EIGENT\u00dcMER DER WEBSITE schlie\u00dft, soweit gesetzlich zul\u00e4ssig, jegliche Haftung f\u00fcr Sch\u00e4den jeglicher Art aus, die aus:<\/p>\n<ul>\n<li style=\"list-style-type: none;\">\n<ul>\n<li>Die Unm\u00f6glichkeit des Zugriffs auf die Website oder das Fehlen der Wahrhaftigkeit, Genauigkeit, Vollst\u00e4ndigkeit und \/ oder Aktualit\u00e4t des Inhalts, sowie das Vorhandensein von Unzul\u00e4nglichkeiten und M\u00e4ngeln jeglicher Art von Inhalten, die \u00fcbertragen, verbreitet, gespeichert, zur Verf\u00fcgung gestellt werden, auf die \u00fcber die Website oder die angebotenen Dienste zugegriffen wurde.<\/li>\n<li>Das Vorhandensein von Viren oder anderen Elementen in den Inhalten, die Ver\u00e4nderungen in Computersystemen, elektronischen Dokumenten oder Benutzerdaten verursachen k\u00f6nnen.<\/li>\n<li>Verst\u00f6\u00dfe gegen das Gesetz, Treu und Glauben, die \u00f6ffentliche Ordnung, die Verkehrsgebr\u00e4uche und diesen rechtlichen Hinweis infolge einer unsachgem\u00e4\u00dfen Nutzung der Website. Insbesondere und beispielhaft ist der EIGENT\u00dcMER DER WEBSITE nicht verantwortlich f\u00fcr die Handlungen Dritter, die die Rechte des geistigen und industriellen Eigentums, Gesch\u00e4ftsgeheimnisse, Rechte auf Ehre, pers\u00f6nliche und famili\u00e4re Privatsph\u00e4re und Selbstbild verletzen, sowie f\u00fcr die Regeln des unlauteren Wettbewerbs und der illegalen Werbung.<\/li>\n<\/ul>\n<\/li>\n<\/ul>\n<p style=\"padding-left: 40px;\">Au\u00dferdem lehnt der EIGENT\u00dcMER DER WEBSITE jede Verantwortung f\u00fcr Informationen ab, die au\u00dferhalb dieser Website liegen und nicht direkt von unserem Webmaster verwaltet werden. Die Funktion der Links, die auf dieser Website erscheinen, besteht ausschlie\u00dflich darin, den Benutzer \u00fcber die Existenz anderer Quellen zu informieren, die den von dieser Website angebotenen Inhalt erweitern k\u00f6nnen. EIGENT\u00dcMER DES WEBES garantiert nicht und ist nicht verantwortlich f\u00fcr den Betrieb oder die Zug\u00e4nglichkeit der verlinkten Seiten, noch schl\u00e4gt er vor, l\u00e4dt ein oder empfiehlt einen Besuch auf diesen Seiten, so dass er nicht f\u00fcr das Ergebnis verantwortlich ist. Der WEBSITE OWNER ist nicht verantwortlich f\u00fcr die Einrichtung von Hyperlinks durch Dritte.<\/p>\n<h4 style=\"padding-left: 40px;\">4.2. VORGEHEN BEI RECHTSWIDRIGEN AKTIVIT\u00c4TEN<\/h4>\n<p style=\"padding-left: 40px;\">F\u00fcr den Fall, dass ein Nutzer oder ein Dritter der Ansicht ist, dass es Tatsachen oder Umst\u00e4nde gibt, die die Rechtswidrigkeit der Nutzung von Inhalten und \/ oder der Durchf\u00fchrung von Aktivit\u00e4ten auf den in der Website enthaltenen oder \u00fcber die Website zug\u00e4nglichen Webseiten offenbaren, m\u00fcssen Sie eine Mitteilung an den EIGENT\u00dcMER DER WEBSITE senden, in der die angeblichen Verst\u00f6\u00dfe ordnungsgem\u00e4\u00df identifiziert und spezifiziert werden.<\/p>\n<h4 style=\"padding-left: 40px;\">4.3. VER\u00d6FFENTLICHUNGEN<\/h4>\n<p style=\"padding-left: 40px;\">Die \u00fcber die Website zur Verf\u00fcgung gestellten Verwaltungsinformationen ersetzen nicht die rechtliche Publizit\u00e4t von Gesetzen, Verordnungen, Pl\u00e4nen, allgemeinen Bestimmungen und Akten, die f\u00f6rmlich in den Amtsbl\u00e4ttern der \u00f6ffentlichen Verwaltungen ver\u00f6ffentlicht werden m\u00fcssen, die das einzige Instrument sind, das ihre Authentizit\u00e4t und ihren Inhalt bescheinigt. Die auf dieser Website zur Verf\u00fcgung gestellten Informationen sind als Leitfaden zu verstehen, der keine Rechtsverbindlichkeit bezweckt.<\/p>\n<h3>5. GELTENDE RECHTSVORSCHRIFTEN<\/h3>\n<p>Die vorliegenden Bedingungen werden durch die aktuelle spanische Gesetzgebung geregelt. Die verwendete Sprache wird Spanisch sein.<\/p>\n<\/div><\/section><\/p><\/div>\n","protected":false},"excerpt":{"rendered":"","protected":false},"author":1,"featured_media":0,"parent":0,"menu_order":0,"comment_status":"closed","ping_status":"closed","template":"","meta":[],"yoast_head":"<!-- This site is optimized with the Yoast SEO plugin v15.5 - https:\/\/yoast.com\/wordpress\/plugins\/seo\/ -->\n<title>Rechtlicher Hinweis - Moret Packaging<\/title>\n<meta name=\"robots\" content=\"noindex, nofollow\" \/>\n<meta property=\"og:locale\" content=\"de_DE\" \/>\n<meta property=\"og:type\" content=\"article\" \/>\n<meta property=\"og:title\" content=\"Rechtlicher Hinweis - Moret Packaging\" \/>\n<meta property=\"og:url\" content=\"https:\/\/moretpackaging.com\/interleaving\/de\/rechtlicher-hinweis\/\" \/>\n<meta property=\"og:site_name\" content=\"Interleaving\" \/>\n<meta property=\"article:modified_time\" content=\"2021-02-16T11:50:17+00:00\" \/>\n<meta name=\"twitter:card\" content=\"summary_large_image\" \/>\n<meta name=\"twitter:label1\" content=\"Gesch\u00e4tzte Lesezeit\">\n\t<meta name=\"twitter:data1\" content=\"7\u00a0Minuten\">\n<script type=\"application\/ld+json\" class=\"yoast-schema-graph\">{\"@context\":\"https:\/\/schema.org\",\"@graph\":[{\"@type\":\"WebSite\",\"@id\":\"https:\/\/moretpackaging.com\/interleaving\/#website\",\"url\":\"https:\/\/moretpackaging.com\/interleaving\/\",\"name\":\"Interleaving\",\"description\":\"Papel t\\u00e9cnico Interleaver para grandes industrias alimentarias\",\"potentialAction\":[{\"@type\":\"SearchAction\",\"target\":\"https:\/\/moretpackaging.com\/interleaving\/?s={search_term_string}\",\"query-input\":\"required name=search_term_string\"}],\"inLanguage\":\"de\"},{\"@type\":\"WebPage\",\"@id\":\"https:\/\/moretpackaging.com\/interleaving\/de\/rechtlicher-hinweis\/#webpage\",\"url\":\"https:\/\/moretpackaging.com\/interleaving\/de\/rechtlicher-hinweis\/\",\"name\":\"Rechtlicher Hinweis - Moret Packaging\",\"isPartOf\":{\"@id\":\"https:\/\/moretpackaging.com\/interleaving\/#website\"},\"datePublished\":\"2020-12-15T15:08:17+00:00\",\"dateModified\":\"2021-02-16T11:50:17+00:00\",\"inLanguage\":\"de\",\"potentialAction\":[{\"@type\":\"ReadAction\",\"target\":[\"https:\/\/moretpackaging.com\/interleaving\/de\/rechtlicher-hinweis\/\"]}]}]}<\/script>\n<!-- \/ Yoast SEO plugin. -->","_links":{"self":[{"href":"https:\/\/moretpackaging.com\/interleaving\/de\/wp-json\/wp\/v2\/pages\/712"}],"collection":[{"href":"https:\/\/moretpackaging.com\/interleaving\/de\/wp-json\/wp\/v2\/pages"}],"about":[{"href":"https:\/\/moretpackaging.com\/interleaving\/de\/wp-json\/wp\/v2\/types\/page"}],"author":[{"embeddable":true,"href":"https:\/\/moretpackaging.com\/interleaving\/de\/wp-json\/wp\/v2\/users\/1"}],"replies":[{"embeddable":true,"href":"https:\/\/moretpackaging.com\/interleaving\/de\/wp-json\/wp\/v2\/comments?post=712"}],"version-history":[{"count":3,"href":"https:\/\/moretpackaging.com\/interleaving\/de\/wp-json\/wp\/v2\/pages\/712\/revisions"}],"predecessor-version":[{"id":862,"href":"https:\/\/moretpackaging.com\/interleaving\/de\/wp-json\/wp\/v2\/pages\/712\/revisions\/862"}],"wp:attachment":[{"href":"https:\/\/moretpackaging.com\/interleaving\/de\/wp-json\/wp\/v2\/media?parent=712"}],"curies":[{"name":"wp","href":"https:\/\/api.w.org\/{rel}","templated":true}]}}