{"id":1048,"date":"2021-03-30T09:21:19","date_gmt":"2021-03-30T09:21:19","guid":{"rendered":"https:\/\/moretpackaging.com\/interleaving\/fabricante-papel-interleaver-hojas-bobinas-industria-carnica\/"},"modified":"2021-04-20T07:47:13","modified_gmt":"2021-04-20T07:47:13","slug":"fabricant-papier-interleaver-feuilles-rouleaux-industrie-viande","status":"publish","type":"page","link":"https:\/\/moretpackaging.com\/interleaving\/fr\/fabricant-papier-interleaver-feuilles-rouleaux-industrie-viande\/","title":{"rendered":"Industrie de la Viande"},"content":{"rendered":"<div id='layer_slider_1'  class='avia-layerslider main_color avia-shadow  avia-builder-el-0  el_before_av_one_full  avia-builder-el-first  container_wrap sidebar_right' style='  height: 501px;' ><\/div><div id='after_layer_slider_1'  class='main_color av_default_container_wrap container_wrap sidebar_right' style=' '  ><div class='container' ><div class='template-page content  av-content-small alpha units'><div class='post-entry post-entry-type-page post-entry-1048'><div class='entry-content-wrapper clearfix'>\n<div class=\"flex_column av_one_full  flex_column_div av-zero-column-padding first  avia-builder-el-1  el_after_av_layerslider  el_before_av_one_half  avia-builder-el-first  \" style='margin-top:15px; margin-bottom:15px; border-radius:0px; '><p><div  style='padding-bottom:0px; margin:0px 0px 0px 0px; ' class='av-special-heading av-special-heading-h1  blockquote modern-quote modern-centered  avia-builder-el-2  el_before_av_hr  avia-builder-el-first  titular '><h1 class='av-special-heading-tag '  itemprop=\"headline\"  >Interleaver en feuilles et en rouleaux pour l\u2019industrie de la Viande de Moret Packaging<\/h1><div class='special-heading-border'><div class='special-heading-inner-border' ><\/div><\/div><\/div><br \/>\n<div  style=' margin-top:10px; margin-bottom:10px;'  class='hr hr-custom hr-center hr-icon-no   avia-builder-el-3  el_after_av_heading  el_before_av_textblock '><span class='hr-inner  inner-border-av-border-thin' style=' width:50px; border-color:#333333;' ><span class='hr-inner-style'><\/span><\/span><\/div><br \/>\n<section class=\"av_textblock_section \"  itemscope=\"itemscope\" itemtype=\"https:\/\/schema.org\/CreativeWork\" ><div class='avia_textblock titular-destacado '   itemprop=\"text\" ><h2 style=\"text-align: center;\">Papier de support et de s\u00e9paration (underleaver et interleaver) de qualit\u00e9 extraordinaire en rouleaux et en feuilles perfor\u00e9es ou non perfor\u00e9es dans les formats demand\u00e9s par le client. Pour tout type de machines automatiques de haute production.<\/h2>\n<\/div><\/section><\/p><\/div><div class='flex_column_table av-equal-height-column-flextable -flextable' style='margin-top:0px; margin-bottom:0px; '><div class=\"flex_column av_one_half  av-animated-generic bottom-to-top  flex_column_table_cell av-equal-height-column av-align-top av-zero-column-padding first  avia-builder-el-5  el_after_av_one_full  el_before_av_one_half  column-top-margin\" style='border-radius:0px; '><p><div  class='avia-image-container avia_animated_image avia_animate_when_almost_visible fade-in av-styling-circle    avia-builder-el-6  el_before_av_heading  avia-builder-el-first  avia-align- '  itemprop=\"image\" itemscope=\"itemscope\" itemtype=\"https:\/\/schema.org\/ImageObject\"  ><div class='avia-image-container-inner'><div class='avia-image-overlay-wrap'><img class='wp-image-761 avia-img-lazy-loading-not-761 avia_image' src=\"https:\/\/moretpackaging.com\/interleaving\/wp-content\/uploads\/2020\/12\/icon-home-01.jpg\" alt='hojas papel industrial' title='icon-home-01' height=\"100\" width=\"100\"  itemprop=\"thumbnailUrl\" srcset=\"https:\/\/moretpackaging.com\/interleaving\/wp-content\/uploads\/2020\/12\/icon-home-01.jpg 100w, https:\/\/moretpackaging.com\/interleaving\/wp-content\/uploads\/2020\/12\/icon-home-01-80x80.jpg 80w, https:\/\/moretpackaging.com\/interleaving\/wp-content\/uploads\/2020\/12\/icon-home-01-36x36.jpg 36w\" sizes=\"(max-width: 100px) 100vw, 100px\" \/><\/div><\/div><\/div><br \/>\n<div  style='padding-bottom:0px; margin:20px 0px 20px 0px; ' class='av-special-heading av-special-heading-h3  blockquote modern-quote  avia-builder-el-7  el_after_av_image  el_before_av_textblock  '><h3 class='av-special-heading-tag '  itemprop=\"headline\"  >Interleaver de papier en feuilles<\/h3><div class='special-heading-border'><div class='special-heading-inner-border' ><\/div><\/div><\/div><br \/>\n<section class=\"av_textblock_section \"  itemscope=\"itemscope\" itemtype=\"https:\/\/schema.org\/CreativeWork\" ><div class='avia_textblock  '   itemprop=\"text\" ><p>Notre papier est un excellent support pour les steaks hach\u00e9s, la charcuterie, etc. Il fonctionne parfaitement dans des machines automatiques de haute production industrielle. Compos\u00e9 \u00e0 100 % de cellulose vierge, il est extr\u00eamement r\u00e9sistant \u00e0 la graisse et \u00e0 l&rsquo;humidit\u00e9, ce qui lui permet d&rsquo;\u00eatre facilement s\u00e9par\u00e9 des aliments. Il est fourni sous diff\u00e9rentes formes et tailles, ainsi que perfor\u00e9s si la machine l&rsquo;exige.<\/p>\n<\/div><\/section><\/p><\/div><div class='av-flex-placeholder'><\/div><div class=\"flex_column av_one_half  av-animated-generic bottom-to-top  flex_column_table_cell av-equal-height-column av-align-top av-zero-column-padding   avia-builder-el-9  el_after_av_one_half  el_before_av_one_full  column-top-margin\" style='border-radius:0px; '><p><div  class='avia-image-container avia_animated_image avia_animate_when_almost_visible fade-in av-styling-circle    avia-builder-el-10  el_before_av_heading  avia-builder-el-first  avia-align- '  itemprop=\"image\" itemscope=\"itemscope\" itemtype=\"https:\/\/schema.org\/ImageObject\"  ><div class='avia-image-container-inner'><div class='avia-image-overlay-wrap'><img class='wp-image-762 avia-img-lazy-loading-not-762 avia_image' src=\"https:\/\/moretpackaging.com\/interleaving\/wp-content\/uploads\/2020\/12\/icon-home-2.jpg\" alt='rollo industrial' title='icon-home-2' height=\"100\" width=\"100\"  itemprop=\"thumbnailUrl\" srcset=\"https:\/\/moretpackaging.com\/interleaving\/wp-content\/uploads\/2020\/12\/icon-home-2.jpg 100w, https:\/\/moretpackaging.com\/interleaving\/wp-content\/uploads\/2020\/12\/icon-home-2-80x80.jpg 80w, https:\/\/moretpackaging.com\/interleaving\/wp-content\/uploads\/2020\/12\/icon-home-2-36x36.jpg 36w\" sizes=\"(max-width: 100px) 100vw, 100px\" \/><\/div><\/div><\/div><br \/>\n<div  style='padding-bottom:0px; margin-top:20px; margin-bottom:20px; ' class='av-special-heading av-special-heading-h3  blockquote modern-quote  avia-builder-el-11  el_after_av_image  el_before_av_textblock  '><h3 class='av-special-heading-tag '  itemprop=\"headline\"  >Interleaver de papier en rouleaux<\/h3><div class='special-heading-border'><div class='special-heading-inner-border' ><\/div><\/div><\/div><br \/>\n<section class=\"av_textblock_section \"  itemscope=\"itemscope\" itemtype=\"https:\/\/schema.org\/CreativeWork\" ><div class='avia_textblock  '   itemprop=\"text\" ><p>Nous fabriquons des rouleaux en diff\u00e9rents mat\u00e9riaux pour des machines automatiques industrielles de haute production destin\u00e9es \u00e0 la production de steaks hach\u00e9s et de portions de viande hach\u00e9e.<\/p>\n<p>Ils sont fournis dans les tailles et longueurs au choix du client en fonction des exigences de la machine. Compos\u00e9 \u00e0 100\u00a0% de cellulose vierge, il est extr\u00eamement r\u00e9sistant \u00e0 la graisse et \u00e0 l&rsquo;humidit\u00e9, ce qui lui permet d&rsquo;\u00eatre facilement s\u00e9par\u00e9 des aliments.<\/p>\n<p>Nos rouleaux fonctionnent parfaitement sur des machines \u00e0 haute production.<\/p>\n<\/div><\/section><\/p><\/div><\/div><!--close column table wrapper. Autoclose: 1 --><div class=\"flex_column av_one_full  flex_column_div av-zero-column-padding first  avia-builder-el-13  el_after_av_one_half  el_before_av_section  avia-builder-el-last  column-top-margin\" style='margin-top:0px; margin-bottom:0px; border-radius:0px; '><div  class='avia-image-container  av-styling-    avia-builder-el-14  avia-builder-el-no-sibling  avia-align-center '  itemprop=\"image\" itemscope=\"itemscope\" itemtype=\"https:\/\/schema.org\/ImageObject\"  ><div class='avia-image-container-inner'><div class='avia-image-overlay-wrap'><img class='wp-image-768 avia-img-lazy-loading-not-768 avia_image' src=\"https:\/\/moretpackaging.com\/interleaving\/wp-content\/uploads\/2021\/01\/interleaving-papel-maquinas-footer.jpg\" alt='maquinas' title='interleaving-papel-maquinas-footer' height=\"618\" width=\"1720\"  itemprop=\"thumbnailUrl\" srcset=\"https:\/\/moretpackaging.com\/interleaving\/wp-content\/uploads\/2021\/01\/interleaving-papel-maquinas-footer.jpg 1720w, https:\/\/moretpackaging.com\/interleaving\/wp-content\/uploads\/2021\/01\/interleaving-papel-maquinas-footer-300x108.jpg 300w, https:\/\/moretpackaging.com\/interleaving\/wp-content\/uploads\/2021\/01\/interleaving-papel-maquinas-footer-1030x370.jpg 1030w, https:\/\/moretpackaging.com\/interleaving\/wp-content\/uploads\/2021\/01\/interleaving-papel-maquinas-footer-768x276.jpg 768w, https:\/\/moretpackaging.com\/interleaving\/wp-content\/uploads\/2021\/01\/interleaving-papel-maquinas-footer-1536x552.jpg 1536w, https:\/\/moretpackaging.com\/interleaving\/wp-content\/uploads\/2021\/01\/interleaving-papel-maquinas-footer-1500x539.jpg 1500w, https:\/\/moretpackaging.com\/interleaving\/wp-content\/uploads\/2021\/01\/interleaving-papel-maquinas-footer-705x253.jpg 705w\" sizes=\"(max-width: 1720px) 100vw, 1720px\" \/><\/div><\/div><\/div><\/div><\/p>\n<\/div><\/div><\/div><!-- close content main div --><\/div><\/div><div id='av_section_1'  class='avia-section main_color avia-section-no-padding avia-no-border-styling  avia-full-stretch avia-bg-style-scroll  avia-builder-el-15  el_after_av_one_full  el_before_av_section  imagenfooter  av-minimum-height av-minimum-height-40  container_wrap sidebar_right' style='background-color: #f9f9f9; background-repeat: no-repeat; background-image: url(https:\/\/moretpackaging.com\/interleaving\/wp-content\/uploads\/2020\/12\/footer-interleaving-papel.jpg);background-attachment: scroll; background-position: center center;  margin-top:0px; margin-bottom:0px; '  data-section-bg-repeat='stretch' data-av_minimum_height_pc='40'><div class='container' ><div class='template-page content  av-content-small alpha units'><div class='post-entry post-entry-type-page post-entry-1048'><div class='entry-content-wrapper clearfix'>\n<\/div><\/div><\/div><!-- close content main div --><\/div><\/div><div id='av_section_2'  class='avia-section main_color avia-section-default avia-no-border-styling  avia-bg-style-scroll  avia-builder-el-16  el_after_av_section  avia-builder-el-last   container_wrap sidebar_right' style='background-color: #f9f9f9;  '  ><div class='container' ><div class='template-page content  av-content-small alpha units'><div class='post-entry post-entry-type-page post-entry-1048'><div class='entry-content-wrapper clearfix'>\n<div class=\"flex_column av_one_full  flex_column_div av-zero-column-padding first  avia-builder-el-17  avia-builder-el-no-sibling  \" style='margin-top:20px; margin-bottom:20px; border-radius:0px; '><p><div  style='padding-bottom:20px; color:#333333;' class='av-special-heading av-special-heading-h2 custom-color-heading blockquote modern-quote modern-centered  avia-builder-el-18  el_before_av_tab_container  avia-builder-el-first  '><h2 class='av-special-heading-tag  av-mini-font-size-overwrite av-mini-font-size-20'  itemprop=\"headline\"  >DEMANDEZ-NOUS PLUS D\u2019INFORMATIONS SANS ENGAGEMENT<\/h2><div class ='av-subheading av-subheading_below av_custom_color ' style='font-size:15px;'><p>Veuillez remplir tous les champs.<\/p>\n<\/div><div class='special-heading-border'><div class='special-heading-inner-border' style='border-color:#333333'><\/div><\/div><\/div><br \/>\n<div  id=\"footerform\"  class=\"tabcontainer   top_tab   avia-builder-el-19  el_after_av_heading  avia-builder-el-last  camposform\" role=\"tablist\">\n\n<section class=\"av_tab_section\"  itemscope=\"itemscope\" itemtype=\"https:\/\/schema.org\/CreativeWork\" ><div aria-controls=\"tab-id-1-content\" role=\"tab\" tabindex=\"0\" data-fake-id=\"#tab-id-1\" class=\"tab active_tab\"  itemprop=\"headline\" ><span class='tab_icon' aria-hidden='true' data-av_icon='\ue8b1' data-av_iconfont='entypo-fontello'><\/span>Je suis une entreprise<\/div>\n<div id=\"tab-id-1-content\" class=\"tab_content active_tab_content\" aria-hidden=\"false\">\n<div class=\"tab_inner_content invers-color\"  itemprop=\"text\" >\n<p><script charset=\"utf-8\" type=\"text\/javascript\" src=\"\/\/js.hsforms.net\/forms\/shell.js\"><\/script><br \/>\n<script>\n  hbspt.forms.create({\n\tportalId: \"8722628\",\n\tformId: \"88008c7d-ecd9-46d2-8281-550575c85735\"\n});\n<\/script><\/p>\n\n<\/div>\n<\/div>\n<\/section>\n\n<section class=\"av_tab_section\"  itemscope=\"itemscope\" itemtype=\"https:\/\/schema.org\/CreativeWork\" ><div aria-controls=\"tab-id-2-content\" role=\"tab\" tabindex=\"0\" data-fake-id=\"#tab-id-2\" class=\"tab \"  itemprop=\"headline\" ><span class='tab_icon' aria-hidden='true' data-av_icon='\ue80a' data-av_iconfont='entypo-fontello'><\/span>Je suis un particulier<\/div>\n<div id=\"tab-id-2-content\" class=\"tab_content \" aria-hidden=\"true\">\n<div class=\"tab_inner_content invers-color\"  itemprop=\"text\" >\n<p>Nous vous mettrons en contact avec votre distributeur le plus proche.<br \/>\n<script charset=\"utf-8\" type=\"text\/javascript\" src=\"\/\/js.hsforms.net\/forms\/shell.js\"><\/script><br \/>\n<script>\n  hbspt.forms.create({\n\tportalId: \"8722628\",\n\tformId: \"fc4b0478-bbb5-4f78-b025-8f38defcb9a8\"\n});\n<\/script><\/p>\n\n<\/div>\n<\/div>\n<\/section>\n\n<\/div>\n<\/p><\/div><\/div><\/div><\/div><!-- close content main div --><\/div><\/div><div id='after_section_2'  class='main_color av_default_container_wrap container_wrap sidebar_right' style=' '  ><div class='container' ><div class='template-page content  av-content-small alpha units'><div class='post-entry post-entry-type-page post-entry-1048'><div class='entry-content-wrapper clearfix'>\n","protected":false},"excerpt":{"rendered":"","protected":false},"author":1,"featured_media":0,"parent":0,"menu_order":0,"comment_status":"closed","ping_status":"closed","template":"","meta":[],"yoast_head":"<!-- This site is optimized with the Yoast SEO plugin v15.5 - https:\/\/yoast.com\/wordpress\/plugins\/seo\/ -->\n<title>Interleaver en feuilles et bobines pour l&#039;industrie de la viande<\/title>\n<meta name=\"description\" content=\"Chez Moret Packaging, nous sommes des fabricants de papier intercalaire et sous-couche en feuilles et bobines pour l&#039;industrie de la viande.\" \/>\n<meta name=\"robots\" content=\"index, follow, max-snippet:-1, max-image-preview:large, max-video-preview:-1\" \/>\n<link rel=\"canonical\" href=\"https:\/\/moretpackaging.com\/interleaving\/fr\/fabricant-papier-interleaver-feuilles-rouleaux-industrie-viande\/\" \/>\n<meta property=\"og:locale\" content=\"fr_FR\" \/>\n<meta property=\"og:type\" content=\"article\" \/>\n<meta property=\"og:title\" content=\"Interleaver en feuilles et bobines pour l&#039;industrie de la viande\" \/>\n<meta property=\"og:description\" content=\"Chez Moret Packaging, nous sommes des fabricants de papier intercalaire et sous-couche en feuilles et bobines pour l&#039;industrie de la viande.\" \/>\n<meta property=\"og:url\" content=\"https:\/\/moretpackaging.com\/interleaving\/fr\/fabricant-papier-interleaver-feuilles-rouleaux-industrie-viande\/\" \/>\n<meta property=\"og:site_name\" content=\"Interleaving\" \/>\n<meta property=\"article:modified_time\" content=\"2021-04-20T07:47:13+00:00\" \/>\n<meta name=\"twitter:card\" content=\"summary_large_image\" \/>\n<meta name=\"twitter:label1\" content=\"Dur\u00e9e de lecture est.\">\n\t<meta name=\"twitter:data1\" content=\"8 minutes\">\n<script type=\"application\/ld+json\" class=\"yoast-schema-graph\">{\"@context\":\"https:\/\/schema.org\",\"@graph\":[{\"@type\":\"WebSite\",\"@id\":\"https:\/\/moretpackaging.com\/interleaving\/#website\",\"url\":\"https:\/\/moretpackaging.com\/interleaving\/\",\"name\":\"Interleaving\",\"description\":\"Papel t\\u00e9cnico Interleaver para grandes industrias alimentarias\",\"potentialAction\":[{\"@type\":\"SearchAction\",\"target\":\"https:\/\/moretpackaging.com\/interleaving\/?s={search_term_string}\",\"query-input\":\"required name=search_term_string\"}],\"inLanguage\":\"fr-FR\"},{\"@type\":\"WebPage\",\"@id\":\"https:\/\/moretpackaging.com\/interleaving\/fr\/fabricant-papier-interleaver-feuilles-rouleaux-industrie-viande\/#webpage\",\"url\":\"https:\/\/moretpackaging.com\/interleaving\/fr\/fabricant-papier-interleaver-feuilles-rouleaux-industrie-viande\/\",\"name\":\"Interleaver en feuilles et bobines pour l'industrie de la viande\",\"isPartOf\":{\"@id\":\"https:\/\/moretpackaging.com\/interleaving\/#website\"},\"datePublished\":\"2021-03-30T09:21:19+00:00\",\"dateModified\":\"2021-04-20T07:47:13+00:00\",\"description\":\"Chez Moret Packaging, nous sommes des fabricants de papier intercalaire et sous-couche en feuilles et bobines pour l'industrie de la viande.\",\"inLanguage\":\"fr-FR\",\"potentialAction\":[{\"@type\":\"ReadAction\",\"target\":[\"https:\/\/moretpackaging.com\/interleaving\/fr\/fabricant-papier-interleaver-feuilles-rouleaux-industrie-viande\/\"]}]}]}<\/script>\n<!-- \/ Yoast SEO plugin. -->","_links":{"self":[{"href":"https:\/\/moretpackaging.com\/interleaving\/fr\/wp-json\/wp\/v2\/pages\/1048"}],"collection":[{"href":"https:\/\/moretpackaging.com\/interleaving\/fr\/wp-json\/wp\/v2\/pages"}],"about":[{"href":"https:\/\/moretpackaging.com\/interleaving\/fr\/wp-json\/wp\/v2\/types\/page"}],"author":[{"embeddable":true,"href":"https:\/\/moretpackaging.com\/interleaving\/fr\/wp-json\/wp\/v2\/users\/1"}],"replies":[{"embeddable":true,"href":"https:\/\/moretpackaging.com\/interleaving\/fr\/wp-json\/wp\/v2\/comments?post=1048"}],"version-history":[{"count":2,"href":"https:\/\/moretpackaging.com\/interleaving\/fr\/wp-json\/wp\/v2\/pages\/1048\/revisions"}],"predecessor-version":[{"id":1058,"href":"https:\/\/moretpackaging.com\/interleaving\/fr\/wp-json\/wp\/v2\/pages\/1048\/revisions\/1058"}],"wp:attachment":[{"href":"https:\/\/moretpackaging.com\/interleaving\/fr\/wp-json\/wp\/v2\/media?parent=1048"}],"curies":[{"name":"wp","href":"https:\/\/api.w.org\/{rel}","templated":true}]}}