{"id":1067,"date":"2021-03-30T09:41:57","date_gmt":"2021-03-30T09:41:57","guid":{"rendered":"https:\/\/moretpackaging.com\/interleaving\/fabricante-papel-interleaver-bobinas-industria-lactea\/"},"modified":"2021-04-20T09:10:41","modified_gmt":"2021-04-20T09:10:41","slug":"papier-intercalaire-bobines-industrie-laitiere","status":"publish","type":"page","link":"https:\/\/moretpackaging.com\/interleaving\/fr\/papier-intercalaire-bobines-industrie-laitiere\/","title":{"rendered":"Industrie Laiti\u00e8re"},"content":{"rendered":"<div id='layer_slider_1'  class='avia-layerslider main_color avia-shadow  avia-builder-el-0  el_before_av_one_full  avia-builder-el-first  container_wrap sidebar_right' style='  height: 501px;' ><\/div><div id='after_layer_slider_1'  class='main_color av_default_container_wrap container_wrap sidebar_right' style=' '  ><div class='container' ><div class='template-page content  av-content-small alpha units'><div class='post-entry post-entry-type-page post-entry-1067'><div class='entry-content-wrapper clearfix'>\n<div class=\"flex_column av_one_full  flex_column_div av-zero-column-padding first  avia-builder-el-1  el_after_av_layerslider  el_before_av_two_third  avia-builder-el-first  \" style='margin-top:15px; margin-bottom:15px; border-radius:0px; '><p><div  style='padding-bottom:0px; margin:0px 0px 0px 0px; ' class='av-special-heading av-special-heading-h1  blockquote modern-quote modern-centered  avia-builder-el-2  el_before_av_hr  avia-builder-el-first  titular '><h1 class='av-special-heading-tag '  itemprop=\"headline\"  >Interleaver en feuilles et en rouleaux pour l\u2019industrie laiti\u00e8re de Moret Packaging<\/h1><div class='special-heading-border'><div class='special-heading-inner-border' ><\/div><\/div><\/div><br \/>\n<div  style=' margin-top:10px; margin-bottom:10px;'  class='hr hr-custom hr-center hr-icon-no   avia-builder-el-3  el_after_av_heading  el_before_av_textblock '><span class='hr-inner  inner-border-av-border-thin' style=' width:50px; border-color:#333333;' ><span class='hr-inner-style'><\/span><\/span><\/div><br \/>\n<section class=\"av_textblock_section \"  itemscope=\"itemscope\" itemtype=\"https:\/\/schema.org\/CreativeWork\" ><div class='avia_textblock titular-destacado '   itemprop=\"text\" ><h2 style=\"text-align: center;\">Rouleaux de papier de s\u00e9paration (interleaver) de qualit\u00e9 extraordinaire, sp\u00e9cialement pr\u00e9par\u00e9s pour travailler \u00e0 des vitesses \u00e9lev\u00e9es sans interrompre les cycles de production de la machine. Pour tout type de machines automatiques de haute production. L&rsquo;option \u00e9cologique au film plastique traditionnellement utilis\u00e9.<\/h2>\n<\/div><\/section><\/p><\/div><div class='flex_column_table av-equal-height-column-flextable -flextable' style='margin-top:0px; margin-bottom:0px; '><div class=\"flex_column av_two_third  av-animated-generic bottom-to-top  flex_column_table_cell av-equal-height-column av-align-top av-zero-column-padding first  avia-builder-el-5  el_after_av_one_full  el_before_av_one_third  column-top-margin\" style='border-radius:0px; '><p><div  class='avia-image-container avia_animated_image avia_animate_when_almost_visible fade-in av-styling-circle    avia-builder-el-6  el_before_av_hr  avia-builder-el-first  avia-align-left '  itemprop=\"image\" itemscope=\"itemscope\" itemtype=\"https:\/\/schema.org\/ImageObject\"  ><div class='avia-image-container-inner'><div class='avia-image-overlay-wrap'><img class='wp-image-762 avia-img-lazy-loading-not-762 avia_image' src=\"https:\/\/moretpackaging.com\/interleaving\/wp-content\/uploads\/2020\/12\/icon-home-2.jpg\" alt='rollo industrial' title='icon-home-2' height=\"100\" width=\"100\"  itemprop=\"thumbnailUrl\" srcset=\"https:\/\/moretpackaging.com\/interleaving\/wp-content\/uploads\/2020\/12\/icon-home-2.jpg 100w, https:\/\/moretpackaging.com\/interleaving\/wp-content\/uploads\/2020\/12\/icon-home-2-80x80.jpg 80w, https:\/\/moretpackaging.com\/interleaving\/wp-content\/uploads\/2020\/12\/icon-home-2-36x36.jpg 36w\" sizes=\"(max-width: 100px) 100vw, 100px\" \/><\/div><\/div><\/div><br \/>\n<div  style=' margin-top:10px; margin-bottom:0px;'  class='hr hr-custom hr-left hr-icon-no   avia-builder-el-7  el_after_av_image  el_before_av_heading '><span class='hr-inner  inner-border-av-border-none' style=' width:50px;' ><span class='hr-inner-style'><\/span><\/span><\/div><br \/>\n<div  style='padding-bottom:0px; margin:20px 0px 20px 0px; ' class='av-special-heading av-special-heading-h3  blockquote modern-quote  avia-builder-el-8  el_after_av_hr  el_before_av_textblock  '><h3 class='av-special-heading-tag '  itemprop=\"headline\"  >Interleaver de papier pour le fromage en tranches en rouleaux<\/h3><div class='special-heading-border'><div class='special-heading-inner-border' ><\/div><\/div><\/div><br \/>\n<section class=\"av_textblock_section \"  itemscope=\"itemscope\" itemtype=\"https:\/\/schema.org\/CreativeWork\" ><div class='avia_textblock  '   itemprop=\"text\" ><p>Nous fabriquons des rouleaux en mat\u00e9riaux optimaux pour le fromage en tranches gr\u00e2ce \u00e0 leur haute r\u00e9sistance aux graisses, \u00e0 leur anti-adh\u00e9rence et \u00e0 leur excellent comportement dans les machines les plus performantes.<\/p>\n<p>Nous r\u00e9alisons des fabrications exclusives sur la base des exigences du client, en fonction de la machine, des largeurs et des diam\u00e8tres ext\u00e9rieurs dont il a besoin, sans limites.<\/p>\n<p>Nous fournissons du papier compos\u00e9 \u00e0 100% de fibres vierges, ce qui fait de nos rouleaux l&rsquo;option \u00e9cologique par rapport au film plastique traditionnellement utilis\u00e9 dans cette activit\u00e9.<\/p>\n<p>Agilit\u00e9 et fiabilit\u00e9 maximales pour le service.<\/p>\n<\/div><\/section><\/p><\/div><div class='av-flex-placeholder'><\/div><div class=\"flex_column av_one_third  av-animated-generic bottom-to-top  flex_column_table_cell av-equal-height-column av-align-top av-zero-column-padding   avia-builder-el-10  el_after_av_two_third  el_before_av_one_full  column-top-margin\" style='border-radius:0px; '><\/div><\/div><!--close column table wrapper. Autoclose: 1 --><\/p>\n<div class=\"flex_column av_one_full  flex_column_div av-zero-column-padding first  avia-builder-el-11  el_after_av_one_third  el_before_av_section  avia-builder-el-last  column-top-margin\" style='margin-top:0px; margin-bottom:0px; border-radius:0px; '><div  class='avia-image-container  av-styling-    avia-builder-el-12  avia-builder-el-no-sibling  avia-align-center '  itemprop=\"image\" itemscope=\"itemscope\" itemtype=\"https:\/\/schema.org\/ImageObject\"  ><div class='avia-image-container-inner'><div class='avia-image-overlay-wrap'><img class='wp-image-768 avia-img-lazy-loading-not-768 avia_image' src=\"https:\/\/moretpackaging.com\/interleaving\/wp-content\/uploads\/2021\/01\/interleaving-papel-maquinas-footer.jpg\" alt='maquinas' title='interleaving-papel-maquinas-footer' height=\"618\" width=\"1720\"  itemprop=\"thumbnailUrl\" srcset=\"https:\/\/moretpackaging.com\/interleaving\/wp-content\/uploads\/2021\/01\/interleaving-papel-maquinas-footer.jpg 1720w, https:\/\/moretpackaging.com\/interleaving\/wp-content\/uploads\/2021\/01\/interleaving-papel-maquinas-footer-300x108.jpg 300w, https:\/\/moretpackaging.com\/interleaving\/wp-content\/uploads\/2021\/01\/interleaving-papel-maquinas-footer-1030x370.jpg 1030w, https:\/\/moretpackaging.com\/interleaving\/wp-content\/uploads\/2021\/01\/interleaving-papel-maquinas-footer-768x276.jpg 768w, https:\/\/moretpackaging.com\/interleaving\/wp-content\/uploads\/2021\/01\/interleaving-papel-maquinas-footer-1536x552.jpg 1536w, https:\/\/moretpackaging.com\/interleaving\/wp-content\/uploads\/2021\/01\/interleaving-papel-maquinas-footer-1500x539.jpg 1500w, https:\/\/moretpackaging.com\/interleaving\/wp-content\/uploads\/2021\/01\/interleaving-papel-maquinas-footer-705x253.jpg 705w\" sizes=\"(max-width: 1720px) 100vw, 1720px\" \/><\/div><\/div><\/div><\/div>\n<\/div><\/div><\/div><!-- close content main div --><\/div><\/div><div id='av_section_1'  class='avia-section main_color avia-section-no-padding avia-no-border-styling  avia-full-stretch avia-bg-style-scroll  avia-builder-el-13  el_after_av_one_full  el_before_av_section  imagenfooter  av-minimum-height av-minimum-height-40  container_wrap sidebar_right' style='background-color: #f9f9f9; background-repeat: no-repeat; background-image: url(https:\/\/moretpackaging.com\/interleaving\/wp-content\/uploads\/2021\/03\/footer-industria-lactea.jpg);background-attachment: scroll; background-position: center center;  margin-top:0px; margin-bottom:0px; '  data-section-bg-repeat='stretch' data-av_minimum_height_pc='40'><div class='container' ><div class='template-page content  av-content-small alpha units'><div class='post-entry post-entry-type-page post-entry-1067'><div class='entry-content-wrapper clearfix'>\n<\/div><\/div><\/div><!-- close content main div --><\/div><\/div><div id='av_section_2'  class='avia-section main_color avia-section-default avia-no-border-styling  avia-bg-style-scroll  avia-builder-el-14  el_after_av_section  avia-builder-el-last   container_wrap sidebar_right' style='background-color: #f9f9f9;  '  ><div class='container' ><div class='template-page content  av-content-small alpha units'><div class='post-entry post-entry-type-page post-entry-1067'><div class='entry-content-wrapper clearfix'>\n<div class=\"flex_column av_one_full  flex_column_div av-zero-column-padding first  avia-builder-el-15  avia-builder-el-no-sibling  \" style='margin-top:20px; margin-bottom:20px; border-radius:0px; '><p><div  style='padding-bottom:20px; color:#333333;' class='av-special-heading av-special-heading-h2 custom-color-heading blockquote modern-quote modern-centered  avia-builder-el-16  el_before_av_tab_container  avia-builder-el-first  '><h2 class='av-special-heading-tag  av-mini-font-size-overwrite av-mini-font-size-20'  itemprop=\"headline\"  >DEMANDEZ-NOUS PLUS D\u2019INFORMATIONS SANS ENGAGEMENT<\/h2><div class ='av-subheading av-subheading_below av_custom_color ' style='font-size:15px;'><p>Veuillez remplir tous les champs.<\/p>\n<\/div><div class='special-heading-border'><div class='special-heading-inner-border' style='border-color:#333333'><\/div><\/div><\/div><br \/>\n<div  id=\"footerform\"  class=\"tabcontainer   top_tab   avia-builder-el-17  el_after_av_heading  avia-builder-el-last  camposform\" role=\"tablist\">\n\n<section class=\"av_tab_section\"  itemscope=\"itemscope\" itemtype=\"https:\/\/schema.org\/CreativeWork\" ><div aria-controls=\"tab-id-1-content\" role=\"tab\" tabindex=\"0\" data-fake-id=\"#tab-id-1\" class=\"tab active_tab\"  itemprop=\"headline\" ><span class='tab_icon' aria-hidden='true' data-av_icon='\ue8b1' data-av_iconfont='entypo-fontello'><\/span>Je suis une entreprise<\/div>\n<div id=\"tab-id-1-content\" class=\"tab_content active_tab_content\" aria-hidden=\"false\">\n<div class=\"tab_inner_content invers-color\"  itemprop=\"text\" >\n<p><script charset=\"utf-8\" type=\"text\/javascript\" src=\"\/\/js.hsforms.net\/forms\/shell.js\"><\/script><br \/>\n<script>\n  hbspt.forms.create({\n\tportalId: \"8722628\",\n\tformId: \"88008c7d-ecd9-46d2-8281-550575c85735\"\n});\n<\/script><\/p>\n\n<\/div>\n<\/div>\n<\/section>\n\n<section class=\"av_tab_section\"  itemscope=\"itemscope\" itemtype=\"https:\/\/schema.org\/CreativeWork\" ><div aria-controls=\"tab-id-2-content\" role=\"tab\" tabindex=\"0\" data-fake-id=\"#tab-id-2\" class=\"tab \"  itemprop=\"headline\" ><span class='tab_icon' aria-hidden='true' data-av_icon='\ue80a' data-av_iconfont='entypo-fontello'><\/span>Je suis un particulier<\/div>\n<div id=\"tab-id-2-content\" class=\"tab_content \" aria-hidden=\"true\">\n<div class=\"tab_inner_content invers-color\"  itemprop=\"text\" >\n<p>Nous vous mettrons en contact avec votre distributeur le plus proche.<br \/>\n<script charset=\"utf-8\" type=\"text\/javascript\" src=\"\/\/js.hsforms.net\/forms\/shell.js\"><\/script><br \/>\n<script>\n  hbspt.forms.create({\n\tportalId: \"8722628\",\n\tformId: \"fc4b0478-bbb5-4f78-b025-8f38defcb9a8\"\n});\n<\/script><\/p>\n\n<\/div>\n<\/div>\n<\/section>\n\n<\/div>\n<\/p><\/div><\/div><\/div><\/div><!-- close content main div --><\/div><\/div><div id='after_section_2'  class='main_color av_default_container_wrap container_wrap sidebar_right' style=' '  ><div class='container' ><div class='template-page content  av-content-small alpha units'><div class='post-entry post-entry-type-page post-entry-1067'><div class='entry-content-wrapper clearfix'>\n","protected":false},"excerpt":{"rendered":"","protected":false},"author":1,"featured_media":0,"parent":0,"menu_order":0,"comment_status":"closed","ping_status":"closed","template":"","meta":[],"yoast_head":"<!-- This site is optimized with the Yoast SEO plugin v15.5 - https:\/\/yoast.com\/wordpress\/plugins\/seo\/ -->\n<title>Interleaver en feuilles et bobines pour l&#039;industrie laiti\u00e8re<\/title>\n<meta name=\"description\" content=\"Moret Packaging, nous sommes des fabricants de papier intercalaire en feuilles et en bobines pour l&#039;industrie laiti\u00e8re.\" \/>\n<meta name=\"robots\" content=\"index, follow, max-snippet:-1, max-image-preview:large, max-video-preview:-1\" \/>\n<link rel=\"canonical\" href=\"https:\/\/moretpackaging.com\/interleaving\/fr\/papier-intercalaire-bobines-industrie-laitiere\/\" \/>\n<meta property=\"og:locale\" content=\"fr_FR\" \/>\n<meta property=\"og:type\" content=\"article\" \/>\n<meta property=\"og:title\" content=\"Interleaver en feuilles et bobines pour l&#039;industrie laiti\u00e8re\" \/>\n<meta property=\"og:description\" content=\"Moret Packaging, nous sommes des fabricants de papier intercalaire en feuilles et en bobines pour l&#039;industrie laiti\u00e8re.\" \/>\n<meta property=\"og:url\" content=\"https:\/\/moretpackaging.com\/interleaving\/fr\/papier-intercalaire-bobines-industrie-laitiere\/\" \/>\n<meta property=\"og:site_name\" content=\"Interleaving\" \/>\n<meta property=\"article:modified_time\" content=\"2021-04-20T09:10:41+00:00\" \/>\n<meta name=\"twitter:card\" content=\"summary_large_image\" \/>\n<meta name=\"twitter:label1\" content=\"Dur\u00e9e de lecture est.\">\n\t<meta name=\"twitter:data1\" content=\"7 minutes\">\n<script type=\"application\/ld+json\" class=\"yoast-schema-graph\">{\"@context\":\"https:\/\/schema.org\",\"@graph\":[{\"@type\":\"WebSite\",\"@id\":\"https:\/\/moretpackaging.com\/interleaving\/#website\",\"url\":\"https:\/\/moretpackaging.com\/interleaving\/\",\"name\":\"Interleaving\",\"description\":\"Papel t\\u00e9cnico Interleaver para grandes industrias alimentarias\",\"potentialAction\":[{\"@type\":\"SearchAction\",\"target\":\"https:\/\/moretpackaging.com\/interleaving\/?s={search_term_string}\",\"query-input\":\"required name=search_term_string\"}],\"inLanguage\":\"fr-FR\"},{\"@type\":\"WebPage\",\"@id\":\"https:\/\/moretpackaging.com\/interleaving\/fr\/papier-intercalaire-bobines-industrie-laitiere\/#webpage\",\"url\":\"https:\/\/moretpackaging.com\/interleaving\/fr\/papier-intercalaire-bobines-industrie-laitiere\/\",\"name\":\"Interleaver en feuilles et bobines pour l'industrie laiti\\u00e8re\",\"isPartOf\":{\"@id\":\"https:\/\/moretpackaging.com\/interleaving\/#website\"},\"datePublished\":\"2021-03-30T09:41:57+00:00\",\"dateModified\":\"2021-04-20T09:10:41+00:00\",\"description\":\"Moret Packaging, nous sommes des fabricants de papier intercalaire en feuilles et en bobines pour l'industrie laiti\\u00e8re.\",\"inLanguage\":\"fr-FR\",\"potentialAction\":[{\"@type\":\"ReadAction\",\"target\":[\"https:\/\/moretpackaging.com\/interleaving\/fr\/papier-intercalaire-bobines-industrie-laitiere\/\"]}]}]}<\/script>\n<!-- \/ Yoast SEO plugin. -->","_links":{"self":[{"href":"https:\/\/moretpackaging.com\/interleaving\/fr\/wp-json\/wp\/v2\/pages\/1067"}],"collection":[{"href":"https:\/\/moretpackaging.com\/interleaving\/fr\/wp-json\/wp\/v2\/pages"}],"about":[{"href":"https:\/\/moretpackaging.com\/interleaving\/fr\/wp-json\/wp\/v2\/types\/page"}],"author":[{"embeddable":true,"href":"https:\/\/moretpackaging.com\/interleaving\/fr\/wp-json\/wp\/v2\/users\/1"}],"replies":[{"embeddable":true,"href":"https:\/\/moretpackaging.com\/interleaving\/fr\/wp-json\/wp\/v2\/comments?post=1067"}],"version-history":[{"count":1,"href":"https:\/\/moretpackaging.com\/interleaving\/fr\/wp-json\/wp\/v2\/pages\/1067\/revisions"}],"predecessor-version":[{"id":1076,"href":"https:\/\/moretpackaging.com\/interleaving\/fr\/wp-json\/wp\/v2\/pages\/1067\/revisions\/1076"}],"wp:attachment":[{"href":"https:\/\/moretpackaging.com\/interleaving\/fr\/wp-json\/wp\/v2\/media?parent=1067"}],"curies":[{"name":"wp","href":"https:\/\/api.w.org\/{rel}","templated":true}]}}