{"id":685,"date":"2020-12-15T15:17:05","date_gmt":"2020-12-15T15:17:05","guid":{"rendered":"https:\/\/moretpackaging.com\/interleaving\/papel-especial-para-hornos-de-uso-industrial\/"},"modified":"2021-02-16T10:31:05","modified_gmt":"2021-02-16T10:31:05","slug":"papier-special-pour-fours-industriels","status":"publish","type":"page","link":"https:\/\/moretpackaging.com\/interleaving\/fr\/papier-special-pour-fours-industriels\/","title":{"rendered":"Papel para hornos"},"content":{"rendered":"<div id='av_section_1'  class='avia-section main_color avia-section-default avia-no-border-styling  av-parallax-section avia-bg-style-parallax  avia-builder-el-0  el_before_av_one_full  avia-builder-el-first   av-minimum-height av-minimum-height-custom  container_wrap sidebar_right' style=' '  data-section-bg-repeat='no-repeat'><div class='av-parallax' data-avia-parallax-ratio='0.3' ><div class='av-parallax-inner main_color  avia-full-stretch' style = 'background-repeat: no-repeat; background-image: url(https:\/\/moretpackaging.com\/interleaving\/wp-content\/uploads\/2021\/01\/papel-horno-4.jpg);background-attachment: scroll; background-position: bottom center; ' ><\/div><\/div><div class='container' style='height:317px'><main  role=\"main\" itemprop=\"mainContentOfPage\"  class='template-page content  av-content-small alpha units'><div class='post-entry post-entry-type-page post-entry-685'><div class='entry-content-wrapper clearfix'><\/div><\/div><\/main><!-- close content main element --><\/div><\/div><div id='after_section_1'  class='main_color av_default_container_wrap container_wrap sidebar_right' style=' '  ><div class='container' ><div class='template-page content  av-content-small alpha units'><div class='post-entry post-entry-type-page post-entry-685'><div class='entry-content-wrapper clearfix'>\n<div class=\"flex_column av_one_full  flex_column_div av-zero-column-padding first  avia-builder-el-1  el_after_av_section  el_before_av_section  avia-builder-el-no-sibling  \" style='margin-top:20px; margin-bottom:20px; border-radius:0px; '><p><div  style='padding-bottom:0px; margin:0px 0px 0px 0px; ' class='av-special-heading av-special-heading-h1  blockquote modern-quote modern-centered  avia-builder-el-2  el_before_av_hr  avia-builder-el-first  titular '><h1 class='av-special-heading-tag '  itemprop=\"headline\"  >Papier sp\u00e9cial de Moret Packaging pour fours industriels<\/h1><div class='special-heading-border'><div class='special-heading-inner-border' ><\/div><\/div><\/div><br \/>\n<div  style=' margin-top:10px; margin-bottom:10px;'  class='hr hr-custom hr-center hr-icon-no   avia-builder-el-3  el_after_av_heading  el_before_av_textblock '><span class='hr-inner  inner-border-av-border-thin' style=' width:50px; border-color:#333333;' ><span class='hr-inner-style'><\/span><\/span><\/div><br \/>\n<section class=\"av_textblock_section \"  itemscope=\"itemscope\" itemtype=\"https:\/\/schema.org\/CreativeWork\" ><div class='avia_textblock titular-destacado '   itemprop=\"text\" ><h2 style=\"text-align: center;\">Nous disposons de papiers sp\u00e9ciaux pour fours de diff\u00e9rents formats \u00e0 usage industriel.<br \/>\nIl s\u2019agit d\u2019un papier \u00e0 usages multiples, r\u00e9sistant aux temp\u00e9ratures \u00e9lev\u00e9es et aux graisses.<\/h2>\n<\/div><\/section><\/p><\/div><\/div><\/div><\/div><!-- close content main div --><\/div><\/div><div id='av_section_2'  class='avia-section main_color avia-section-default avia-no-border-styling  avia-bg-style-scroll  avia-builder-el-5  el_after_av_one_full  avia-builder-el-last   container_wrap sidebar_right' style='background-color: #f9f9f9;  '  ><div class='container' ><div class='template-page content  av-content-small alpha units'><div class='post-entry post-entry-type-page post-entry-685'><div class='entry-content-wrapper clearfix'>\n<div class=\"flex_column av_one_full  flex_column_div av-zero-column-padding first  avia-builder-el-6  avia-builder-el-no-sibling  \" style='margin-top:30px; margin-bottom:30px; border-radius:0px; '><p><div  style='padding-bottom:20px; color:#333333;' class='av-special-heading av-special-heading-h2 custom-color-heading blockquote modern-quote modern-centered  avia-builder-el-7  el_before_av_tab_container  avia-builder-el-first  '><h2 class='av-special-heading-tag  av-mini-font-size-overwrite av-mini-font-size-20'  itemprop=\"headline\"  >DEMANDEZ-NOUS PLUS D\u2019INFORMATIONS SANS ENGAGEMENT<\/h2><div class ='av-subheading av-subheading_below av_custom_color ' style='font-size:15px;'><p>Veuillez remplir tous les champs.<\/p>\n<\/div><div class='special-heading-border'><div class='special-heading-inner-border' style='border-color:#333333'><\/div><\/div><\/div><br \/>\n<div  id=\"footerform\"  class=\"tabcontainer   top_tab   avia-builder-el-8  el_after_av_heading  avia-builder-el-last  camposform\" role=\"tablist\">\n\n<section class=\"av_tab_section\"  itemscope=\"itemscope\" itemtype=\"https:\/\/schema.org\/CreativeWork\" ><div aria-controls=\"tab-id-1-content\" role=\"tab\" tabindex=\"0\" data-fake-id=\"#tab-id-1\" class=\"tab active_tab\"  itemprop=\"headline\" ><span class='tab_icon' aria-hidden='true' data-av_icon='\ue8b1' data-av_iconfont='entypo-fontello'><\/span>Je suis une entreprise<\/div>\n<div id=\"tab-id-1-content\" class=\"tab_content active_tab_content\" aria-hidden=\"false\">\n<div class=\"tab_inner_content invers-color\"  itemprop=\"text\" >\n<p><script charset=\"utf-8\" type=\"text\/javascript\" src=\"\/\/js.hsforms.net\/forms\/shell.js\"><\/script><br \/>\n<script>\n  hbspt.forms.create({\n\tportalId: \"8722628\",\n\tformId: \"88008c7d-ecd9-46d2-8281-550575c85735\"\n});\n<\/script><\/p>\n\n<\/div>\n<\/div>\n<\/section>\n\n<section class=\"av_tab_section\"  itemscope=\"itemscope\" itemtype=\"https:\/\/schema.org\/CreativeWork\" ><div aria-controls=\"tab-id-2-content\" role=\"tab\" tabindex=\"0\" data-fake-id=\"#tab-id-2\" class=\"tab \"  itemprop=\"headline\" ><span class='tab_icon' aria-hidden='true' data-av_icon='\ue80a' data-av_iconfont='entypo-fontello'><\/span>Je suis un particulier<\/div>\n<div id=\"tab-id-2-content\" class=\"tab_content \" aria-hidden=\"true\">\n<div class=\"tab_inner_content invers-color\"  itemprop=\"text\" >\n<p>Nous vous mettrons en contact avec votre distributeur le plus proche.<br \/>\n<script charset=\"utf-8\" type=\"text\/javascript\" src=\"\/\/js.hsforms.net\/forms\/shell.js\"><\/script><br \/>\n<script>\n  hbspt.forms.create({\n\tportalId: \"8722628\",\n\tformId: \"fc4b0478-bbb5-4f78-b025-8f38defcb9a8\"\n});\n<\/script><\/p>\n\n<\/div>\n<\/div>\n<\/section>\n\n<\/div>\n<\/p><\/div><\/div><\/div><\/div><!-- close content main div --><\/div><\/div><div id='after_section_2'  class='main_color av_default_container_wrap container_wrap sidebar_right' style=' '  ><div class='container' ><div class='template-page content  av-content-small alpha units'><div class='post-entry post-entry-type-page post-entry-685'><div class='entry-content-wrapper clearfix'><\/p>\n","protected":false},"excerpt":{"rendered":"","protected":false},"author":1,"featured_media":0,"parent":0,"menu_order":0,"comment_status":"closed","ping_status":"closed","template":"","meta":[],"yoast_head":"<!-- This site is optimized with the Yoast SEO plugin v15.5 - https:\/\/yoast.com\/wordpress\/plugins\/seo\/ -->\n<title>Papier sp\u00e9cial de Moret Packaging pour fours industriels<\/title>\n<meta name=\"description\" content=\"Nous disposons de papiers sp\u00e9ciaux pour fours de diff\u00e9rents formats \u00e0 usage industriel. Il s\u2019agit d\u2019un papier \u00e0 usages multiples.\" \/>\n<meta name=\"robots\" content=\"index, follow, max-snippet:-1, max-image-preview:large, max-video-preview:-1\" \/>\n<link rel=\"canonical\" href=\"https:\/\/moretpackaging.com\/interleaving\/fr\/papier-special-pour-fours-industriels\/\" \/>\n<meta property=\"og:locale\" content=\"fr_FR\" \/>\n<meta property=\"og:type\" content=\"article\" \/>\n<meta property=\"og:title\" content=\"Papier sp\u00e9cial de Moret Packaging pour fours industriels\" \/>\n<meta property=\"og:description\" content=\"Nous disposons de papiers sp\u00e9ciaux pour fours de diff\u00e9rents formats \u00e0 usage industriel. Il s\u2019agit d\u2019un papier \u00e0 usages multiples.\" \/>\n<meta property=\"og:url\" content=\"https:\/\/moretpackaging.com\/interleaving\/fr\/papier-special-pour-fours-industriels\/\" \/>\n<meta property=\"og:site_name\" content=\"Interleaving\" \/>\n<meta property=\"article:modified_time\" content=\"2021-02-16T10:31:05+00:00\" \/>\n<meta name=\"twitter:card\" content=\"summary_large_image\" \/>\n<meta name=\"twitter:label1\" content=\"Dur\u00e9e de lecture est.\">\n\t<meta name=\"twitter:data1\" content=\"4 minutes\">\n<script type=\"application\/ld+json\" class=\"yoast-schema-graph\">{\"@context\":\"https:\/\/schema.org\",\"@graph\":[{\"@type\":\"WebSite\",\"@id\":\"https:\/\/moretpackaging.com\/interleaving\/#website\",\"url\":\"https:\/\/moretpackaging.com\/interleaving\/\",\"name\":\"Interleaving\",\"description\":\"Papel t\\u00e9cnico Interleaver para grandes industrias alimentarias\",\"potentialAction\":[{\"@type\":\"SearchAction\",\"target\":\"https:\/\/moretpackaging.com\/interleaving\/?s={search_term_string}\",\"query-input\":\"required name=search_term_string\"}],\"inLanguage\":\"fr-FR\"},{\"@type\":\"WebPage\",\"@id\":\"https:\/\/moretpackaging.com\/interleaving\/fr\/papier-special-pour-fours-industriels\/#webpage\",\"url\":\"https:\/\/moretpackaging.com\/interleaving\/fr\/papier-special-pour-fours-industriels\/\",\"name\":\"Papier sp\\u00e9cial de Moret Packaging pour fours industriels\",\"isPartOf\":{\"@id\":\"https:\/\/moretpackaging.com\/interleaving\/#website\"},\"datePublished\":\"2020-12-15T15:17:05+00:00\",\"dateModified\":\"2021-02-16T10:31:05+00:00\",\"description\":\"Nous disposons de papiers sp\\u00e9ciaux pour fours de diff\\u00e9rents formats \\u00e0 usage industriel. Il s\\u2019agit d\\u2019un papier \\u00e0 usages multiples.\",\"inLanguage\":\"fr-FR\",\"potentialAction\":[{\"@type\":\"ReadAction\",\"target\":[\"https:\/\/moretpackaging.com\/interleaving\/fr\/papier-special-pour-fours-industriels\/\"]}]}]}<\/script>\n<!-- \/ Yoast SEO plugin. -->","_links":{"self":[{"href":"https:\/\/moretpackaging.com\/interleaving\/fr\/wp-json\/wp\/v2\/pages\/685"}],"collection":[{"href":"https:\/\/moretpackaging.com\/interleaving\/fr\/wp-json\/wp\/v2\/pages"}],"about":[{"href":"https:\/\/moretpackaging.com\/interleaving\/fr\/wp-json\/wp\/v2\/types\/page"}],"author":[{"embeddable":true,"href":"https:\/\/moretpackaging.com\/interleaving\/fr\/wp-json\/wp\/v2\/users\/1"}],"replies":[{"embeddable":true,"href":"https:\/\/moretpackaging.com\/interleaving\/fr\/wp-json\/wp\/v2\/comments?post=685"}],"version-history":[{"count":3,"href":"https:\/\/moretpackaging.com\/interleaving\/fr\/wp-json\/wp\/v2\/pages\/685\/revisions"}],"predecessor-version":[{"id":775,"href":"https:\/\/moretpackaging.com\/interleaving\/fr\/wp-json\/wp\/v2\/pages\/685\/revisions\/775"}],"wp:attachment":[{"href":"https:\/\/moretpackaging.com\/interleaving\/fr\/wp-json\/wp\/v2\/media?parent=685"}],"curies":[{"name":"wp","href":"https:\/\/api.w.org\/{rel}","templated":true}]}}