{"id":694,"date":"2020-12-15T15:11:30","date_gmt":"2020-12-15T15:11:30","guid":{"rendered":"https:\/\/moretpackaging.com\/interleaving\/politica-cookies\/"},"modified":"2021-02-16T10:37:41","modified_gmt":"2021-02-16T10:37:41","slug":"politique-de-cookies","status":"publish","type":"page","link":"https:\/\/moretpackaging.com\/interleaving\/fr\/politique-de-cookies\/","title":{"rendered":"Pol\u00edtica de cookies"},"content":{"rendered":"<div class=\"flex_column av_one_full  flex_column_div av-zero-column-padding first  avia-builder-el-0  avia-builder-el-no-sibling  \" style='border-radius:0px; '><p><div  style='padding-bottom:10px; ' class='av-special-heading av-special-heading-h1  blockquote modern-quote  avia-builder-el-1  el_before_av_hr  avia-builder-el-first  '><h1 class='av-special-heading-tag '  itemprop=\"headline\"  >Politique de cookies<\/h1><div class='special-heading-border'><div class='special-heading-inner-border' ><\/div><\/div><\/div><br \/>\n<div  style=' margin-top:30px; margin-bottom:30px;'  class='hr hr-custom hr-left hr-icon-no   avia-builder-el-2  el_after_av_heading  el_before_av_textblock '><span class='hr-inner  inner-border-av-border-thin' style=' width:50px; border-color:#333333;' ><span class='hr-inner-style'><\/span><\/span><\/div><br \/>\n<section class=\"av_textblock_section \"  itemscope=\"itemscope\" itemtype=\"https:\/\/schema.org\/CreativeWork\" ><div class='avia_textblock  '   itemprop=\"text\" ><h2>Les cookies utilis\u00e9s sur moretpackaging.com le sont :<\/h2>\n<div class=\"textofull\">\u00c0 partir du choix que vous faites sur l&rsquo;utilisation des cookies sur ce site web, un cookie suppl\u00e9mentaire vous sera envoy\u00e9 pour sauvegarder votre choix afin que vous n&rsquo;ayez pas \u00e0 accepter l&rsquo;utilisation de cookies chaque fois que vous acc\u00e9dez \u00e0 notre site web. L&rsquo;objectif de cette liste de cookies est de vous aider \u00e0 reconna\u00eetre les cookies stock\u00e9s dans votre navigateur lorsque vous visitez notre site web ou lorsque vous consultez nos publicit\u00e9s sur d&rsquo;autres sites. Nous avons essay\u00e9 d&rsquo;inclure tous les cookies que nous et nos partenaires technologiques utilisons, mais veuillez noter que nous pouvons parfois \u00eatre en retard dans la mise \u00e0 jour de la liste. Si vous remarquez des divergences ou si vous pensez qu&rsquo;un cookie est manquant, veuillez nous le faire savoir.<\/div>\n<h4>Cookies analytiques<\/h4>\n<p>Les cookies analytiques nous aident \u00e0 am\u00e9liorer notre site web en recueillant et en rapportant des informations sur l&rsquo;utilisation.<\/p>\n<table class=\"legal-cookies\">\n<thead>\n<tr>\n<th style=\"vertical-align: top; width: 200px;\">Responsable \/ Host<\/th>\n<th style=\"vertical-align: top; width: 109px;\">ProP \/ TIERS<\/th>\n<th style=\"vertical-align: top; width: 200px;\">Nom<\/th>\n<th style=\"vertical-align: top; width: 160px;\">Tapez<\/th>\n<th style=\"vertical-align: top; width: 160px;\">EXPIRATION<\/th>\n<\/tr>\n<\/thead>\n<tbody>\n<tr>\n<td style=\"vertical-align: top;\">moretpackaging.com<\/td>\n<td style=\"vertical-align: top;\">Prop<\/td>\n<td style=\"vertical-align: top;\">_ga<\/td>\n<td style=\"vertical-align: top;\">Persistent<\/td>\n<td style=\"vertical-align: top;\">730 jours<\/td>\n<\/tr>\n<tr>\n<td style=\"vertical-align: top;\">moretpackaging.com<\/td>\n<td style=\"vertical-align: top;\">Prop<\/td>\n<td style=\"vertical-align: top;\">_gid<\/td>\n<td style=\"vertical-align: top;\">Persistent<\/td>\n<td style=\"vertical-align: top;\">1 jour<\/td>\n<\/tr>\n<tr>\n<td style=\"vertical-align: top;\">moretpackaging.com<\/td>\n<td style=\"vertical-align: top;\">Prop<\/td>\n<td style=\"vertical-align: top;\">_gat_gtag_UA_22941542_1<\/td>\n<td style=\"vertical-align: top;\">Persistent<\/td>\n<td style=\"vertical-align: top;\">1 heure<\/td>\n<\/tr>\n<\/tbody>\n<\/table>\n<\/div><\/section><\/p><\/div>\n","protected":false},"excerpt":{"rendered":"","protected":false},"author":1,"featured_media":0,"parent":0,"menu_order":0,"comment_status":"closed","ping_status":"closed","template":"","meta":[],"yoast_head":"<!-- This site is optimized with the Yoast SEO plugin v15.5 - https:\/\/yoast.com\/wordpress\/plugins\/seo\/ -->\n<title>Politique de cookies de Moret Packaging<\/title>\n<meta name=\"robots\" content=\"noindex, nofollow\" \/>\n<meta property=\"og:locale\" content=\"fr_FR\" \/>\n<meta property=\"og:type\" content=\"article\" \/>\n<meta property=\"og:title\" content=\"Politique de cookies de Moret Packaging\" \/>\n<meta property=\"og:url\" content=\"https:\/\/moretpackaging.com\/interleaving\/fr\/politique-de-cookies\/\" \/>\n<meta property=\"og:site_name\" content=\"Interleaving\" \/>\n<meta property=\"article:modified_time\" content=\"2021-02-16T10:37:41+00:00\" \/>\n<meta name=\"twitter:card\" content=\"summary_large_image\" \/>\n<meta name=\"twitter:label1\" content=\"Dur\u00e9e de lecture est.\">\n\t<meta name=\"twitter:data1\" content=\"2 minutes\">\n<script type=\"application\/ld+json\" class=\"yoast-schema-graph\">{\"@context\":\"https:\/\/schema.org\",\"@graph\":[{\"@type\":\"WebSite\",\"@id\":\"https:\/\/moretpackaging.com\/interleaving\/#website\",\"url\":\"https:\/\/moretpackaging.com\/interleaving\/\",\"name\":\"Interleaving\",\"description\":\"Papel t\\u00e9cnico Interleaver para grandes industrias alimentarias\",\"potentialAction\":[{\"@type\":\"SearchAction\",\"target\":\"https:\/\/moretpackaging.com\/interleaving\/?s={search_term_string}\",\"query-input\":\"required name=search_term_string\"}],\"inLanguage\":\"fr-FR\"},{\"@type\":\"WebPage\",\"@id\":\"https:\/\/moretpackaging.com\/interleaving\/fr\/politique-de-cookies\/#webpage\",\"url\":\"https:\/\/moretpackaging.com\/interleaving\/fr\/politique-de-cookies\/\",\"name\":\"Politique de cookies de Moret Packaging\",\"isPartOf\":{\"@id\":\"https:\/\/moretpackaging.com\/interleaving\/#website\"},\"datePublished\":\"2020-12-15T15:11:30+00:00\",\"dateModified\":\"2021-02-16T10:37:41+00:00\",\"inLanguage\":\"fr-FR\",\"potentialAction\":[{\"@type\":\"ReadAction\",\"target\":[\"https:\/\/moretpackaging.com\/interleaving\/fr\/politique-de-cookies\/\"]}]}]}<\/script>\n<!-- \/ Yoast SEO plugin. -->","_links":{"self":[{"href":"https:\/\/moretpackaging.com\/interleaving\/fr\/wp-json\/wp\/v2\/pages\/694"}],"collection":[{"href":"https:\/\/moretpackaging.com\/interleaving\/fr\/wp-json\/wp\/v2\/pages"}],"about":[{"href":"https:\/\/moretpackaging.com\/interleaving\/fr\/wp-json\/wp\/v2\/types\/page"}],"author":[{"embeddable":true,"href":"https:\/\/moretpackaging.com\/interleaving\/fr\/wp-json\/wp\/v2\/users\/1"}],"replies":[{"embeddable":true,"href":"https:\/\/moretpackaging.com\/interleaving\/fr\/wp-json\/wp\/v2\/comments?post=694"}],"version-history":[{"count":3,"href":"https:\/\/moretpackaging.com\/interleaving\/fr\/wp-json\/wp\/v2\/pages\/694\/revisions"}],"predecessor-version":[{"id":781,"href":"https:\/\/moretpackaging.com\/interleaving\/fr\/wp-json\/wp\/v2\/pages\/694\/revisions\/781"}],"wp:attachment":[{"href":"https:\/\/moretpackaging.com\/interleaving\/fr\/wp-json\/wp\/v2\/media?parent=694"}],"curies":[{"name":"wp","href":"https:\/\/api.w.org\/{rel}","templated":true}]}}