{"id":70,"date":"2020-12-15T15:11:30","date_gmt":"2020-12-15T15:11:30","guid":{"rendered":"https:\/\/moretpackaging.com\/interleaving\/?page_id=70"},"modified":"2021-02-16T10:38:56","modified_gmt":"2021-02-16T10:38:56","slug":"politica-cookies","status":"publish","type":"page","link":"https:\/\/moretpackaging.com\/interleaving\/politica-cookies\/","title":{"rendered":"Pol\u00edtica de cookies"},"content":{"rendered":"<div class=\"flex_column av_one_full  flex_column_div av-zero-column-padding first  avia-builder-el-0  avia-builder-el-no-sibling  \" style='border-radius:0px; '><p><div  style='padding-bottom:10px; ' class='av-special-heading av-special-heading-h1  blockquote modern-quote  avia-builder-el-1  el_before_av_hr  avia-builder-el-first  '><h1 class='av-special-heading-tag '  itemprop=\"headline\"  >Pol\u00edtica de cookies<\/h1><div class='special-heading-border'><div class='special-heading-inner-border' ><\/div><\/div><\/div><br \/>\n<div  style=' margin-top:30px; margin-bottom:30px;'  class='hr hr-custom hr-left hr-icon-no   avia-builder-el-2  el_after_av_heading  el_before_av_textblock '><span class='hr-inner  inner-border-av-border-thin' style=' width:50px; border-color:#333333;' ><span class='hr-inner-style'><\/span><\/span><\/div><br \/>\n<section class=\"av_textblock_section \"  itemscope=\"itemscope\" itemtype=\"https:\/\/schema.org\/CreativeWork\" ><div class='avia_textblock  '   itemprop=\"text\" ><h2>Las cookies utilizadas en moretpackaging.com son:<\/h2>\n<div class=\"textofull\">A partir de la opci\u00f3n que tome acerca del uso de cookies en este sitio web, se le enviar\u00e1 una cookie adicional para salvaguardar su elecci\u00f3n y que no tenga que aceptar el uso de cookies cada vez que acceda a nuestra web. El objetivo de esta lista de cookies es ayudarle a reconocer las cookies almacenadas en su navegador cuando visita nuestra web o cuando ve nuestros anuncios en otros sitios. Hemos intentado incluir todas las cookies que utilizamos tanto nosotros como nuestros socios tecnol\u00f3gicos, pero tenga en cuenta que a veces podemos retrasarnos al actualizar la lista. Si observa alguna discrepancia o cree que falta alguna cookie, no dude en dec\u00edrnoslo.<\/div>\n<h4>Cookies anal\u00edticas<\/h4>\n<p>Las cookies anal\u00edticas nos ayudan a mejorar nuestro sitio web recolectando y reportando informaci\u00f3n sobre su utilizaci\u00f3n.<\/p>\n<table class=\"legal-cookies\">\n<thead>\n<tr>\n<th style=\"vertical-align: top; width: 200px;\">Responsable \/ Host<\/th>\n<th style=\"vertical-align: top; width: 109px;\">Propia \/ Terceros<\/th>\n<th style=\"vertical-align: top; width: 200px;\">Nombre<\/th>\n<th style=\"vertical-align: top; width: 160px;\">Tipo<\/th>\n<th style=\"vertical-align: top; width: 160px;\">Caducidad<\/th>\n<\/tr>\n<\/thead>\n<tbody>\n<tr>\n<td style=\"vertical-align: top;\">moretpackaging.com<\/td>\n<td style=\"vertical-align: top;\">Propia<\/td>\n<td style=\"vertical-align: top;\">_ga<\/td>\n<td style=\"vertical-align: top;\">Persistente<\/td>\n<td style=\"vertical-align: top;\">730 d\u00edas<\/td>\n<\/tr>\n<tr>\n<td style=\"vertical-align: top;\">moretpackaging.com<\/td>\n<td style=\"vertical-align: top;\">Propia<\/td>\n<td style=\"vertical-align: top;\">_gid<\/td>\n<td style=\"vertical-align: top;\">Persistente<\/td>\n<td style=\"vertical-align: top;\">1 d\u00eda<\/td>\n<\/tr>\n<tr>\n<td style=\"vertical-align: top;\">moretpackaging.com<\/td>\n<td style=\"vertical-align: top;\">Propia<\/td>\n<td style=\"vertical-align: top;\">_gat_gtag_UA_22941542_1<\/td>\n<td style=\"vertical-align: top;\">Persistente<\/td>\n<td style=\"vertical-align: top;\">1 hora<\/td>\n<\/tr>\n<\/tbody>\n<\/table>\n<\/div><\/section><\/p><\/div>\n","protected":false},"excerpt":{"rendered":"","protected":false},"author":1,"featured_media":0,"parent":0,"menu_order":0,"comment_status":"closed","ping_status":"closed","template":"","meta":[],"yoast_head":"<!-- This site is optimized with the Yoast SEO plugin v15.5 - https:\/\/yoast.com\/wordpress\/plugins\/seo\/ -->\n<title>Pol\u00edtica de cookies de Moret Packaging<\/title>\n<meta name=\"robots\" content=\"noindex, nofollow\" \/>\n<meta property=\"og:locale\" content=\"es_ES\" \/>\n<meta property=\"og:type\" content=\"article\" \/>\n<meta property=\"og:title\" content=\"Pol\u00edtica de cookies de Moret Packaging\" \/>\n<meta property=\"og:url\" content=\"https:\/\/moretpackaging.com\/interleaving\/politica-cookies\/\" \/>\n<meta property=\"og:site_name\" content=\"Interleaving\" \/>\n<meta property=\"article:modified_time\" content=\"2021-02-16T10:38:56+00:00\" \/>\n<meta name=\"twitter:card\" content=\"summary_large_image\" \/>\n<meta name=\"twitter:label1\" content=\"Tiempo de lectura\">\n\t<meta name=\"twitter:data1\" content=\"2 minutos\">\n<script type=\"application\/ld+json\" class=\"yoast-schema-graph\">{\"@context\":\"https:\/\/schema.org\",\"@graph\":[{\"@type\":\"WebSite\",\"@id\":\"https:\/\/moretpackaging.com\/interleaving\/#website\",\"url\":\"https:\/\/moretpackaging.com\/interleaving\/\",\"name\":\"Interleaving\",\"description\":\"Papel t\\u00e9cnico Interleaver para grandes industrias alimentarias\",\"potentialAction\":[{\"@type\":\"SearchAction\",\"target\":\"https:\/\/moretpackaging.com\/interleaving\/?s={search_term_string}\",\"query-input\":\"required name=search_term_string\"}],\"inLanguage\":\"es\"},{\"@type\":\"WebPage\",\"@id\":\"https:\/\/moretpackaging.com\/interleaving\/politica-cookies\/#webpage\",\"url\":\"https:\/\/moretpackaging.com\/interleaving\/politica-cookies\/\",\"name\":\"Pol\\u00edtica de cookies de Moret Packaging\",\"isPartOf\":{\"@id\":\"https:\/\/moretpackaging.com\/interleaving\/#website\"},\"datePublished\":\"2020-12-15T15:11:30+00:00\",\"dateModified\":\"2021-02-16T10:38:56+00:00\",\"inLanguage\":\"es\",\"potentialAction\":[{\"@type\":\"ReadAction\",\"target\":[\"https:\/\/moretpackaging.com\/interleaving\/politica-cookies\/\"]}]}]}<\/script>\n<!-- \/ Yoast SEO plugin. -->","_links":{"self":[{"href":"https:\/\/moretpackaging.com\/interleaving\/wp-json\/wp\/v2\/pages\/70"}],"collection":[{"href":"https:\/\/moretpackaging.com\/interleaving\/wp-json\/wp\/v2\/pages"}],"about":[{"href":"https:\/\/moretpackaging.com\/interleaving\/wp-json\/wp\/v2\/types\/page"}],"author":[{"embeddable":true,"href":"https:\/\/moretpackaging.com\/interleaving\/wp-json\/wp\/v2\/users\/1"}],"replies":[{"embeddable":true,"href":"https:\/\/moretpackaging.com\/interleaving\/wp-json\/wp\/v2\/comments?post=70"}],"version-history":[{"count":6,"href":"https:\/\/moretpackaging.com\/interleaving\/wp-json\/wp\/v2\/pages\/70\/revisions"}],"predecessor-version":[{"id":782,"href":"https:\/\/moretpackaging.com\/interleaving\/wp-json\/wp\/v2\/pages\/70\/revisions\/782"}],"wp:attachment":[{"href":"https:\/\/moretpackaging.com\/interleaving\/wp-json\/wp\/v2\/media?parent=70"}],"curies":[{"name":"wp","href":"https:\/\/api.w.org\/{rel}","templated":true}]}}