{"id":80,"date":"2020-12-15T15:17:05","date_gmt":"2020-12-15T15:17:05","guid":{"rendered":"https:\/\/moretpackaging.com\/interleaving\/?page_id=80"},"modified":"2021-02-16T09:25:30","modified_gmt":"2021-02-16T09:25:30","slug":"papel-especial-para-hornos-de-uso-industrial","status":"publish","type":"page","link":"https:\/\/moretpackaging.com\/interleaving\/papel-especial-para-hornos-de-uso-industrial\/","title":{"rendered":"Papel para hornos"},"content":{"rendered":"<div id='av_section_1'  class='avia-section main_color avia-section-default avia-no-border-styling  av-parallax-section avia-bg-style-parallax  avia-builder-el-0  el_before_av_one_full  avia-builder-el-first   av-minimum-height av-minimum-height-custom  container_wrap sidebar_right' style=' '  data-section-bg-repeat='no-repeat'><div class='av-parallax' data-avia-parallax-ratio='0.3' ><div class='av-parallax-inner main_color  avia-full-stretch' style = 'background-repeat: no-repeat; background-image: url(https:\/\/moretpackaging.com\/interleaving\/wp-content\/uploads\/2021\/01\/papel-horno-4.jpg);background-attachment: scroll; background-position: bottom center; ' ><\/div><\/div><div class='container' style='height:317px'><main  role=\"main\" itemprop=\"mainContentOfPage\"  class='template-page content  av-content-small alpha units'><div class='post-entry post-entry-type-page post-entry-80'><div class='entry-content-wrapper clearfix'><\/div><\/div><\/main><!-- close content main element --><\/div><\/div><div id='after_section_1'  class='main_color av_default_container_wrap container_wrap sidebar_right' style=' '  ><div class='container' ><div class='template-page content  av-content-small alpha units'><div class='post-entry post-entry-type-page post-entry-80'><div class='entry-content-wrapper clearfix'>\n<div class=\"flex_column av_one_full  flex_column_div av-zero-column-padding first  avia-builder-el-1  el_after_av_section  el_before_av_section  avia-builder-el-no-sibling  \" style='margin-top:20px; margin-bottom:20px; border-radius:0px; '><p><div  style='padding-bottom:0px; margin:0px 0px 0px 0px; ' class='av-special-heading av-special-heading-h1  blockquote modern-quote modern-centered  avia-builder-el-2  el_before_av_hr  avia-builder-el-first  titular '><h1 class='av-special-heading-tag '  itemprop=\"headline\"  >Papel especial para hornos de uso industrial de Moret Packaging<\/h1><div class='special-heading-border'><div class='special-heading-inner-border' ><\/div><\/div><\/div><br \/>\n<div  style=' margin-top:10px; margin-bottom:10px;'  class='hr hr-custom hr-center hr-icon-no   avia-builder-el-3  el_after_av_heading  el_before_av_textblock '><span class='hr-inner  inner-border-av-border-thin' style=' width:50px; border-color:#333333;' ><span class='hr-inner-style'><\/span><\/span><\/div><br \/>\n<section class=\"av_textblock_section \"  itemscope=\"itemscope\" itemtype=\"https:\/\/schema.org\/CreativeWork\" ><div class='avia_textblock titular-destacado '   itemprop=\"text\" ><h2 style=\"text-align: center;\">Disponemos de papel especial para hornos en diferentes formatos para uso industrial.<br \/>\nSe trata de un papel apto para varios usos, resistente a las altas temperaturas y a la grasa.<\/h2>\n<\/div><\/section><\/p><\/div><\/div><\/div><\/div><!-- close content main div --><\/div><\/div><div id='av_section_2'  class='avia-section main_color avia-section-default avia-no-border-styling  avia-bg-style-scroll  avia-builder-el-5  el_after_av_one_full  avia-builder-el-last   container_wrap sidebar_right' style='background-color: #f9f9f9;  '  ><div class='container' ><div class='template-page content  av-content-small alpha units'><div class='post-entry post-entry-type-page post-entry-80'><div class='entry-content-wrapper clearfix'>\n<div class=\"flex_column av_one_full  flex_column_div av-zero-column-padding first  avia-builder-el-6  avia-builder-el-no-sibling  \" style='margin-top:30px; margin-bottom:30px; border-radius:0px; '><p><div  style='padding-bottom:20px; color:#333333;' class='av-special-heading av-special-heading-h2 custom-color-heading blockquote modern-quote modern-centered  avia-builder-el-7  el_before_av_tab_container  avia-builder-el-first  '><h2 class='av-special-heading-tag  av-mini-font-size-overwrite av-mini-font-size-20'  itemprop=\"headline\"  >P\u00cdDENOS M\u00c1S INFORMACI\u00d3N SIN COMPROMISO<\/h2><div class ='av-subheading av-subheading_below av_custom_color ' style='font-size:15px;'><p>Por favor, cumplimenta todos los datos.<\/p>\n<\/div><div class='special-heading-border'><div class='special-heading-inner-border' style='border-color:#333333'><\/div><\/div><\/div><br \/>\n<div  id=\"footerform\"  class=\"tabcontainer   top_tab   avia-builder-el-8  el_after_av_heading  avia-builder-el-last  camposform\" role=\"tablist\">\n\n<section class=\"av_tab_section\"  itemscope=\"itemscope\" itemtype=\"https:\/\/schema.org\/CreativeWork\" ><div aria-controls=\"tab-id-1-content\" role=\"tab\" tabindex=\"0\" data-fake-id=\"#tab-id-1\" class=\"tab active_tab\"  itemprop=\"headline\" ><span class='tab_icon' aria-hidden='true' data-av_icon='\ue8b1' data-av_iconfont='entypo-fontello'><\/span>Soy una empresa<\/div>\n<div id=\"tab-id-1-content\" class=\"tab_content active_tab_content\" aria-hidden=\"false\">\n<div class=\"tab_inner_content invers-color\"  itemprop=\"text\" >\n<p><script charset=\"utf-8\" type=\"text\/javascript\" src=\"\/\/js.hsforms.net\/forms\/shell.js\"><\/script><br \/>\n<script>\n  hbspt.forms.create({\n\tportalId: \"8722628\",\n\tformId: \"0426cfe2-bd6f-40b2-813d-9d87509abe8c\"\n});\n<\/script><\/p>\n\n<\/div>\n<\/div>\n<\/section>\n\n<section class=\"av_tab_section\"  itemscope=\"itemscope\" itemtype=\"https:\/\/schema.org\/CreativeWork\" ><div aria-controls=\"tab-id-2-content\" role=\"tab\" tabindex=\"0\" data-fake-id=\"#tab-id-2\" class=\"tab \"  itemprop=\"headline\" ><span class='tab_icon' aria-hidden='true' data-av_icon='\ue80a' data-av_iconfont='entypo-fontello'><\/span>Soy un particular<\/div>\n<div id=\"tab-id-2-content\" class=\"tab_content \" aria-hidden=\"true\">\n<div class=\"tab_inner_content invers-color\"  itemprop=\"text\" >\n<p>Le pondremos en contacto con su distribuidor m\u00e1s cercano.<br \/>\n<script charset=\"utf-8\" type=\"text\/javascript\" src=\"\/\/js.hsforms.net\/forms\/shell.js\"><\/script><br \/>\n<script>\n  hbspt.forms.create({\n\tportalId: \"8722628\",\n\tformId: \"40afcf30-aa2b-48e0-9e04-3ed7ded114f1\"\n});\n<\/script><\/p>\n\n<\/div>\n<\/div>\n<\/section>\n\n<\/div>\n<\/p><\/div>\n<\/div><\/div><\/div><!-- close content main div --><\/div><\/div><div id='after_section_2'  class='main_color av_default_container_wrap container_wrap sidebar_right' style=' '  ><div class='container' ><div class='template-page content  av-content-small alpha units'><div class='post-entry post-entry-type-page post-entry-80'><div class='entry-content-wrapper clearfix'><\/p>\n","protected":false},"excerpt":{"rendered":"","protected":false},"author":1,"featured_media":0,"parent":0,"menu_order":0,"comment_status":"closed","ping_status":"closed","template":"","meta":[],"yoast_head":"<!-- This site is optimized with the Yoast SEO plugin v15.5 - https:\/\/yoast.com\/wordpress\/plugins\/seo\/ -->\n<title>Papel especial para hornos de uso industrial de Moret Packaging<\/title>\n<meta name=\"description\" content=\"Papel especial para hornos de uso industrial de Moret Packaging. Se trata de un papel de gran durabilidad, resistente a las altas temperaturas y a la grasa.\" \/>\n<meta name=\"robots\" content=\"index, follow, max-snippet:-1, max-image-preview:large, max-video-preview:-1\" \/>\n<link rel=\"canonical\" href=\"https:\/\/moretpackaging.com\/interleaving\/papel-especial-para-hornos-de-uso-industrial\/\" \/>\n<meta property=\"og:locale\" content=\"es_ES\" \/>\n<meta property=\"og:type\" content=\"article\" \/>\n<meta property=\"og:title\" content=\"Papel especial para hornos de uso industrial de Moret Packaging\" \/>\n<meta property=\"og:description\" content=\"Papel especial para hornos de uso industrial de Moret Packaging. Se trata de un papel de gran durabilidad, resistente a las altas temperaturas y a la grasa.\" \/>\n<meta property=\"og:url\" content=\"https:\/\/moretpackaging.com\/interleaving\/papel-especial-para-hornos-de-uso-industrial\/\" \/>\n<meta property=\"og:site_name\" content=\"Interleaving\" \/>\n<meta property=\"article:modified_time\" content=\"2021-02-16T09:25:30+00:00\" \/>\n<meta name=\"twitter:card\" content=\"summary_large_image\" \/>\n<meta name=\"twitter:label1\" content=\"Tiempo de lectura\">\n\t<meta name=\"twitter:data1\" content=\"4 minutos\">\n<script type=\"application\/ld+json\" class=\"yoast-schema-graph\">{\"@context\":\"https:\/\/schema.org\",\"@graph\":[{\"@type\":\"WebSite\",\"@id\":\"https:\/\/moretpackaging.com\/interleaving\/#website\",\"url\":\"https:\/\/moretpackaging.com\/interleaving\/\",\"name\":\"Interleaving\",\"description\":\"Papel t\\u00e9cnico Interleaver para grandes industrias alimentarias\",\"potentialAction\":[{\"@type\":\"SearchAction\",\"target\":\"https:\/\/moretpackaging.com\/interleaving\/?s={search_term_string}\",\"query-input\":\"required name=search_term_string\"}],\"inLanguage\":\"es\"},{\"@type\":\"WebPage\",\"@id\":\"https:\/\/moretpackaging.com\/interleaving\/papel-especial-para-hornos-de-uso-industrial\/#webpage\",\"url\":\"https:\/\/moretpackaging.com\/interleaving\/papel-especial-para-hornos-de-uso-industrial\/\",\"name\":\"Papel especial para hornos de uso industrial de Moret Packaging\",\"isPartOf\":{\"@id\":\"https:\/\/moretpackaging.com\/interleaving\/#website\"},\"datePublished\":\"2020-12-15T15:17:05+00:00\",\"dateModified\":\"2021-02-16T09:25:30+00:00\",\"description\":\"Papel especial para hornos de uso industrial de Moret Packaging. Se trata de un papel de gran durabilidad, resistente a las altas temperaturas y a la grasa.\",\"inLanguage\":\"es\",\"potentialAction\":[{\"@type\":\"ReadAction\",\"target\":[\"https:\/\/moretpackaging.com\/interleaving\/papel-especial-para-hornos-de-uso-industrial\/\"]}]}]}<\/script>\n<!-- \/ Yoast SEO plugin. -->","_links":{"self":[{"href":"https:\/\/moretpackaging.com\/interleaving\/wp-json\/wp\/v2\/pages\/80"}],"collection":[{"href":"https:\/\/moretpackaging.com\/interleaving\/wp-json\/wp\/v2\/pages"}],"about":[{"href":"https:\/\/moretpackaging.com\/interleaving\/wp-json\/wp\/v2\/types\/page"}],"author":[{"embeddable":true,"href":"https:\/\/moretpackaging.com\/interleaving\/wp-json\/wp\/v2\/users\/1"}],"replies":[{"embeddable":true,"href":"https:\/\/moretpackaging.com\/interleaving\/wp-json\/wp\/v2\/comments?post=80"}],"version-history":[{"count":16,"href":"https:\/\/moretpackaging.com\/interleaving\/wp-json\/wp\/v2\/pages\/80\/revisions"}],"predecessor-version":[{"id":688,"href":"https:\/\/moretpackaging.com\/interleaving\/wp-json\/wp\/v2\/pages\/80\/revisions\/688"}],"wp:attachment":[{"href":"https:\/\/moretpackaging.com\/interleaving\/wp-json\/wp\/v2\/media?parent=80"}],"curies":[{"name":"wp","href":"https:\/\/api.w.org\/{rel}","templated":true}]}}